{"id":1415,"date":"2021-11-19T20:21:10","date_gmt":"2021-11-19T20:21:10","guid":{"rendered":"https:\/\/fittslawfirm.com\/condena-inversa-despues-de-las-inundaciones-de-los-embalses-de-addicks-y-barker\/"},"modified":"2026-01-08T19:38:31","modified_gmt":"2026-01-09T01:38:31","slug":"condena-inversa-despues-de-las-inundaciones-de-los-embalses-de-addicks-y-barker","status":"publish","type":"page","link":"https:\/\/fittslawfirm.com\/es\/condena-inversa-despues-de-las-inundaciones-de-los-embalses-de-addicks-y-barker\/","title":{"rendered":"Expropiaci\u00f3n inversa luego de las inundaciones de las represas de Addicks y Barker"},"content":{"rendered":"<h4><strong>\u00bfQu\u00e9 es la expropiaci\u00f3n inversa y c\u00f3mo se relaciona con las inundaciones del hurac\u00e1n Harvey?<\/strong><\/h4>\n<p>La expropiaci\u00f3n inversa es una acci\u00f3n judicial que se puede hacer valer cuando el gobierno toma su propiedad. A esto se le llama \u00abexpropiaci\u00f3n\u00bb. Es \u00abinversa\u00bb porque el gobierno no realiza una audiencia formal antes de tomar su propiedad. Por ejemplo, muchas personas han o\u00eddo hablar del dominio eminente, donde el gobierno toma su propiedad para uso p\u00fablico. Durante las acciones normales de dominio o expropiaci\u00f3n, el gobierno lleva a cabo un procedimiento formal antes de expropiar la propiedad. Sin embargo, una demanda de expropiaci\u00f3n inversa es una v\u00eda para recuperarse despu\u00e9s de que su propiedad haya sido tomada por el gobierno\u00a0<em>sin<\/em>\u00a0darle un procedimiento formal.<\/p>\n<p>Cuando el gobierno inund\u00f3 intencionalmente propiedades despu\u00e9s del hurac\u00e1n Harvey, los propietarios no recibieron una audiencia formal previamente, por lo que la v\u00eda legal a seguir es una demanda de expropiaci\u00f3n inversa.<\/p>\n<h4><strong>\u00bfContra qu\u00e9 entidad gubernamental se presenta una reclamaci\u00f3n de expropiaci\u00f3n inversa?<\/strong><\/h4>\n<p>Eso depende de d\u00f3nde se encuentre su propiedad. Si su propiedad fue inundada por las descargas de las represas de Barker y Addicks, entonces la demanda ser\u00eda contra el Cuerpo de Ingenieros del Ej\u00e9rcito y, posiblemente, contra el Distrito de Control de Inundaciones del Condado de Harris y la Ciudad de Houston. Dichas entidades gubernamentales tomaron la decisi\u00f3n de liberar agua. Si su propiedad fue inundada por la liberaci\u00f3n del lago Conroe, entonces se demandar\u00eda a la Autoridad del R\u00edo San Jacinto, que administra y opera el lago Conroe.<\/p>\n<p>Es importante saber a qu\u00e9 entidad gubernamental demandar: pues los resultados obtenidos podr\u00e1n ser dentro del marco de la ley federal o estatal. El Cuerpo de Ingenieros del Ej\u00e9rcito s\u00f3lo puede ser demandado ante el Tribunal de Reclamaciones Federales de los Estados Unidos, en Washington, DC. Una demanda contra el Cuerpo de Ingenieros se basa en la Quinta Enmienda de la Constituci\u00f3n de los Estados Unidos. La Quinta Enmienda afirma que si el gobierno federal toma su propiedad para uso p\u00fablico, entonces deber\u00e1 pagar una compensaci\u00f3n \u00abjusta\u00bb por la propiedad.<\/p>\n<p>Demandar una entidad local (por ejemplo, el Distrito de Control de Inundaciones del Condado de Harris) se basa en el Art\u00edculo I, Secci\u00f3n 17 de la Constituci\u00f3n de Texas. La Secci\u00f3n 17 establece que si el gobierno toma su propiedad para uso p\u00fablico, deber\u00e1 pagarle una compensaci\u00f3n \u00abadecuada\u00bb.<\/p>\n<h4><strong>He o\u00eddo que el sitio debe haber sido inundado varias veces para ser considerado una \u00abtoma\u00bb. \u00bfEs eso cierto?<\/strong><\/h4>\n<p>Hasta hace poco, muchos tribunales sosten\u00edan que una inundaci\u00f3n temporal o una inundaci\u00f3n \u00fanica no constitu\u00edan una toma. Sin embargo, en 2011, el fallo de la Corte Suprema de los Estados Unidos en Arkansas Fish &amp; Game declar\u00f3 que una inundaci\u00f3n \u00fanica puede ser considerada una toma. El Tribunal tambi\u00e9n estableci\u00f3 los factores que un tribunal deber\u00e1 considerar al decidir si se produjo o no una expropiaci\u00f3n durante una inundaci\u00f3n \u00fanica:<\/p>\n<ol>\n<li>Si el due\u00f1o de la propiedad tiene un\u00a0<strong>inter\u00e9s de propiedad protegible<\/strong>\u00a0de conformidad con la ley de Texas. Si es due\u00f1o de la propiedad afectada, es probable que tenga un inter\u00e9s de propiedad protegible conforme a la ley de Texas.<\/li>\n<li>El\u00a0<strong>tipo de propiedad<\/strong>\u00a0(incluso si era residencial o comercial, as\u00ed como el uso de la propiedad) y las \u00ab<strong>expectativas razonables respaldadas por la inversi\u00f3n<\/strong>\u00bb del propietario. Por ejemplo, este factor puede referirse a la expectativa del due\u00f1o de una propiedad sobre el valor de su propiedad a apreciar.<\/li>\n<li>Si el gobierno pod\u00eda\u00a0<strong>predecir<\/strong>\u00a0la inundaci\u00f3n como resultado de las descargas.<\/li>\n<li>Si las descargas\u00a0<strong>provocaron<\/strong>\u00a0la inundaci\u00f3n de la propiedad en cuesti\u00f3n.<\/li>\n<li>Cu\u00e1n\u00a0<strong>sustancial<\/strong>\u00a0fue el da\u00f1o a esa propiedad en particular.<\/li>\n<\/ol>\n<p>Generalmente, estos son los factores que un tribunal federal tomar\u00e1 en cuenta para decidir si se produjo una expropiaci\u00f3n durante una inundaci\u00f3n temporal.<\/p>\n<p><strong>He escuchado que desde que se present\u00f3 una demanda colectiva, se me incluir\u00e1 en la misma y no hay nada que pueda hacer. \u00bfEs cierto? <\/strong><\/p>\n<p>Ya se han presentado varias acciones colectivas contra cada entidad gubernamental descrita anteriormente. Estas demandas enfrentan desaf\u00edos adicionales. En una demanda colectiva, el juez tiene que aprobar dicha demanda. En esta situaci\u00f3n, las causas y efectos individuales de las inundaciones y da\u00f1os de cada propiedad pueden impedir que el juez certifique una demanda. Si la demanda colectiva fue certificada o aprobada en el Tribunal de Reclamaciones Federales de los Estados Unidos, el tribunal le dar\u00eda a usted la oportunidad de \u00abparticipar\u00bb. El Tribunal de Reclamaciones Federales de EE. UU. Requiere que cualquier miembro de la demanda elija formar parte de la misma, lo cual es diferente a c\u00f3mo operan la mayor\u00eda de las demandas colectivas.<\/p>\n<p>La resoluci\u00f3n de cualquier juez sobre una demanda colectiva es muy extensa. Los propietarios afectados por las descargas de las represas a\u00fan cuentan con mucho tiempo para decidir si continuar o no con una demanda de expropiaci\u00f3n y c\u00f3mo hacerla. No consideramos que una demanda colectiva sea apropiada para las inundaciones del hurac\u00e1n Harvey, recomendamos que los propietarios afectados presenten reclamaciones individuales con la ayuda de un abogado.<\/p>\n<p>Ahora, lo m\u00e1s importante que debe hacer cualquier propietario es hacer lo que mejor le convenga para su familia y asegurarse de superar este momento dif\u00edcil de manera segura. Mientras tanto, aseg\u00farese de documentar cada interacci\u00f3n con el ajustador o cualquier limpieza realizada a su propiedad de manera detallada. Documente mediante fotograf\u00edas y videos de los da\u00f1os que sufri\u00f3 la propiedad, tanto las estructuras como la propiedad personal. Escriba en un diario todo lo que pueda, conversaciones con vecinos, reuniones con ajustadores, cualquier cosa relacionada al da\u00f1o.<\/p>\n<p>Nuestros abogados expertos en inundaciones por huracanes est\u00e1n disponibles para responder cualquier pregunta que puedan tener los propietarios afectados por la liberaci\u00f3n de una represa, incluyendo el proceso de reclamaciones de seguros. Hemos ayudado a cientos de propietarios a recibir una compensaci\u00f3n justa debido a da\u00f1os a la propiedad de viviendas y negocios. Ll\u00e1menos al 713-871-1670 sin costo alguno para usted.<\/p>\n<p>&nbsp;<\/p>\n","protected":false},"excerpt":{"rendered":"<p>\u00bfQu\u00e9 es la expropiaci\u00f3n inversa y c\u00f3mo se relaciona con las inundaciones del hurac\u00e1n Harvey? La expropiaci\u00f3n inversa es una &#8230;<\/p>\n","protected":false},"author":2,"featured_media":0,"parent":0,"menu_order":0,"comment_status":"closed","ping_status":"closed","template":"","meta":{"footnotes":""},"class_list":["post-1415","page","type-page","status-publish","hentry"],"yoast_head":"<!-- This site is optimized with the Yoast SEO plugin v27.3 - https:\/\/yoast.com\/product\/yoast-seo-wordpress\/ -->\n<title>Expropiaci\u00f3n inversa luego de las inundaciones de las represas de Addicks y Barker<\/title>\n<meta name=\"description\" content=\"Hemos ayudado a cientos de propietarios a recibir una compensaci\u00f3n justa debido a da\u00f1os a la propiedad en su hogar y negocio. Ll\u00e1menos al 713-871-1670 sin costo alguno para usted.\" \/>\n<meta name=\"robots\" content=\"index, follow, max-snippet:-1, max-image-preview:large, max-video-preview:-1\" \/>\n<link rel=\"canonical\" href=\"https:\/\/fittslawfirm.com\/es\/condena-inversa-despues-de-las-inundaciones-de-los-embalses-de-addicks-y-barker\/\" \/>\n<meta property=\"og:locale\" content=\"es_ES\" \/>\n<meta property=\"og:type\" content=\"article\" \/>\n<meta property=\"og:title\" content=\"Expropiaci\u00f3n inversa luego de las inundaciones de las represas de Addicks y Barker\" \/>\n<meta property=\"og:description\" content=\"Hemos ayudado a cientos de propietarios a recibir una compensaci\u00f3n justa debido a da\u00f1os a la propiedad en su hogar y negocio. Ll\u00e1menos al 713-871-1670 sin costo alguno para usted.\" \/>\n<meta property=\"og:url\" content=\"https:\/\/fittslawfirm.com\/es\/condena-inversa-despues-de-las-inundaciones-de-los-embalses-de-addicks-y-barker\/\" \/>\n<meta property=\"og:site_name\" content=\"Fitts Law Firm\" \/>\n<meta property=\"article:publisher\" content=\"https:\/\/www.facebook.com\/FittsLawFirm\/\" \/>\n<meta property=\"article:modified_time\" content=\"2026-01-09T01:38:31+00:00\" \/>\n<meta property=\"og:image\" content=\"https:\/\/fittslawfirm.com\/wp-content\/uploads\/2023\/03\/Houston-civil-litigation-firm-banner.jpg\" \/>\n\t<meta property=\"og:image:width\" content=\"1200\" \/>\n\t<meta property=\"og:image:height\" content=\"583\" \/>\n\t<meta property=\"og:image:type\" content=\"image\/jpeg\" \/>\n<meta name=\"twitter:card\" content=\"summary_large_image\" \/>\n<meta name=\"twitter:label1\" content=\"Tiempo de lectura\" \/>\n\t<meta name=\"twitter:data1\" content=\"5 minutos\" \/>\n<script type=\"application\/ld+json\" class=\"yoast-schema-graph\">{\"@context\":\"https:\\\/\\\/schema.org\",\"@graph\":[{\"@type\":\"WebPage\",\"@id\":\"https:\\\/\\\/fittslawfirm.com\\\/es\\\/condena-inversa-despues-de-las-inundaciones-de-los-embalses-de-addicks-y-barker\\\/\",\"url\":\"https:\\\/\\\/fittslawfirm.com\\\/es\\\/condena-inversa-despues-de-las-inundaciones-de-los-embalses-de-addicks-y-barker\\\/\",\"name\":\"Expropiaci\u00f3n inversa luego de las inundaciones de las represas de Addicks y Barker\",\"isPartOf\":{\"@id\":\"https:\\\/\\\/fittslawfirm.com\\\/#website\"},\"datePublished\":\"2021-11-19T20:21:10+00:00\",\"dateModified\":\"2026-01-09T01:38:31+00:00\",\"description\":\"Hemos ayudado a cientos de propietarios a recibir una compensaci\u00f3n justa debido a da\u00f1os a la propiedad en su hogar y negocio. Ll\u00e1menos al 713-871-1670 sin costo alguno para usted.\",\"breadcrumb\":{\"@id\":\"https:\\\/\\\/fittslawfirm.com\\\/es\\\/condena-inversa-despues-de-las-inundaciones-de-los-embalses-de-addicks-y-barker\\\/#breadcrumb\"},\"inLanguage\":\"es\",\"potentialAction\":[{\"@type\":\"ReadAction\",\"target\":[\"https:\\\/\\\/fittslawfirm.com\\\/es\\\/condena-inversa-despues-de-las-inundaciones-de-los-embalses-de-addicks-y-barker\\\/\"]}]},{\"@type\":\"BreadcrumbList\",\"@id\":\"https:\\\/\\\/fittslawfirm.com\\\/es\\\/condena-inversa-despues-de-las-inundaciones-de-los-embalses-de-addicks-y-barker\\\/#breadcrumb\",\"itemListElement\":[{\"@type\":\"ListItem\",\"position\":1,\"name\":\"Home\",\"item\":\"https:\\\/\\\/fittslawfirm.com\\\/es\\\/pagina-de-inicio\\\/\"},{\"@type\":\"ListItem\",\"position\":2,\"name\":\"Expropiaci\u00f3n inversa luego de las inundaciones de las represas de Addicks y Barker\"}]},{\"@type\":\"WebSite\",\"@id\":\"https:\\\/\\\/fittslawfirm.com\\\/#website\",\"url\":\"https:\\\/\\\/fittslawfirm.com\\\/\",\"name\":\"Fitts Law Firm\",\"description\":\"Houston Texas Personal Injury and Insurance Attorney\",\"publisher\":{\"@id\":\"https:\\\/\\\/fittslawfirm.com\\\/#organization\"},\"alternateName\":\"Houston Civil Litigation Firm\",\"potentialAction\":[{\"@type\":\"SearchAction\",\"target\":{\"@type\":\"EntryPoint\",\"urlTemplate\":\"https:\\\/\\\/fittslawfirm.com\\\/?s={search_term_string}\"},\"query-input\":{\"@type\":\"PropertyValueSpecification\",\"valueRequired\":true,\"valueName\":\"search_term_string\"}}],\"inLanguage\":\"es\"},{\"@type\":\"Organization\",\"@id\":\"https:\\\/\\\/fittslawfirm.com\\\/#organization\",\"name\":\"Fitts Law Firm\",\"alternateName\":\"Houston Texas Personal Injury and Insurance Attorney\",\"url\":\"https:\\\/\\\/fittslawfirm.com\\\/\",\"logo\":{\"@type\":\"ImageObject\",\"inLanguage\":\"es\",\"@id\":\"https:\\\/\\\/fittslawfirm.com\\\/#\\\/schema\\\/logo\\\/image\\\/\",\"url\":\"https:\\\/\\\/fittslawfirm.com\\\/wp-content\\\/uploads\\\/2023\\\/03\\\/Houston-Civil-Law-Firm.jpg\",\"contentUrl\":\"https:\\\/\\\/fittslawfirm.com\\\/wp-content\\\/uploads\\\/2023\\\/03\\\/Houston-Civil-Law-Firm.jpg\",\"width\":300,\"height\":300,\"caption\":\"Fitts Law Firm\"},\"image\":{\"@id\":\"https:\\\/\\\/fittslawfirm.com\\\/#\\\/schema\\\/logo\\\/image\\\/\"},\"sameAs\":[\"https:\\\/\\\/www.facebook.com\\\/FittsLawFirm\\\/\",\"https:\\\/\\\/www.youtube.com\\\/@fittslawfirm\"]}]}<\/script>\n<!-- \/ Yoast SEO plugin. -->","yoast_head_json":{"title":"Expropiaci\u00f3n inversa luego de las inundaciones de las represas de Addicks y Barker","description":"Hemos ayudado a cientos de propietarios a recibir una compensaci\u00f3n justa debido a da\u00f1os a la propiedad en su hogar y negocio. Ll\u00e1menos al 713-871-1670 sin costo alguno para usted.","robots":{"index":"index","follow":"follow","max-snippet":"max-snippet:-1","max-image-preview":"max-image-preview:large","max-video-preview":"max-video-preview:-1"},"canonical":"https:\/\/fittslawfirm.com\/es\/condena-inversa-despues-de-las-inundaciones-de-los-embalses-de-addicks-y-barker\/","og_locale":"es_ES","og_type":"article","og_title":"Expropiaci\u00f3n inversa luego de las inundaciones de las represas de Addicks y Barker","og_description":"Hemos ayudado a cientos de propietarios a recibir una compensaci\u00f3n justa debido a da\u00f1os a la propiedad en su hogar y negocio. Ll\u00e1menos al 713-871-1670 sin costo alguno para usted.","og_url":"https:\/\/fittslawfirm.com\/es\/condena-inversa-despues-de-las-inundaciones-de-los-embalses-de-addicks-y-barker\/","og_site_name":"Fitts Law Firm","article_publisher":"https:\/\/www.facebook.com\/FittsLawFirm\/","article_modified_time":"2026-01-09T01:38:31+00:00","og_image":[{"width":1200,"height":583,"url":"https:\/\/fittslawfirm.com\/wp-content\/uploads\/2023\/03\/Houston-civil-litigation-firm-banner.jpg","type":"image\/jpeg"}],"twitter_card":"summary_large_image","twitter_misc":{"Tiempo de lectura":"5 minutos"},"schema":{"@context":"https:\/\/schema.org","@graph":[{"@type":"WebPage","@id":"https:\/\/fittslawfirm.com\/es\/condena-inversa-despues-de-las-inundaciones-de-los-embalses-de-addicks-y-barker\/","url":"https:\/\/fittslawfirm.com\/es\/condena-inversa-despues-de-las-inundaciones-de-los-embalses-de-addicks-y-barker\/","name":"Expropiaci\u00f3n inversa luego de las inundaciones de las represas de Addicks y Barker","isPartOf":{"@id":"https:\/\/fittslawfirm.com\/#website"},"datePublished":"2021-11-19T20:21:10+00:00","dateModified":"2026-01-09T01:38:31+00:00","description":"Hemos ayudado a cientos de propietarios a recibir una compensaci\u00f3n justa debido a da\u00f1os a la propiedad en su hogar y negocio. Ll\u00e1menos al 713-871-1670 sin costo alguno para usted.","breadcrumb":{"@id":"https:\/\/fittslawfirm.com\/es\/condena-inversa-despues-de-las-inundaciones-de-los-embalses-de-addicks-y-barker\/#breadcrumb"},"inLanguage":"es","potentialAction":[{"@type":"ReadAction","target":["https:\/\/fittslawfirm.com\/es\/condena-inversa-despues-de-las-inundaciones-de-los-embalses-de-addicks-y-barker\/"]}]},{"@type":"BreadcrumbList","@id":"https:\/\/fittslawfirm.com\/es\/condena-inversa-despues-de-las-inundaciones-de-los-embalses-de-addicks-y-barker\/#breadcrumb","itemListElement":[{"@type":"ListItem","position":1,"name":"Home","item":"https:\/\/fittslawfirm.com\/es\/pagina-de-inicio\/"},{"@type":"ListItem","position":2,"name":"Expropiaci\u00f3n inversa luego de las inundaciones de las represas de Addicks y Barker"}]},{"@type":"WebSite","@id":"https:\/\/fittslawfirm.com\/#website","url":"https:\/\/fittslawfirm.com\/","name":"Fitts Law Firm","description":"Houston Texas Personal Injury and Insurance Attorney","publisher":{"@id":"https:\/\/fittslawfirm.com\/#organization"},"alternateName":"Houston Civil Litigation Firm","potentialAction":[{"@type":"SearchAction","target":{"@type":"EntryPoint","urlTemplate":"https:\/\/fittslawfirm.com\/?s={search_term_string}"},"query-input":{"@type":"PropertyValueSpecification","valueRequired":true,"valueName":"search_term_string"}}],"inLanguage":"es"},{"@type":"Organization","@id":"https:\/\/fittslawfirm.com\/#organization","name":"Fitts Law Firm","alternateName":"Houston Texas Personal Injury and Insurance Attorney","url":"https:\/\/fittslawfirm.com\/","logo":{"@type":"ImageObject","inLanguage":"es","@id":"https:\/\/fittslawfirm.com\/#\/schema\/logo\/image\/","url":"https:\/\/fittslawfirm.com\/wp-content\/uploads\/2023\/03\/Houston-Civil-Law-Firm.jpg","contentUrl":"https:\/\/fittslawfirm.com\/wp-content\/uploads\/2023\/03\/Houston-Civil-Law-Firm.jpg","width":300,"height":300,"caption":"Fitts Law Firm"},"image":{"@id":"https:\/\/fittslawfirm.com\/#\/schema\/logo\/image\/"},"sameAs":["https:\/\/www.facebook.com\/FittsLawFirm\/","https:\/\/www.youtube.com\/@fittslawfirm"]}]}},"_links":{"self":[{"href":"https:\/\/fittslawfirm.com\/es\/wp-json\/wp\/v2\/pages\/1415","targetHints":{"allow":["GET"]}}],"collection":[{"href":"https:\/\/fittslawfirm.com\/es\/wp-json\/wp\/v2\/pages"}],"about":[{"href":"https:\/\/fittslawfirm.com\/es\/wp-json\/wp\/v2\/types\/page"}],"author":[{"embeddable":true,"href":"https:\/\/fittslawfirm.com\/es\/wp-json\/wp\/v2\/users\/2"}],"replies":[{"embeddable":true,"href":"https:\/\/fittslawfirm.com\/es\/wp-json\/wp\/v2\/comments?post=1415"}],"version-history":[{"count":0,"href":"https:\/\/fittslawfirm.com\/es\/wp-json\/wp\/v2\/pages\/1415\/revisions"}],"wp:attachment":[{"href":"https:\/\/fittslawfirm.com\/es\/wp-json\/wp\/v2\/media?parent=1415"}],"curies":[{"name":"wp","href":"https:\/\/api.w.org\/{rel}","templated":true}]}}