{"id":1413,"date":"2021-11-19T20:21:08","date_gmt":"2021-11-19T20:21:08","guid":{"rendered":"https:\/\/fittslawfirm.com\/areas-de-practica\/malla-transvaginal\/"},"modified":"2026-01-08T19:57:25","modified_gmt":"2026-01-09T01:57:25","slug":"malla-transvaginal","status":"publish","type":"page","link":"https:\/\/fittslawfirm.com\/es\/areas-de-practica\/malla-transvaginal\/","title":{"rendered":"Malla transvaginal"},"content":{"rendered":"<section class=\"wpb-content-wrapper\"><p>[vc_row][vc_column][vc_column_text]<img decoding=\"async\" class=\"alignright size-full wp-image-918\" src=\"https:\/\/fittslawfirm.com\/wp-content\/uploads\/2016\/07\/Transvaginal-Mesh-lawyer-1.jpg\" alt=\"Transvaginal Mesh lawyer\" width=\"500\" height=\"351\" srcset=\"https:\/\/fittslawfirm.com\/wp-content\/uploads\/2016\/07\/Transvaginal-Mesh-lawyer-1.jpg 500w, https:\/\/fittslawfirm.com\/wp-content\/uploads\/2016\/07\/Transvaginal-Mesh-lawyer-1-300x211.jpg 300w\" sizes=\"(max-width: 500px) 100vw, 500px\" \/>Originalmente pensada para ser una soluci\u00f3n quir\u00fargica de rutina para las condiciones de salud femeninas comunes, la malla quir\u00fargica transvaginal se ha relacionado con una serie de complicaciones y lesiones para las pacientes. Si a usted le practicaron una cirug\u00eda de implante de malla transvaginal (tambi\u00e9n conocida como TVM) y sufri\u00f3 lesiones derivadas de dicha cirug\u00eda, usted no est\u00e1 sola. Ya decenas de miles de mujeres han presentado demandas debido a lesiones derivadas de complicaciones asociadas con el procedimiento de TVM. El nivel de incidentes alcanz\u00f3 niveles tan altos que la FDA emiti\u00f3 una <a href=\"http:\/\/www.fda.gov\/medicaldevices\/productsandmedicalprocedures\/implantsandprosthetics\/urogynsurgicalmesh\/\">declaraci\u00f3n<\/a> advirtiendo contra los peligros involucrados en la implantaci\u00f3n de la TVM.<\/p>\n<h2>\u00bfQu\u00e9 es TVM?<\/h2>\n<p>\u00abTVM\u00bb son las siglas en ingl\u00e9s de malla transvaginal, una malla quir\u00fargica que se inserta en el cuerpo. Hay varios tipos de malla quir\u00fargica pero cuando se inserta a trav\u00e9s de la vagina, el implante de malla se considera transvaginal. La TVM tambi\u00e9n se conoce com\u00fanmente como malla vaginal, malla p\u00e9lvica o cabestrillo p\u00e9lvico, misma que fue creada para tratar ciertas condiciones de salud comunes en las mujeres, principalmente:<\/p>\n<ul>\n<li>Prolapso de \u00f3rganos p\u00e9lvicos (POP)<\/li>\n<\/ul>\n<p>El POP es una condici\u00f3n de salud femenina com\u00fan y bien documentada en la que los m\u00fasculos del piso p\u00e9lvico se debilitan, lo que resulta en el desplazamiento de uno o m\u00e1s \u00f3rganos de la posici\u00f3n normal al canal vaginal. En casos m\u00e1s graves, el abdomen comenzar\u00e1 a abultarse a medida que el tejido se desplaza y, en casos extremos, el \u00fatero puede salir completamente de la vagina.<\/p>\n<ul>\n<li>Incontinencia urinaria de esfuerzo (SUI, por sus siglas en ingl\u00e9s):<\/li>\n<\/ul>\n<p>Es m\u00e1s frecuente entre las mujeres que entre los hombres, la SUI es la liberaci\u00f3n involuntaria de orina de la vejiga. Las actividades f\u00edsicas como toser, estornudar, correr, re\u00edr o incluso hacer cualquier esfuerzo pueden hacer que los m\u00fasculos de la vejiga se contraigan y se produzca la micci\u00f3n.<\/p>\n<p>Tr\u00e1gicamente, el implante de TVM se ha relacionado con una serie de efectos adversos para la salud y complicaciones que dejan a muchos pacientes emocional, f\u00edsica y financieramente agotados.<\/p>\n<h2>Lesiones vinculadas al implante de TVM<\/h2>\n<p>El implante de TVM se ha vinculado a un extenso cat\u00e1logo de efectos adversos para la salud. Algunas de las lesiones m\u00e1s comunes relacionadas con TVM incluyen:<\/p>\n<ul>\n<li>Problemas urinarios como dolor, dificultad para orinar u obstrucci\u00f3n del tracto urinario.<\/li>\n<li>Relaciones sexuales dolorosas (dispareunia).<\/li>\n<li>Recurrencia de incontinencia o prolapso despu\u00e9s del procedimiento.<\/li>\n<li>Desgaste de la malla vaginal a trav\u00e9s del tejido vaginal.<\/li>\n<li>Lesi\u00f3n o perforaci\u00f3n de los intestinos, la vejiga, los vasos sangu\u00edneos u otros \u00f3rganos internos.<\/li>\n<li>Dolor, malestar inexplicable o neurop\u00e1tico.<\/li>\n<li>Infecci\u00f3n, cicatrizaci\u00f3n, sangrado, entre otras complicaciones.<\/li>\n<\/ul>\n<p>Si a usted le practicaron una cirug\u00eda de TVM y cree estar experimentando efectos adversos, posiblemente usted sea elegible para obtener una indemnizaci\u00f3n. Un abogado de Houston experto en lesiones f\u00edsicas, especializado en el caso de implantes TVM podr\u00e1 ayudar a obtener la compensaci\u00f3n por da\u00f1os que se le puedan llegar a deber a usted.<\/p>\n<h2>\u00bfTengo derecho a recibir una indemnizaci\u00f3n debido a una reclamaci\u00f3n por TVM?<\/h2>\n<p>Si le practicaron una cirug\u00eda de implante de TVM y ahora est\u00e1 experimentando efectos adversos, usted necesitar\u00e1 a un abogado determinado y experto en lesiones f\u00edsicas, especializado en demandas y en casos de implantes de TVM para obtener la compensaci\u00f3n por da\u00f1os que se le puedan llegar a deber. Existe un estatuto de limitaci\u00f3n sobre la presentaci\u00f3n de demandas por casos de TVM, lo que demuestra a\u00fan m\u00e1s la importancia de contratar inmediatamente a un abogado de Houston experto en lesiones f\u00edsicas, experimentado, en\u00e9rgico y determinado, adem\u00e1s que cuente con un amplio conocimiento en demandas por implantes de TVM.<\/p>\n<p>Los casos de TVM pueden complicarse debido a muchos factores, incluyendo el personal m\u00e9dico, la fecha del procedimiento, el fabricante, el tipo de lesi\u00f3n y el hospital. Adem\u00e1s, las demandas pueden tornarse confusas a medida que se agregan da\u00f1os por dolor, gastos m\u00e9dicos, salarios perdidos, entre otras complicaciones.<\/p>\n<h2>P\u00f3ngase en contacto con un abogado para el caso de TVM, ahora mismo<\/h2>\n<p>Las complicaciones de un implante de TVM pueden dejar un impacto muy negativo en su vida. El dolor y la incomodidad crean una barrera que le impide disfrutar de su estilo de vida. Adem\u00e1s, la condici\u00f3n original que el procedimiento TVM pretend\u00eda tratar a\u00fan puede existir, incluso despu\u00e9s del procedimiento, debido al desplazamiento y el desgaste del mismo.<\/p>\n<p>Entendemos que los casos de TVM pueden ser dif\u00edciles de hablar. Siempre lo trataremos con el m\u00e1s alto nivel de respeto y tacto, adem\u00e1s haremos todo lo posible para que usted se sienta c\u00f3moda. En el Bufete de Abogados Fitts tenemos el conocimiento, la experiencia y la pasi\u00f3n para luchar por las mujeres que se han visto perjudicadas por el implante de TVM. No permita que se agote el plazo del estatuto de limitaci\u00f3n en su reclamo, \u00a1comun\u00edquese con el Bufete de Abogados Fitts hoy mismo para obtener su consulta gratuita![\/vc_column_text][\/vc_column][\/vc_row]<\/p>\n<h2>Complete el formulario para obtener una revisi\u00f3n gratuita sobre su caso<\/h2>\n\n<div class=\"wpcf7 no-js\" id=\"wpcf7-f639-o1\" lang=\"en-US\" dir=\"ltr\" data-wpcf7-id=\"639\">\n<div class=\"screen-reader-response\"><p role=\"status\" aria-live=\"polite\" aria-atomic=\"true\"><\/p> <ul><\/ul><\/div>\n<form action=\"\/es\/wp-json\/wp\/v2\/pages\/1413#wpcf7-f639-o1\" method=\"post\" class=\"wpcf7-form init\" aria-label=\"Contact form\" novalidate=\"novalidate\" data-status=\"init\">\n<fieldset class=\"hidden-fields-container\"><input type=\"hidden\" name=\"_wpcf7\" value=\"639\" \/><input type=\"hidden\" name=\"_wpcf7_version\" value=\"6.1.5\" \/><input type=\"hidden\" name=\"_wpcf7_locale\" value=\"en_US\" \/><input type=\"hidden\" name=\"_wpcf7_unit_tag\" value=\"wpcf7-f639-o1\" \/><input type=\"hidden\" name=\"_wpcf7_container_post\" value=\"0\" \/><input type=\"hidden\" name=\"_wpcf7_posted_data_hash\" value=\"\" \/><input type=\"hidden\" name=\"_wpcf7_recaptcha_response\" value=\"\" \/>\n<\/fieldset>\n<div class=\"form_1_2\">\n\t<p><span class=\"wpcf7-form-control-wrap\" data-name=\"first-name\"><input size=\"40\" maxlength=\"400\" class=\"wpcf7-form-control wpcf7-text wpcf7-validates-as-required\" aria-required=\"true\" aria-invalid=\"false\" placeholder=\"First Name *\" value=\"\" type=\"text\" name=\"first-name\" \/><\/span>\n\t<\/p>\n<\/div>\n<div class=\"form_1_2 last\">\n\t<p><span class=\"wpcf7-form-control-wrap\" data-name=\"last-name\"><input size=\"40\" maxlength=\"400\" class=\"wpcf7-form-control wpcf7-text wpcf7-validates-as-required\" aria-required=\"true\" aria-invalid=\"false\" placeholder=\"Last Name *\" value=\"\" type=\"text\" name=\"last-name\" \/><\/span>\n\t<\/p>\n<\/div>\n<div class=\"clear\">\n<\/div>\n<div class=\"form_1_2\">\n\t<p><span class=\"wpcf7-form-control-wrap\" data-name=\"your-email\"><input size=\"40\" maxlength=\"400\" class=\"wpcf7-form-control wpcf7-email wpcf7-validates-as-required wpcf7-text wpcf7-validates-as-email\" aria-required=\"true\" aria-invalid=\"false\" placeholder=\"Your Email *\" value=\"\" type=\"email\" name=\"your-email\" \/><\/span>\n\t<\/p>\n<\/div>\n<div class=\"form_1_2 last\">\n\t<p><span class=\"wpcf7-form-control-wrap\" data-name=\"tel-879\"><input size=\"40\" maxlength=\"400\" class=\"wpcf7-form-control wpcf7-tel wpcf7-validates-as-required wpcf7-text wpcf7-validates-as-tel\" aria-required=\"true\" aria-invalid=\"false\" placeholder=\"Your Phone Number *\" value=\"\" type=\"tel\" name=\"tel-879\" \/><\/span>\n\t<\/p>\n<\/div>\n<div class=\"clear\">\n<\/div>\n<p><span class=\"wpcf7-form-control-wrap\" data-name=\"case-details\"><textarea cols=\"40\" rows=\"10\" maxlength=\"2000\" class=\"wpcf7-form-control wpcf7-textarea\" aria-invalid=\"false\" placeholder=\"Case Details\" name=\"case-details\"><\/textarea><\/span>\n<\/p>\n<p><input class=\"wpcf7-form-control wpcf7-submit has-spinner btn btn-large btn-secondary\" type=\"submit\" value=\"Submit Evaluation\" \/>\n<\/p><div class=\"wpcf7-response-output\" aria-hidden=\"true\"><\/div>\n<\/form>\n<\/div>\n\n<\/section>","protected":false},"excerpt":{"rendered":"<p>Los implantes de malla transvaginal (TVM, por sus siglas en ingl\u00e9s) han sido relacionados con una serie de efectos secundarios adversos y problemas de salud persistentes. La FDA ha advertido oficialmente sobre los riesgos asociados a TVM. Si a usted le practicaron una cirug\u00eda de TVM y cree estar experimentando efectos adversos, posiblemente usted sea elegible para obtener una indemnizaci\u00f3n. Lucharemos en\u00e9rgicamente por las mujeres que se han visto afectadas por la cirug\u00eda de TVM.<\/p>\n","protected":false},"author":6,"featured_media":0,"parent":1392,"menu_order":0,"comment_status":"closed","ping_status":"closed","template":"","meta":{"footnotes":""},"class_list":["post-1413","page","type-page","status-publish","hentry"],"yoast_head":"<!-- This site is optimized with the Yoast SEO plugin v27.3 - https:\/\/yoast.com\/product\/yoast-seo-wordpress\/ -->\n<title>Abogado experto en el caso de implantes de malla transvaginal, en Houston | Bufete de abogados Fitts, PLLC<\/title>\n<meta name=\"description\" content=\"\u00bfUsted ha experimentado complicaciones debido a un implante de malla transvaginal? Comun\u00edquese con los abogados del Bufete de Abogados Fitts, PLLC para obtener una consulta gratuita.\" \/>\n<meta name=\"robots\" content=\"index, follow, max-snippet:-1, max-image-preview:large, max-video-preview:-1\" \/>\n<link rel=\"canonical\" href=\"https:\/\/fittslawfirm.com\/es\/areas-de-practica\/malla-transvaginal\/\" \/>\n<meta property=\"og:locale\" content=\"es_ES\" \/>\n<meta property=\"og:type\" content=\"article\" \/>\n<meta property=\"og:title\" content=\"Abogado experto en el caso de implantes de malla transvaginal, en Houston | Bufete de abogados Fitts, PLLC\" \/>\n<meta property=\"og:description\" content=\"\u00bfUsted ha experimentado complicaciones debido a un implante de malla transvaginal? Comun\u00edquese con los abogados del Bufete de Abogados Fitts, PLLC para obtener una consulta gratuita.\" \/>\n<meta property=\"og:url\" content=\"https:\/\/fittslawfirm.com\/es\/areas-de-practica\/malla-transvaginal\/\" \/>\n<meta property=\"og:site_name\" content=\"Fitts Law Firm\" \/>\n<meta property=\"article:publisher\" content=\"https:\/\/www.facebook.com\/FittsLawFirm\/\" \/>\n<meta property=\"article:modified_time\" content=\"2026-01-09T01:57:25+00:00\" \/>\n<meta property=\"og:image\" content=\"https:\/\/fittslawfirm.com\/wp-content\/uploads\/2016\/07\/Transvaginal-Mesh-lawyer-1.jpg\" \/>\n<meta name=\"twitter:card\" content=\"summary_large_image\" \/>\n<meta name=\"twitter:label1\" content=\"Tiempo de lectura\" \/>\n\t<meta name=\"twitter:data1\" content=\"4 minutos\" \/>\n<script type=\"application\/ld+json\" class=\"yoast-schema-graph\">{\"@context\":\"https:\\\/\\\/schema.org\",\"@graph\":[{\"@type\":\"WebPage\",\"@id\":\"https:\\\/\\\/fittslawfirm.com\\\/es\\\/areas-de-practica\\\/malla-transvaginal\\\/\",\"url\":\"https:\\\/\\\/fittslawfirm.com\\\/es\\\/areas-de-practica\\\/malla-transvaginal\\\/\",\"name\":\"Abogado experto en el caso de implantes de malla transvaginal, en Houston | Bufete de abogados Fitts, PLLC\",\"isPartOf\":{\"@id\":\"https:\\\/\\\/fittslawfirm.com\\\/#website\"},\"primaryImageOfPage\":{\"@id\":\"https:\\\/\\\/fittslawfirm.com\\\/es\\\/areas-de-practica\\\/malla-transvaginal\\\/#primaryimage\"},\"image\":{\"@id\":\"https:\\\/\\\/fittslawfirm.com\\\/es\\\/areas-de-practica\\\/malla-transvaginal\\\/#primaryimage\"},\"thumbnailUrl\":\"https:\\\/\\\/fittslawfirm.com\\\/wp-content\\\/uploads\\\/2016\\\/07\\\/Transvaginal-Mesh-lawyer-1.jpg\",\"datePublished\":\"2021-11-19T20:21:08+00:00\",\"dateModified\":\"2026-01-09T01:57:25+00:00\",\"description\":\"\u00bfUsted ha experimentado complicaciones debido a un implante de malla transvaginal? Comun\u00edquese con los abogados del Bufete de Abogados Fitts, PLLC para obtener una consulta gratuita.\",\"breadcrumb\":{\"@id\":\"https:\\\/\\\/fittslawfirm.com\\\/es\\\/areas-de-practica\\\/malla-transvaginal\\\/#breadcrumb\"},\"inLanguage\":\"es\",\"potentialAction\":[{\"@type\":\"ReadAction\",\"target\":[\"https:\\\/\\\/fittslawfirm.com\\\/es\\\/areas-de-practica\\\/malla-transvaginal\\\/\"]}]},{\"@type\":\"ImageObject\",\"inLanguage\":\"es\",\"@id\":\"https:\\\/\\\/fittslawfirm.com\\\/es\\\/areas-de-practica\\\/malla-transvaginal\\\/#primaryimage\",\"url\":\"https:\\\/\\\/fittslawfirm.com\\\/wp-content\\\/uploads\\\/2016\\\/07\\\/Transvaginal-Mesh-lawyer-1.jpg\",\"contentUrl\":\"https:\\\/\\\/fittslawfirm.com\\\/wp-content\\\/uploads\\\/2016\\\/07\\\/Transvaginal-Mesh-lawyer-1.jpg\"},{\"@type\":\"BreadcrumbList\",\"@id\":\"https:\\\/\\\/fittslawfirm.com\\\/es\\\/areas-de-practica\\\/malla-transvaginal\\\/#breadcrumb\",\"itemListElement\":[{\"@type\":\"ListItem\",\"position\":1,\"name\":\"Home\",\"item\":\"https:\\\/\\\/fittslawfirm.com\\\/es\\\/pagina-de-inicio\\\/\"},{\"@type\":\"ListItem\",\"position\":2,\"name\":\"\u00c1reas de pr\u00e1ctica\",\"item\":\"https:\\\/\\\/fittslawfirm.com\\\/es\\\/areas-de-practica\\\/\"},{\"@type\":\"ListItem\",\"position\":3,\"name\":\"Malla transvaginal\"}]},{\"@type\":\"WebSite\",\"@id\":\"https:\\\/\\\/fittslawfirm.com\\\/#website\",\"url\":\"https:\\\/\\\/fittslawfirm.com\\\/\",\"name\":\"Fitts Law Firm\",\"description\":\"Houston Texas Personal Injury and Insurance Attorney\",\"publisher\":{\"@id\":\"https:\\\/\\\/fittslawfirm.com\\\/#organization\"},\"alternateName\":\"Houston Civil Litigation Firm\",\"potentialAction\":[{\"@type\":\"SearchAction\",\"target\":{\"@type\":\"EntryPoint\",\"urlTemplate\":\"https:\\\/\\\/fittslawfirm.com\\\/?s={search_term_string}\"},\"query-input\":{\"@type\":\"PropertyValueSpecification\",\"valueRequired\":true,\"valueName\":\"search_term_string\"}}],\"inLanguage\":\"es\"},{\"@type\":\"Organization\",\"@id\":\"https:\\\/\\\/fittslawfirm.com\\\/#organization\",\"name\":\"Fitts Law Firm\",\"alternateName\":\"Houston Texas Personal Injury and Insurance Attorney\",\"url\":\"https:\\\/\\\/fittslawfirm.com\\\/\",\"logo\":{\"@type\":\"ImageObject\",\"inLanguage\":\"es\",\"@id\":\"https:\\\/\\\/fittslawfirm.com\\\/#\\\/schema\\\/logo\\\/image\\\/\",\"url\":\"https:\\\/\\\/fittslawfirm.com\\\/wp-content\\\/uploads\\\/2023\\\/03\\\/Houston-Civil-Law-Firm.jpg\",\"contentUrl\":\"https:\\\/\\\/fittslawfirm.com\\\/wp-content\\\/uploads\\\/2023\\\/03\\\/Houston-Civil-Law-Firm.jpg\",\"width\":300,\"height\":300,\"caption\":\"Fitts Law Firm\"},\"image\":{\"@id\":\"https:\\\/\\\/fittslawfirm.com\\\/#\\\/schema\\\/logo\\\/image\\\/\"},\"sameAs\":[\"https:\\\/\\\/www.facebook.com\\\/FittsLawFirm\\\/\",\"https:\\\/\\\/www.youtube.com\\\/@fittslawfirm\"]}]}<\/script>\n<!-- \/ Yoast SEO plugin. -->","yoast_head_json":{"title":"Abogado experto en el caso de implantes de malla transvaginal, en Houston | Bufete de abogados Fitts, PLLC","description":"\u00bfUsted ha experimentado complicaciones debido a un implante de malla transvaginal? Comun\u00edquese con los abogados del Bufete de Abogados Fitts, PLLC para obtener una consulta gratuita.","robots":{"index":"index","follow":"follow","max-snippet":"max-snippet:-1","max-image-preview":"max-image-preview:large","max-video-preview":"max-video-preview:-1"},"canonical":"https:\/\/fittslawfirm.com\/es\/areas-de-practica\/malla-transvaginal\/","og_locale":"es_ES","og_type":"article","og_title":"Abogado experto en el caso de implantes de malla transvaginal, en Houston | Bufete de abogados Fitts, PLLC","og_description":"\u00bfUsted ha experimentado complicaciones debido a un implante de malla transvaginal? Comun\u00edquese con los abogados del Bufete de Abogados Fitts, PLLC para obtener una consulta gratuita.","og_url":"https:\/\/fittslawfirm.com\/es\/areas-de-practica\/malla-transvaginal\/","og_site_name":"Fitts Law Firm","article_publisher":"https:\/\/www.facebook.com\/FittsLawFirm\/","article_modified_time":"2026-01-09T01:57:25+00:00","og_image":[{"url":"https:\/\/fittslawfirm.com\/wp-content\/uploads\/2016\/07\/Transvaginal-Mesh-lawyer-1.jpg","type":"","width":"","height":""}],"twitter_card":"summary_large_image","twitter_misc":{"Tiempo de lectura":"4 minutos"},"schema":{"@context":"https:\/\/schema.org","@graph":[{"@type":"WebPage","@id":"https:\/\/fittslawfirm.com\/es\/areas-de-practica\/malla-transvaginal\/","url":"https:\/\/fittslawfirm.com\/es\/areas-de-practica\/malla-transvaginal\/","name":"Abogado experto en el caso de implantes de malla transvaginal, en Houston | Bufete de abogados Fitts, PLLC","isPartOf":{"@id":"https:\/\/fittslawfirm.com\/#website"},"primaryImageOfPage":{"@id":"https:\/\/fittslawfirm.com\/es\/areas-de-practica\/malla-transvaginal\/#primaryimage"},"image":{"@id":"https:\/\/fittslawfirm.com\/es\/areas-de-practica\/malla-transvaginal\/#primaryimage"},"thumbnailUrl":"https:\/\/fittslawfirm.com\/wp-content\/uploads\/2016\/07\/Transvaginal-Mesh-lawyer-1.jpg","datePublished":"2021-11-19T20:21:08+00:00","dateModified":"2026-01-09T01:57:25+00:00","description":"\u00bfUsted ha experimentado complicaciones debido a un implante de malla transvaginal? Comun\u00edquese con los abogados del Bufete de Abogados Fitts, PLLC para obtener una consulta gratuita.","breadcrumb":{"@id":"https:\/\/fittslawfirm.com\/es\/areas-de-practica\/malla-transvaginal\/#breadcrumb"},"inLanguage":"es","potentialAction":[{"@type":"ReadAction","target":["https:\/\/fittslawfirm.com\/es\/areas-de-practica\/malla-transvaginal\/"]}]},{"@type":"ImageObject","inLanguage":"es","@id":"https:\/\/fittslawfirm.com\/es\/areas-de-practica\/malla-transvaginal\/#primaryimage","url":"https:\/\/fittslawfirm.com\/wp-content\/uploads\/2016\/07\/Transvaginal-Mesh-lawyer-1.jpg","contentUrl":"https:\/\/fittslawfirm.com\/wp-content\/uploads\/2016\/07\/Transvaginal-Mesh-lawyer-1.jpg"},{"@type":"BreadcrumbList","@id":"https:\/\/fittslawfirm.com\/es\/areas-de-practica\/malla-transvaginal\/#breadcrumb","itemListElement":[{"@type":"ListItem","position":1,"name":"Home","item":"https:\/\/fittslawfirm.com\/es\/pagina-de-inicio\/"},{"@type":"ListItem","position":2,"name":"\u00c1reas de pr\u00e1ctica","item":"https:\/\/fittslawfirm.com\/es\/areas-de-practica\/"},{"@type":"ListItem","position":3,"name":"Malla transvaginal"}]},{"@type":"WebSite","@id":"https:\/\/fittslawfirm.com\/#website","url":"https:\/\/fittslawfirm.com\/","name":"Fitts Law Firm","description":"Houston Texas Personal Injury and Insurance Attorney","publisher":{"@id":"https:\/\/fittslawfirm.com\/#organization"},"alternateName":"Houston Civil Litigation Firm","potentialAction":[{"@type":"SearchAction","target":{"@type":"EntryPoint","urlTemplate":"https:\/\/fittslawfirm.com\/?s={search_term_string}"},"query-input":{"@type":"PropertyValueSpecification","valueRequired":true,"valueName":"search_term_string"}}],"inLanguage":"es"},{"@type":"Organization","@id":"https:\/\/fittslawfirm.com\/#organization","name":"Fitts Law Firm","alternateName":"Houston Texas Personal Injury and Insurance Attorney","url":"https:\/\/fittslawfirm.com\/","logo":{"@type":"ImageObject","inLanguage":"es","@id":"https:\/\/fittslawfirm.com\/#\/schema\/logo\/image\/","url":"https:\/\/fittslawfirm.com\/wp-content\/uploads\/2023\/03\/Houston-Civil-Law-Firm.jpg","contentUrl":"https:\/\/fittslawfirm.com\/wp-content\/uploads\/2023\/03\/Houston-Civil-Law-Firm.jpg","width":300,"height":300,"caption":"Fitts Law Firm"},"image":{"@id":"https:\/\/fittslawfirm.com\/#\/schema\/logo\/image\/"},"sameAs":["https:\/\/www.facebook.com\/FittsLawFirm\/","https:\/\/www.youtube.com\/@fittslawfirm"]}]}},"_links":{"self":[{"href":"https:\/\/fittslawfirm.com\/es\/wp-json\/wp\/v2\/pages\/1413","targetHints":{"allow":["GET"]}}],"collection":[{"href":"https:\/\/fittslawfirm.com\/es\/wp-json\/wp\/v2\/pages"}],"about":[{"href":"https:\/\/fittslawfirm.com\/es\/wp-json\/wp\/v2\/types\/page"}],"author":[{"embeddable":true,"href":"https:\/\/fittslawfirm.com\/es\/wp-json\/wp\/v2\/users\/6"}],"replies":[{"embeddable":true,"href":"https:\/\/fittslawfirm.com\/es\/wp-json\/wp\/v2\/comments?post=1413"}],"version-history":[{"count":0,"href":"https:\/\/fittslawfirm.com\/es\/wp-json\/wp\/v2\/pages\/1413\/revisions"}],"up":[{"embeddable":true,"href":"https:\/\/fittslawfirm.com\/es\/wp-json\/wp\/v2\/pages\/1392"}],"wp:attachment":[{"href":"https:\/\/fittslawfirm.com\/es\/wp-json\/wp\/v2\/media?parent=1413"}],"curies":[{"name":"wp","href":"https:\/\/api.w.org\/{rel}","templated":true}]}}