{"id":1412,"date":"2021-11-19T20:21:07","date_gmt":"2021-11-19T20:21:07","guid":{"rendered":"https:\/\/fittslawfirm.com\/abogados-de-incendios-y-explosion-de-plantas\/abogado-de-explosion-de-exxon-bayton-texas\/"},"modified":"2021-11-24T17:15:18","modified_gmt":"2021-11-24T17:15:18","slug":"abogado-de-explosion-de-exxon-bayton-texas","status":"publish","type":"page","link":"https:\/\/fittslawfirm.com\/es\/abogados-de-incendios-y-explosion-de-plantas\/abogado-de-explosion-de-exxon-bayton-texas\/","title":{"rendered":"Abogado para el caso de Explosi\u00f3n de Exxon en Bayton Texas"},"content":{"rendered":"<section class=\"wpb-content-wrapper\"><p>[vc_row][vc_column][vc_column_text]<\/p>\n<h3>\u00bfQu\u00e9 caus\u00f3 el incendio y la explosi\u00f3n de Exxon Baytown en Texas, el 31 de julio de 2019?<\/h3>\n<p>Seg\u00fan los informes iniciales, la explosi\u00f3n se desencaden\u00f3 cuando una gr\u00faa estaba en funcionamiento. No se conoce otra informaci\u00f3n hasta el momento. Seg\u00fan nuestra experiencia, la mayor\u00eda de los incendios como este se originan debido a errores humanos o a la falta de una pol\u00edtica y procedimientos para prevenir incidentes como este. El Houston Chronicle informa que m\u00e1s de treinta trabajadores resultaron heridos. Se orden\u00f3 la creaci\u00f3n de un refugio en el lugar para las \u00e1reas circundantes.<\/p>\n<h3>\u00bfQu\u00e9 productos qu\u00edmicos se estaban quemando?<\/h3>\n<p>Hasta ahora, no sabemos qu\u00e9 fue lo que se incendi\u00f3 y explot\u00f3. Sabemos que el incendio comenz\u00f3 alrededor de las 11 am cst y se ocurri\u00f3 en el \u00e1rea utilizada para purificar el propileno qu\u00edmico. Este material se utiliza como combustible y para fabricar pl\u00e1sticos.<\/p>\n<h3>\u00bfQu\u00e9 tipo de lesiones y da\u00f1os han sufrido las personas?<\/h3>\n<ul>\n<li>Los informes iniciales indican que algunos trabajadores han sufrido quemaduras y lesiones \u00abmenores\u00bb. En nuestra experiencia de representaci\u00f3n de personas lesionadas por la explosi\u00f3n de una planta o refiner\u00edas, las empresas siempre minimizan la gravedad de las lesiones en la explosi\u00f3n de una planta, especialmente en los informes iniciales.<\/li>\n<\/ul>\n<h3>\u00bfSe vio afectado por la explosi\u00f3n de la refiner\u00eda de Exxon Baytown?<\/h3>\n<p><iframe title=\"Four Things To Do After A Refinery Explosion - Fitts Law Firm, PLLC\" width=\"700\" height=\"394\" src=\"https:\/\/www.youtube.com\/embed\/4TRwDPOif8k?feature=oembed\" frameborder=\"0\" allow=\"accelerometer; autoplay; clipboard-write; encrypted-media; gyroscope; picture-in-picture\" allowfullscreen><\/iframe><\/p>\n<p>Si es as\u00ed, nosotros podemos ayudar en la gest\u00f3n del tratamiento m\u00e9dico y en el proceso de recuperaci\u00f3n. <strong><a>Comun\u00edquese mediante chat con un representante en tiempo real ahora<\/a><\/strong><b> <\/b>o <strong>env\u00ede una evaluaci\u00f3n de caso gratuita que se muestra a continuaci\u00f3n<\/strong> y nuestro equipo de abogados para caso de explosiones de plantas se comunicar\u00e1 con usted a la brevedad. Nuestros abogados cuentan con una gran experiencia en la representaci\u00f3n de personas lesionadas debido a las principales explosiones de plantas en Houston, Texas y en todo el pa\u00eds. Estamos aqu\u00ed para ayudarlo a reconstruir su vida.[\/vc_column_text][\/vc_column][\/vc_row]\n<div class=\"wpcf7 no-js\" id=\"wpcf7-f639-o1\" lang=\"en-US\" dir=\"ltr\" data-wpcf7-id=\"639\">\n<div class=\"screen-reader-response\"><p role=\"status\" aria-live=\"polite\" aria-atomic=\"true\"><\/p> <ul><\/ul><\/div>\n<form action=\"\/es\/wp-json\/wp\/v2\/pages\/1412#wpcf7-f639-o1\" method=\"post\" class=\"wpcf7-form init\" aria-label=\"Contact form\" novalidate=\"novalidate\" data-status=\"init\">\n<fieldset class=\"hidden-fields-container\"><input type=\"hidden\" name=\"_wpcf7\" value=\"639\" \/><input type=\"hidden\" name=\"_wpcf7_version\" value=\"6.1.5\" \/><input type=\"hidden\" name=\"_wpcf7_locale\" value=\"en_US\" \/><input type=\"hidden\" name=\"_wpcf7_unit_tag\" value=\"wpcf7-f639-o1\" \/><input type=\"hidden\" name=\"_wpcf7_container_post\" value=\"0\" \/><input type=\"hidden\" name=\"_wpcf7_posted_data_hash\" value=\"\" \/><input type=\"hidden\" name=\"_wpcf7_recaptcha_response\" value=\"\" \/>\n<\/fieldset>\n<div class=\"form_1_2\">\n\t<p><span class=\"wpcf7-form-control-wrap\" data-name=\"first-name\"><input size=\"40\" maxlength=\"400\" class=\"wpcf7-form-control wpcf7-text wpcf7-validates-as-required\" aria-required=\"true\" aria-invalid=\"false\" placeholder=\"First Name *\" value=\"\" type=\"text\" name=\"first-name\" \/><\/span>\n\t<\/p>\n<\/div>\n<div class=\"form_1_2 last\">\n\t<p><span class=\"wpcf7-form-control-wrap\" data-name=\"last-name\"><input size=\"40\" maxlength=\"400\" class=\"wpcf7-form-control wpcf7-text wpcf7-validates-as-required\" aria-required=\"true\" aria-invalid=\"false\" placeholder=\"Last Name *\" value=\"\" type=\"text\" name=\"last-name\" \/><\/span>\n\t<\/p>\n<\/div>\n<div class=\"clear\">\n<\/div>\n<div class=\"form_1_2\">\n\t<p><span class=\"wpcf7-form-control-wrap\" data-name=\"your-email\"><input size=\"40\" maxlength=\"400\" class=\"wpcf7-form-control wpcf7-email wpcf7-validates-as-required wpcf7-text wpcf7-validates-as-email\" aria-required=\"true\" aria-invalid=\"false\" placeholder=\"Your Email *\" value=\"\" type=\"email\" name=\"your-email\" \/><\/span>\n\t<\/p>\n<\/div>\n<div class=\"form_1_2 last\">\n\t<p><span class=\"wpcf7-form-control-wrap\" data-name=\"tel-879\"><input size=\"40\" maxlength=\"400\" class=\"wpcf7-form-control wpcf7-tel wpcf7-validates-as-required wpcf7-text wpcf7-validates-as-tel\" aria-required=\"true\" aria-invalid=\"false\" placeholder=\"Your Phone Number *\" value=\"\" type=\"tel\" name=\"tel-879\" \/><\/span>\n\t<\/p>\n<\/div>\n<div class=\"clear\">\n<\/div>\n<p><span class=\"wpcf7-form-control-wrap\" data-name=\"case-details\"><textarea cols=\"40\" rows=\"10\" maxlength=\"2000\" class=\"wpcf7-form-control wpcf7-textarea\" aria-invalid=\"false\" placeholder=\"Case Details\" name=\"case-details\"><\/textarea><\/span>\n<\/p>\n<p><input class=\"wpcf7-form-control wpcf7-submit has-spinner btn btn-large btn-secondary\" type=\"submit\" value=\"Submit Evaluation\" \/>\n<\/p><div class=\"wpcf7-response-output\" aria-hidden=\"true\"><\/div>\n<\/form>\n<\/div>\n<\/section>","protected":false},"excerpt":{"rendered":"<p>[vc_row][vc_column][vc_column_text] \u00bfQu\u00e9 caus\u00f3 el incendio y la explosi\u00f3n de Exxon Baytown en Texas, el 31 de julio de 2019? Seg\u00fan &#8230;<\/p>\n","protected":false},"author":2,"featured_media":0,"parent":1410,"menu_order":0,"comment_status":"closed","ping_status":"closed","template":"","meta":{"footnotes":""},"class_list":["post-1412","page","type-page","status-publish","hentry"],"yoast_head":"<!-- This site is optimized with the Yoast SEO plugin v27.3 - https:\/\/yoast.com\/product\/yoast-seo-wordpress\/ -->\n<title>Evaluaci\u00f3n gratuita de casos por la explosi\u00f3n de Exxon en Baytown | Bufete de abogados Fitts, PLLC<\/title>\n<meta name=\"description\" content=\"Obtenga gratis su evaluaci\u00f3n de caso de explosi\u00f3n de la refiner\u00eda de Exxon Baytown con Fitts Law Firm, PLLC\" \/>\n<meta name=\"robots\" content=\"index, follow, max-snippet:-1, max-image-preview:large, max-video-preview:-1\" \/>\n<link rel=\"canonical\" href=\"https:\/\/fittslawfirm.com\/es\/abogados-de-incendios-y-explosion-de-plantas\/abogado-de-explosion-de-exxon-bayton-texas\/\" \/>\n<meta property=\"og:locale\" content=\"es_ES\" \/>\n<meta property=\"og:type\" content=\"article\" \/>\n<meta property=\"og:title\" content=\"Evaluaci\u00f3n gratuita de casos por la explosi\u00f3n de Exxon en Baytown | Bufete de abogados Fitts, PLLC\" \/>\n<meta property=\"og:description\" content=\"Obtenga gratis su evaluaci\u00f3n de caso de explosi\u00f3n de la refiner\u00eda de Exxon Baytown con Fitts Law Firm, PLLC\" \/>\n<meta property=\"og:url\" content=\"https:\/\/fittslawfirm.com\/es\/abogados-de-incendios-y-explosion-de-plantas\/abogado-de-explosion-de-exxon-bayton-texas\/\" \/>\n<meta property=\"og:site_name\" content=\"Fitts Law Firm\" \/>\n<meta property=\"article:publisher\" content=\"https:\/\/www.facebook.com\/FittsLawFirm\/\" \/>\n<meta property=\"article:modified_time\" content=\"2021-11-24T17:15:18+00:00\" \/>\n<meta property=\"og:image\" content=\"https:\/\/fittslawfirm.com\/wp-content\/uploads\/2023\/03\/Houston-civil-litigation-firm-banner.jpg\" \/>\n\t<meta property=\"og:image:width\" content=\"1200\" \/>\n\t<meta property=\"og:image:height\" content=\"583\" \/>\n\t<meta property=\"og:image:type\" content=\"image\/jpeg\" \/>\n<meta name=\"twitter:card\" content=\"summary_large_image\" \/>\n<meta name=\"twitter:label1\" content=\"Tiempo de lectura\" \/>\n\t<meta name=\"twitter:data1\" content=\"2 minutos\" \/>\n<script type=\"application\/ld+json\" class=\"yoast-schema-graph\">{\"@context\":\"https:\\\/\\\/schema.org\",\"@graph\":[{\"@type\":\"WebPage\",\"@id\":\"https:\\\/\\\/fittslawfirm.com\\\/es\\\/abogados-de-incendios-y-explosion-de-plantas\\\/abogado-de-explosion-de-exxon-bayton-texas\\\/\",\"url\":\"https:\\\/\\\/fittslawfirm.com\\\/es\\\/abogados-de-incendios-y-explosion-de-plantas\\\/abogado-de-explosion-de-exxon-bayton-texas\\\/\",\"name\":\"Evaluaci\u00f3n gratuita de casos por la explosi\u00f3n de Exxon en Baytown | Bufete de abogados Fitts, PLLC\",\"isPartOf\":{\"@id\":\"https:\\\/\\\/fittslawfirm.com\\\/#website\"},\"datePublished\":\"2021-11-19T20:21:07+00:00\",\"dateModified\":\"2021-11-24T17:15:18+00:00\",\"description\":\"Obtenga gratis su evaluaci\u00f3n de caso de explosi\u00f3n de la refiner\u00eda de Exxon Baytown con Fitts Law Firm, PLLC\",\"breadcrumb\":{\"@id\":\"https:\\\/\\\/fittslawfirm.com\\\/es\\\/abogados-de-incendios-y-explosion-de-plantas\\\/abogado-de-explosion-de-exxon-bayton-texas\\\/#breadcrumb\"},\"inLanguage\":\"es\",\"potentialAction\":[{\"@type\":\"ReadAction\",\"target\":[\"https:\\\/\\\/fittslawfirm.com\\\/es\\\/abogados-de-incendios-y-explosion-de-plantas\\\/abogado-de-explosion-de-exxon-bayton-texas\\\/\"]}]},{\"@type\":\"BreadcrumbList\",\"@id\":\"https:\\\/\\\/fittslawfirm.com\\\/es\\\/abogados-de-incendios-y-explosion-de-plantas\\\/abogado-de-explosion-de-exxon-bayton-texas\\\/#breadcrumb\",\"itemListElement\":[{\"@type\":\"ListItem\",\"position\":1,\"name\":\"Home\",\"item\":\"https:\\\/\\\/fittslawfirm.com\\\/es\\\/pagina-de-inicio\\\/\"},{\"@type\":\"ListItem\",\"position\":2,\"name\":\"Abogados para casos de incendios y explosi\u00f3n en plantas\",\"item\":\"https:\\\/\\\/fittslawfirm.com\\\/es\\\/abogados-de-incendios-y-explosion-de-plantas\\\/\"},{\"@type\":\"ListItem\",\"position\":3,\"name\":\"Abogado para el caso de Explosi\u00f3n de Exxon en Bayton Texas\"}]},{\"@type\":\"WebSite\",\"@id\":\"https:\\\/\\\/fittslawfirm.com\\\/#website\",\"url\":\"https:\\\/\\\/fittslawfirm.com\\\/\",\"name\":\"Fitts Law Firm\",\"description\":\"Houston Texas Personal Injury and Insurance Attorney\",\"publisher\":{\"@id\":\"https:\\\/\\\/fittslawfirm.com\\\/#organization\"},\"alternateName\":\"Houston Civil Litigation Firm\",\"potentialAction\":[{\"@type\":\"SearchAction\",\"target\":{\"@type\":\"EntryPoint\",\"urlTemplate\":\"https:\\\/\\\/fittslawfirm.com\\\/?s={search_term_string}\"},\"query-input\":{\"@type\":\"PropertyValueSpecification\",\"valueRequired\":true,\"valueName\":\"search_term_string\"}}],\"inLanguage\":\"es\"},{\"@type\":\"Organization\",\"@id\":\"https:\\\/\\\/fittslawfirm.com\\\/#organization\",\"name\":\"Fitts Law Firm\",\"alternateName\":\"Houston Texas Personal Injury and Insurance Attorney\",\"url\":\"https:\\\/\\\/fittslawfirm.com\\\/\",\"logo\":{\"@type\":\"ImageObject\",\"inLanguage\":\"es\",\"@id\":\"https:\\\/\\\/fittslawfirm.com\\\/#\\\/schema\\\/logo\\\/image\\\/\",\"url\":\"https:\\\/\\\/fittslawfirm.com\\\/wp-content\\\/uploads\\\/2023\\\/03\\\/Houston-Civil-Law-Firm.jpg\",\"contentUrl\":\"https:\\\/\\\/fittslawfirm.com\\\/wp-content\\\/uploads\\\/2023\\\/03\\\/Houston-Civil-Law-Firm.jpg\",\"width\":300,\"height\":300,\"caption\":\"Fitts Law Firm\"},\"image\":{\"@id\":\"https:\\\/\\\/fittslawfirm.com\\\/#\\\/schema\\\/logo\\\/image\\\/\"},\"sameAs\":[\"https:\\\/\\\/www.facebook.com\\\/FittsLawFirm\\\/\",\"https:\\\/\\\/www.youtube.com\\\/@fittslawfirm\"]}]}<\/script>\n<!-- \/ Yoast SEO plugin. -->","yoast_head_json":{"title":"Evaluaci\u00f3n gratuita de casos por la explosi\u00f3n de Exxon en Baytown | Bufete de abogados Fitts, PLLC","description":"Obtenga gratis su evaluaci\u00f3n de caso de explosi\u00f3n de la refiner\u00eda de Exxon Baytown con Fitts Law Firm, PLLC","robots":{"index":"index","follow":"follow","max-snippet":"max-snippet:-1","max-image-preview":"max-image-preview:large","max-video-preview":"max-video-preview:-1"},"canonical":"https:\/\/fittslawfirm.com\/es\/abogados-de-incendios-y-explosion-de-plantas\/abogado-de-explosion-de-exxon-bayton-texas\/","og_locale":"es_ES","og_type":"article","og_title":"Evaluaci\u00f3n gratuita de casos por la explosi\u00f3n de Exxon en Baytown | Bufete de abogados Fitts, PLLC","og_description":"Obtenga gratis su evaluaci\u00f3n de caso de explosi\u00f3n de la refiner\u00eda de Exxon Baytown con Fitts Law Firm, PLLC","og_url":"https:\/\/fittslawfirm.com\/es\/abogados-de-incendios-y-explosion-de-plantas\/abogado-de-explosion-de-exxon-bayton-texas\/","og_site_name":"Fitts Law Firm","article_publisher":"https:\/\/www.facebook.com\/FittsLawFirm\/","article_modified_time":"2021-11-24T17:15:18+00:00","og_image":[{"width":1200,"height":583,"url":"https:\/\/fittslawfirm.com\/wp-content\/uploads\/2023\/03\/Houston-civil-litigation-firm-banner.jpg","type":"image\/jpeg"}],"twitter_card":"summary_large_image","twitter_misc":{"Tiempo de lectura":"2 minutos"},"schema":{"@context":"https:\/\/schema.org","@graph":[{"@type":"WebPage","@id":"https:\/\/fittslawfirm.com\/es\/abogados-de-incendios-y-explosion-de-plantas\/abogado-de-explosion-de-exxon-bayton-texas\/","url":"https:\/\/fittslawfirm.com\/es\/abogados-de-incendios-y-explosion-de-plantas\/abogado-de-explosion-de-exxon-bayton-texas\/","name":"Evaluaci\u00f3n gratuita de casos por la explosi\u00f3n de Exxon en Baytown | Bufete de abogados Fitts, PLLC","isPartOf":{"@id":"https:\/\/fittslawfirm.com\/#website"},"datePublished":"2021-11-19T20:21:07+00:00","dateModified":"2021-11-24T17:15:18+00:00","description":"Obtenga gratis su evaluaci\u00f3n de caso de explosi\u00f3n de la refiner\u00eda de Exxon Baytown con Fitts Law Firm, PLLC","breadcrumb":{"@id":"https:\/\/fittslawfirm.com\/es\/abogados-de-incendios-y-explosion-de-plantas\/abogado-de-explosion-de-exxon-bayton-texas\/#breadcrumb"},"inLanguage":"es","potentialAction":[{"@type":"ReadAction","target":["https:\/\/fittslawfirm.com\/es\/abogados-de-incendios-y-explosion-de-plantas\/abogado-de-explosion-de-exxon-bayton-texas\/"]}]},{"@type":"BreadcrumbList","@id":"https:\/\/fittslawfirm.com\/es\/abogados-de-incendios-y-explosion-de-plantas\/abogado-de-explosion-de-exxon-bayton-texas\/#breadcrumb","itemListElement":[{"@type":"ListItem","position":1,"name":"Home","item":"https:\/\/fittslawfirm.com\/es\/pagina-de-inicio\/"},{"@type":"ListItem","position":2,"name":"Abogados para casos de incendios y explosi\u00f3n en plantas","item":"https:\/\/fittslawfirm.com\/es\/abogados-de-incendios-y-explosion-de-plantas\/"},{"@type":"ListItem","position":3,"name":"Abogado para el caso de Explosi\u00f3n de Exxon en Bayton Texas"}]},{"@type":"WebSite","@id":"https:\/\/fittslawfirm.com\/#website","url":"https:\/\/fittslawfirm.com\/","name":"Fitts Law Firm","description":"Houston Texas Personal Injury and Insurance Attorney","publisher":{"@id":"https:\/\/fittslawfirm.com\/#organization"},"alternateName":"Houston Civil Litigation Firm","potentialAction":[{"@type":"SearchAction","target":{"@type":"EntryPoint","urlTemplate":"https:\/\/fittslawfirm.com\/?s={search_term_string}"},"query-input":{"@type":"PropertyValueSpecification","valueRequired":true,"valueName":"search_term_string"}}],"inLanguage":"es"},{"@type":"Organization","@id":"https:\/\/fittslawfirm.com\/#organization","name":"Fitts Law Firm","alternateName":"Houston Texas Personal Injury and Insurance Attorney","url":"https:\/\/fittslawfirm.com\/","logo":{"@type":"ImageObject","inLanguage":"es","@id":"https:\/\/fittslawfirm.com\/#\/schema\/logo\/image\/","url":"https:\/\/fittslawfirm.com\/wp-content\/uploads\/2023\/03\/Houston-Civil-Law-Firm.jpg","contentUrl":"https:\/\/fittslawfirm.com\/wp-content\/uploads\/2023\/03\/Houston-Civil-Law-Firm.jpg","width":300,"height":300,"caption":"Fitts Law Firm"},"image":{"@id":"https:\/\/fittslawfirm.com\/#\/schema\/logo\/image\/"},"sameAs":["https:\/\/www.facebook.com\/FittsLawFirm\/","https:\/\/www.youtube.com\/@fittslawfirm"]}]}},"_links":{"self":[{"href":"https:\/\/fittslawfirm.com\/es\/wp-json\/wp\/v2\/pages\/1412","targetHints":{"allow":["GET"]}}],"collection":[{"href":"https:\/\/fittslawfirm.com\/es\/wp-json\/wp\/v2\/pages"}],"about":[{"href":"https:\/\/fittslawfirm.com\/es\/wp-json\/wp\/v2\/types\/page"}],"author":[{"embeddable":true,"href":"https:\/\/fittslawfirm.com\/es\/wp-json\/wp\/v2\/users\/2"}],"replies":[{"embeddable":true,"href":"https:\/\/fittslawfirm.com\/es\/wp-json\/wp\/v2\/comments?post=1412"}],"version-history":[{"count":0,"href":"https:\/\/fittslawfirm.com\/es\/wp-json\/wp\/v2\/pages\/1412\/revisions"}],"up":[{"embeddable":true,"href":"https:\/\/fittslawfirm.com\/es\/wp-json\/wp\/v2\/pages\/1410"}],"wp:attachment":[{"href":"https:\/\/fittslawfirm.com\/es\/wp-json\/wp\/v2\/media?parent=1412"}],"curies":[{"name":"wp","href":"https:\/\/api.w.org\/{rel}","templated":true}]}}