{"id":1410,"date":"2021-11-19T20:21:04","date_gmt":"2021-11-19T20:21:04","guid":{"rendered":"https:\/\/fittslawfirm.com\/abogados-de-incendios-y-explosion-de-plantas\/"},"modified":"2023-01-31T17:25:10","modified_gmt":"2023-01-31T23:25:10","slug":"abogados-de-incendios-y-explosion-de-plantas","status":"publish","type":"page","link":"https:\/\/fittslawfirm.com\/es\/abogados-de-incendios-y-explosion-de-plantas\/","title":{"rendered":"Abogados para casos de incendios y explosi\u00f3n en plantas"},"content":{"rendered":"<section class=\"wpb-content-wrapper\"><p>[vc_row][vc_column][vc_column_text]<\/p>\n<h3>Put our plant and refinery experience to work for you and your family today!<\/h3>\n<p><iframe title=\"What to do after a Plant Explosion? - Bryant Fitts of the Fitts Law Firm PLLC\" width=\"700\" height=\"394\" src=\"https:\/\/www.youtube.com\/embed\/4Xvp6abIJ20?feature=oembed&#038;enablejsapi=1&#038;origin=https:\/\/fittslawfirm.com\" frameborder=\"0\" allow=\"accelerometer; autoplay; clipboard-write; encrypted-media; gyroscope; picture-in-picture; web-share\" allowfullscreen><\/iframe><\/p>\n<p>Over the years, we have help countless families put their lives back together after a plant or industrial explosion. \u00a0In fact, we have been involved in almost ever major plant or refinery explosion over the last several years. \u00a0We are currently evaluating and investigating the following incidents:<\/p>\n<ul>\n<li><a href=\"https:\/\/fittslawfirm.com\/plant-explosion-attorneys\/watson-grinding-and-manufacturing-explosion-information-houston-texas\/\">Watson Grinding Explosion<\/a><\/li>\n<li><a href=\"https:\/\/fittslawfirm.com\/plant-explosion-attorneys\/houston-tpc-explosion\/\">TPC Explosion Lawyer<\/a><\/li>\n<li><a href=\"https:\/\/fittslawfirm.com\/plant-explosion-attorneys\/exxon-baytown-texas-fire-attorneys-2\/\">Exxon Baytown Explosion<\/a><\/li>\n<li><a href=\"https:\/\/fittslawfirm.com\/plant-explosion-attorneys\/pasadena-plant-explosion-attorneys\/\">Pasadena, Texas Explosion<\/a><\/li>\n<li><a href=\"https:\/\/fittslawfirm.com\/plant-explosion-attorneys\/itc-deer-park-texas-fire-attorneys\/\">ITC Deer Park, Texas Fire<\/a><\/li>\n<\/ul>\n<h3>What should you do if you are injured in a plant or refinery fire or explosion?<\/h3>\n<ul>\n<li>You need to seek immediate medical treatment. \u00a0Be vary wary of the doctors provided by the facility of your employer as they will ofter over look certain injuries in an effort to get them back to work.<\/li>\n<li>If you need help locating a doctor, contact us. \u00a0We can help you locate competant medical care.<\/li>\n<\/ul>\n<h3>Were you injured in a plant fire or explosion?<\/h3>\n<p>If so, we can help with the medical treatment and recovery process.\u00a0<strong><a>Chat with a live representative now<\/a><\/strong><span class=\"s1\"><b>\u00a0<\/b><\/span>or<strong> submit a free case evaluation below<\/strong> and our team of plant explosion attorneys will reach out shortly. Our attorneys have extensive experience representing people injured at major plant explosions in Houston, Texas and across the country.\u00a0We&#8217;re here to help you put your life back together.[\/vc_column_text][\/vc_column][\/vc_row][vc_row][vc_column]\n<div class=\"wpcf7 no-js\" id=\"wpcf7-f639-o1\" lang=\"en-US\" dir=\"ltr\" data-wpcf7-id=\"639\">\n<div class=\"screen-reader-response\"><p role=\"status\" aria-live=\"polite\" aria-atomic=\"true\"><\/p> <ul><\/ul><\/div>\n<form action=\"\/es\/wp-json\/wp\/v2\/pages\/1410#wpcf7-f639-o1\" method=\"post\" class=\"wpcf7-form init\" aria-label=\"Contact form\" novalidate=\"novalidate\" data-status=\"init\">\n<fieldset class=\"hidden-fields-container\"><input type=\"hidden\" name=\"_wpcf7\" value=\"639\" \/><input type=\"hidden\" name=\"_wpcf7_version\" value=\"6.1.5\" \/><input type=\"hidden\" name=\"_wpcf7_locale\" value=\"en_US\" \/><input type=\"hidden\" name=\"_wpcf7_unit_tag\" value=\"wpcf7-f639-o1\" \/><input type=\"hidden\" name=\"_wpcf7_container_post\" value=\"0\" \/><input type=\"hidden\" name=\"_wpcf7_posted_data_hash\" value=\"\" \/><input type=\"hidden\" name=\"_wpcf7_recaptcha_response\" value=\"\" \/>\n<\/fieldset>\n<div class=\"form_1_2\">\n\t<p><span class=\"wpcf7-form-control-wrap\" data-name=\"first-name\"><input size=\"40\" maxlength=\"400\" class=\"wpcf7-form-control wpcf7-text wpcf7-validates-as-required\" aria-required=\"true\" aria-invalid=\"false\" placeholder=\"First Name *\" value=\"\" type=\"text\" name=\"first-name\" \/><\/span>\n\t<\/p>\n<\/div>\n<div class=\"form_1_2 last\">\n\t<p><span class=\"wpcf7-form-control-wrap\" data-name=\"last-name\"><input size=\"40\" maxlength=\"400\" class=\"wpcf7-form-control wpcf7-text wpcf7-validates-as-required\" aria-required=\"true\" aria-invalid=\"false\" placeholder=\"Last Name *\" value=\"\" type=\"text\" name=\"last-name\" \/><\/span>\n\t<\/p>\n<\/div>\n<div class=\"clear\">\n<\/div>\n<div class=\"form_1_2\">\n\t<p><span class=\"wpcf7-form-control-wrap\" data-name=\"your-email\"><input size=\"40\" maxlength=\"400\" class=\"wpcf7-form-control wpcf7-email wpcf7-validates-as-required wpcf7-text wpcf7-validates-as-email\" aria-required=\"true\" aria-invalid=\"false\" placeholder=\"Your Email *\" value=\"\" type=\"email\" name=\"your-email\" \/><\/span>\n\t<\/p>\n<\/div>\n<div class=\"form_1_2 last\">\n\t<p><span class=\"wpcf7-form-control-wrap\" data-name=\"tel-879\"><input size=\"40\" maxlength=\"400\" class=\"wpcf7-form-control wpcf7-tel wpcf7-validates-as-required wpcf7-text wpcf7-validates-as-tel\" aria-required=\"true\" aria-invalid=\"false\" placeholder=\"Your Phone Number *\" value=\"\" type=\"tel\" name=\"tel-879\" \/><\/span>\n\t<\/p>\n<\/div>\n<div class=\"clear\">\n<\/div>\n<p><span class=\"wpcf7-form-control-wrap\" data-name=\"case-details\"><textarea cols=\"40\" rows=\"10\" maxlength=\"2000\" class=\"wpcf7-form-control wpcf7-textarea\" aria-invalid=\"false\" placeholder=\"Case Details\" name=\"case-details\"><\/textarea><\/span>\n<\/p>\n<p><input class=\"wpcf7-form-control wpcf7-submit has-spinner btn btn-large btn-secondary\" type=\"submit\" value=\"Submit Evaluation\" \/>\n<\/p><div class=\"wpcf7-response-output\" aria-hidden=\"true\"><\/div>\n<\/form>\n<\/div>\n[\/vc_column][\/vc_row]<\/p>\n<\/section>","protected":false},"excerpt":{"rendered":"<p>[vc_row][vc_column][vc_column_text] Put our plant and refinery experience to work for you and your family today! Over the years, we have &#8230;<\/p>\n","protected":false},"author":2,"featured_media":0,"parent":0,"menu_order":0,"comment_status":"closed","ping_status":"closed","template":"","meta":{"footnotes":""},"class_list":["post-1410","page","type-page","status-publish","hentry"],"yoast_head":"<!-- This site is optimized with the Yoast SEO plugin v27.3 - https:\/\/yoast.com\/product\/yoast-seo-wordpress\/ -->\n<title>Evaluaci\u00f3n gratis del caso de explosi\u00f3n en la planta de Pasadena | Bufete de Abogados Fitts, PLLC<\/title>\n<meta name=\"description\" content=\"Obtenga gratis una evaluaci\u00f3n del caso de explosi\u00f3n en la planta de Kuraray America Pasadena con el Bufete de Abogados Fitts, PLLC\" \/>\n<meta name=\"robots\" content=\"index, follow, max-snippet:-1, max-image-preview:large, max-video-preview:-1\" \/>\n<link rel=\"canonical\" href=\"https:\/\/fittslawfirm.com\/es\/abogados-de-incendios-y-explosion-de-plantas\/\" \/>\n<meta property=\"og:locale\" content=\"es_ES\" \/>\n<meta property=\"og:type\" content=\"article\" \/>\n<meta property=\"og:title\" content=\"Evaluaci\u00f3n gratis del caso de explosi\u00f3n en la planta de Pasadena | Bufete de Abogados Fitts, PLLC\" \/>\n<meta property=\"og:description\" content=\"Obtenga gratis una evaluaci\u00f3n del caso de explosi\u00f3n en la planta de Kuraray America Pasadena con el Bufete de Abogados Fitts, PLLC\" \/>\n<meta property=\"og:url\" content=\"https:\/\/fittslawfirm.com\/es\/abogados-de-incendios-y-explosion-de-plantas\/\" \/>\n<meta property=\"og:site_name\" content=\"Fitts Law Firm\" \/>\n<meta property=\"article:publisher\" content=\"https:\/\/www.facebook.com\/FittsLawFirm\/\" \/>\n<meta property=\"article:modified_time\" content=\"2023-01-31T23:25:10+00:00\" \/>\n<meta property=\"og:image\" content=\"https:\/\/fittslawfirm.com\/wp-content\/uploads\/2023\/03\/Houston-civil-litigation-firm-banner.jpg\" \/>\n\t<meta property=\"og:image:width\" content=\"1200\" \/>\n\t<meta property=\"og:image:height\" content=\"583\" \/>\n\t<meta property=\"og:image:type\" content=\"image\/jpeg\" \/>\n<meta name=\"twitter:card\" content=\"summary_large_image\" \/>\n<meta name=\"twitter:label1\" content=\"Tiempo de lectura\" \/>\n\t<meta name=\"twitter:data1\" content=\"1 minuto\" \/>\n<script type=\"application\/ld+json\" class=\"yoast-schema-graph\">{\"@context\":\"https:\\\/\\\/schema.org\",\"@graph\":[{\"@type\":\"WebPage\",\"@id\":\"https:\\\/\\\/fittslawfirm.com\\\/es\\\/abogados-de-incendios-y-explosion-de-plantas\\\/\",\"url\":\"https:\\\/\\\/fittslawfirm.com\\\/es\\\/abogados-de-incendios-y-explosion-de-plantas\\\/\",\"name\":\"Evaluaci\u00f3n gratis del caso de explosi\u00f3n en la planta de Pasadena | Bufete de Abogados Fitts, PLLC\",\"isPartOf\":{\"@id\":\"https:\\\/\\\/fittslawfirm.com\\\/#website\"},\"datePublished\":\"2021-11-19T20:21:04+00:00\",\"dateModified\":\"2023-01-31T23:25:10+00:00\",\"description\":\"Obtenga gratis una evaluaci\u00f3n del caso de explosi\u00f3n en la planta de Kuraray America Pasadena con el Bufete de Abogados Fitts, PLLC\",\"breadcrumb\":{\"@id\":\"https:\\\/\\\/fittslawfirm.com\\\/es\\\/abogados-de-incendios-y-explosion-de-plantas\\\/#breadcrumb\"},\"inLanguage\":\"es\",\"potentialAction\":[{\"@type\":\"ReadAction\",\"target\":[\"https:\\\/\\\/fittslawfirm.com\\\/es\\\/abogados-de-incendios-y-explosion-de-plantas\\\/\"]}]},{\"@type\":\"BreadcrumbList\",\"@id\":\"https:\\\/\\\/fittslawfirm.com\\\/es\\\/abogados-de-incendios-y-explosion-de-plantas\\\/#breadcrumb\",\"itemListElement\":[{\"@type\":\"ListItem\",\"position\":1,\"name\":\"Home\",\"item\":\"https:\\\/\\\/fittslawfirm.com\\\/es\\\/pagina-de-inicio\\\/\"},{\"@type\":\"ListItem\",\"position\":2,\"name\":\"Abogados para casos de incendios y explosi\u00f3n en plantas\"}]},{\"@type\":\"WebSite\",\"@id\":\"https:\\\/\\\/fittslawfirm.com\\\/#website\",\"url\":\"https:\\\/\\\/fittslawfirm.com\\\/\",\"name\":\"Fitts Law Firm\",\"description\":\"Houston Texas Personal Injury and Insurance Attorney\",\"publisher\":{\"@id\":\"https:\\\/\\\/fittslawfirm.com\\\/#organization\"},\"alternateName\":\"Houston Civil Litigation Firm\",\"potentialAction\":[{\"@type\":\"SearchAction\",\"target\":{\"@type\":\"EntryPoint\",\"urlTemplate\":\"https:\\\/\\\/fittslawfirm.com\\\/?s={search_term_string}\"},\"query-input\":{\"@type\":\"PropertyValueSpecification\",\"valueRequired\":true,\"valueName\":\"search_term_string\"}}],\"inLanguage\":\"es\"},{\"@type\":\"Organization\",\"@id\":\"https:\\\/\\\/fittslawfirm.com\\\/#organization\",\"name\":\"Fitts Law Firm\",\"alternateName\":\"Houston Texas Personal Injury and Insurance Attorney\",\"url\":\"https:\\\/\\\/fittslawfirm.com\\\/\",\"logo\":{\"@type\":\"ImageObject\",\"inLanguage\":\"es\",\"@id\":\"https:\\\/\\\/fittslawfirm.com\\\/#\\\/schema\\\/logo\\\/image\\\/\",\"url\":\"https:\\\/\\\/fittslawfirm.com\\\/wp-content\\\/uploads\\\/2023\\\/03\\\/Houston-Civil-Law-Firm.jpg\",\"contentUrl\":\"https:\\\/\\\/fittslawfirm.com\\\/wp-content\\\/uploads\\\/2023\\\/03\\\/Houston-Civil-Law-Firm.jpg\",\"width\":300,\"height\":300,\"caption\":\"Fitts Law Firm\"},\"image\":{\"@id\":\"https:\\\/\\\/fittslawfirm.com\\\/#\\\/schema\\\/logo\\\/image\\\/\"},\"sameAs\":[\"https:\\\/\\\/www.facebook.com\\\/FittsLawFirm\\\/\",\"https:\\\/\\\/www.youtube.com\\\/@fittslawfirm\"]}]}<\/script>\n<!-- \/ Yoast SEO plugin. -->","yoast_head_json":{"title":"Evaluaci\u00f3n gratis del caso de explosi\u00f3n en la planta de Pasadena | Bufete de Abogados Fitts, PLLC","description":"Obtenga gratis una evaluaci\u00f3n del caso de explosi\u00f3n en la planta de Kuraray America Pasadena con el Bufete de Abogados Fitts, PLLC","robots":{"index":"index","follow":"follow","max-snippet":"max-snippet:-1","max-image-preview":"max-image-preview:large","max-video-preview":"max-video-preview:-1"},"canonical":"https:\/\/fittslawfirm.com\/es\/abogados-de-incendios-y-explosion-de-plantas\/","og_locale":"es_ES","og_type":"article","og_title":"Evaluaci\u00f3n gratis del caso de explosi\u00f3n en la planta de Pasadena | Bufete de Abogados Fitts, PLLC","og_description":"Obtenga gratis una evaluaci\u00f3n del caso de explosi\u00f3n en la planta de Kuraray America Pasadena con el Bufete de Abogados Fitts, PLLC","og_url":"https:\/\/fittslawfirm.com\/es\/abogados-de-incendios-y-explosion-de-plantas\/","og_site_name":"Fitts Law Firm","article_publisher":"https:\/\/www.facebook.com\/FittsLawFirm\/","article_modified_time":"2023-01-31T23:25:10+00:00","og_image":[{"width":1200,"height":583,"url":"https:\/\/fittslawfirm.com\/wp-content\/uploads\/2023\/03\/Houston-civil-litigation-firm-banner.jpg","type":"image\/jpeg"}],"twitter_card":"summary_large_image","twitter_misc":{"Tiempo de lectura":"1 minuto"},"schema":{"@context":"https:\/\/schema.org","@graph":[{"@type":"WebPage","@id":"https:\/\/fittslawfirm.com\/es\/abogados-de-incendios-y-explosion-de-plantas\/","url":"https:\/\/fittslawfirm.com\/es\/abogados-de-incendios-y-explosion-de-plantas\/","name":"Evaluaci\u00f3n gratis del caso de explosi\u00f3n en la planta de Pasadena | Bufete de Abogados Fitts, PLLC","isPartOf":{"@id":"https:\/\/fittslawfirm.com\/#website"},"datePublished":"2021-11-19T20:21:04+00:00","dateModified":"2023-01-31T23:25:10+00:00","description":"Obtenga gratis una evaluaci\u00f3n del caso de explosi\u00f3n en la planta de Kuraray America Pasadena con el Bufete de Abogados Fitts, PLLC","breadcrumb":{"@id":"https:\/\/fittslawfirm.com\/es\/abogados-de-incendios-y-explosion-de-plantas\/#breadcrumb"},"inLanguage":"es","potentialAction":[{"@type":"ReadAction","target":["https:\/\/fittslawfirm.com\/es\/abogados-de-incendios-y-explosion-de-plantas\/"]}]},{"@type":"BreadcrumbList","@id":"https:\/\/fittslawfirm.com\/es\/abogados-de-incendios-y-explosion-de-plantas\/#breadcrumb","itemListElement":[{"@type":"ListItem","position":1,"name":"Home","item":"https:\/\/fittslawfirm.com\/es\/pagina-de-inicio\/"},{"@type":"ListItem","position":2,"name":"Abogados para casos de incendios y explosi\u00f3n en plantas"}]},{"@type":"WebSite","@id":"https:\/\/fittslawfirm.com\/#website","url":"https:\/\/fittslawfirm.com\/","name":"Fitts Law Firm","description":"Houston Texas Personal Injury and Insurance Attorney","publisher":{"@id":"https:\/\/fittslawfirm.com\/#organization"},"alternateName":"Houston Civil Litigation Firm","potentialAction":[{"@type":"SearchAction","target":{"@type":"EntryPoint","urlTemplate":"https:\/\/fittslawfirm.com\/?s={search_term_string}"},"query-input":{"@type":"PropertyValueSpecification","valueRequired":true,"valueName":"search_term_string"}}],"inLanguage":"es"},{"@type":"Organization","@id":"https:\/\/fittslawfirm.com\/#organization","name":"Fitts Law Firm","alternateName":"Houston Texas Personal Injury and Insurance Attorney","url":"https:\/\/fittslawfirm.com\/","logo":{"@type":"ImageObject","inLanguage":"es","@id":"https:\/\/fittslawfirm.com\/#\/schema\/logo\/image\/","url":"https:\/\/fittslawfirm.com\/wp-content\/uploads\/2023\/03\/Houston-Civil-Law-Firm.jpg","contentUrl":"https:\/\/fittslawfirm.com\/wp-content\/uploads\/2023\/03\/Houston-Civil-Law-Firm.jpg","width":300,"height":300,"caption":"Fitts Law Firm"},"image":{"@id":"https:\/\/fittslawfirm.com\/#\/schema\/logo\/image\/"},"sameAs":["https:\/\/www.facebook.com\/FittsLawFirm\/","https:\/\/www.youtube.com\/@fittslawfirm"]}]}},"_links":{"self":[{"href":"https:\/\/fittslawfirm.com\/es\/wp-json\/wp\/v2\/pages\/1410","targetHints":{"allow":["GET"]}}],"collection":[{"href":"https:\/\/fittslawfirm.com\/es\/wp-json\/wp\/v2\/pages"}],"about":[{"href":"https:\/\/fittslawfirm.com\/es\/wp-json\/wp\/v2\/types\/page"}],"author":[{"embeddable":true,"href":"https:\/\/fittslawfirm.com\/es\/wp-json\/wp\/v2\/users\/2"}],"replies":[{"embeddable":true,"href":"https:\/\/fittslawfirm.com\/es\/wp-json\/wp\/v2\/comments?post=1410"}],"version-history":[{"count":0,"href":"https:\/\/fittslawfirm.com\/es\/wp-json\/wp\/v2\/pages\/1410\/revisions"}],"wp:attachment":[{"href":"https:\/\/fittslawfirm.com\/es\/wp-json\/wp\/v2\/media?parent=1410"}],"curies":[{"name":"wp","href":"https:\/\/api.w.org\/{rel}","templated":true}]}}