{"id":1408,"date":"2021-11-19T20:20:59","date_gmt":"2021-11-19T20:20:59","guid":{"rendered":"https:\/\/fittslawfirm.com\/abogados-de-explosion-de-planta-de-pasadena\/"},"modified":"2021-11-24T19:37:30","modified_gmt":"2021-11-24T19:37:30","slug":"abogados-de-explosion-de-planta-de-pasadena","status":"publish","type":"page","link":"https:\/\/fittslawfirm.com\/es\/abogados-de-incendios-y-explosion-de-plantas\/abogados-de-explosion-de-planta-de-pasadena\/","title":{"rendered":"Abogados para el caso de explosi\u00f3n de la Planta en Pasadena"},"content":{"rendered":"<h3>\u00bfQu\u00e9 caus\u00f3 la explosi\u00f3n de la planta Kuraray America en Pasadena, Texas?<\/h3>\n<p>Seg\u00fan los informes iniciales, la explosi\u00f3n se produjo mientras los instaladores de tuber\u00edas y los soldadores trabajaban alrededor de las diez de la ma\u00f1ana. Los informes iniciales afirman que una v\u00e1lvula averiada provoc\u00f3 la explosi\u00f3n. Seg\u00fan nuestra experiencia, la mayor\u00eda de las fallas de los productos se originan debido a errores humanos o a la falta de una pol\u00edtica y de procedimientos para prevenir las fallas del producto. Los informes iniciales indican que mientras se trabajaba en una torre, algo provoc\u00f3 una sobrepresurizaci\u00f3n de una l\u00ednea. El sistema de escape de presi\u00f3n fall\u00f3, lo que caus\u00f3 que una tuber\u00eda se rompiera y se liberara gas inflamable, mismo que encontr\u00f3 una fuente de ignici\u00f3n, provocando la explosi\u00f3n y el incendio.<\/p>\n<p>La sobrepresurizaci\u00f3n es una causa muy com\u00fan de incendios y explosiones en plantas industriales y refiner\u00edas. Tanto la explosi\u00f3n de Williams Olefins como la de BP Texas City fueron provocadas por recipientes sobrepresurizados que se rompieron y explotaron. Nuestros abogados en casos de explosiones cuentan con una vasta experiencia en incendios, explosiones de refiner\u00edas y plantas qu\u00edmicas. Hemos sido contratados para representar a personas lesionadas en muchos casos de explosiones similares.<\/p>\n<h3>\u00bfQu\u00e9 debe hacer en caso de resultar lesionado debido al incendio y a la explosi\u00f3n de la planta de Kuraray America?<\/h3>\n<p>Busque ayuda m\u00e9dica inmediatamente con los m\u00e9dicos de su elecci\u00f3n. Si necesita ayuda para encontrar uno, ll\u00e1menos, nosotros podemos ayudarle. Es muy com\u00fan, que los m\u00e9dicos de compensaci\u00f3n para trabajadores no logran diagnosticar completamente la totalidad de las lesiones sufridas en una refiner\u00eda o en la explosi\u00f3n de una planta. Las lesiones t\u00edpicas incluyen quemaduras, lesiones ortop\u00e9dicas, lesiones cerebrales traum\u00e1ticas y trastornos psicol\u00f3gicos, tales como el trastorno de estr\u00e9s postraum\u00e1tico. A menudo, las lesiones f\u00edsicas sanar\u00e1n con el tiempo, sin embargo los da\u00f1os psicol\u00f3gicos permanecen, lo que imposibilita el regreso al trabajo en un entorno de planta o refiner\u00eda.<\/p>\n<h3>\u00bfUsted result\u00f3 lesionado en la explosi\u00f3n de la planta de Kuraray America en Pasadena?<\/h3>\n<p>Si ese es su caso, podemos ayudar en la gesti\u00f3n del tratamiento m\u00e9dico y en el proceso de recuperaci\u00f3n. <strong><a>Hable mediante chat con un representante en tiempo real ahora mismo<\/a><\/strong><b> <\/b>o <strong>env\u00ede una evaluaci\u00f3n de caso gratuita misma que encontrar\u00e1 a continuaci\u00f3n<\/strong> y nuestro equipo de abogados en caso de explosiones de plantas se comunicar\u00e1 con usted a la brevedad. Nuestros abogados cuentan con una gran experiencia representando personas lesionadas en las principales explosiones de plantas en Houston, Texas y en todo el pa\u00eds. Estamos aqu\u00ed para ayudarle a reconstruir su vida.<\/p>\n\n<div class=\"wpcf7 no-js\" id=\"wpcf7-f639-o1\" lang=\"en-US\" dir=\"ltr\" data-wpcf7-id=\"639\">\n<div class=\"screen-reader-response\"><p role=\"status\" aria-live=\"polite\" aria-atomic=\"true\"><\/p> <ul><\/ul><\/div>\n<form action=\"\/es\/wp-json\/wp\/v2\/pages\/1408#wpcf7-f639-o1\" method=\"post\" class=\"wpcf7-form init\" aria-label=\"Contact form\" novalidate=\"novalidate\" data-status=\"init\">\n<fieldset class=\"hidden-fields-container\"><input type=\"hidden\" name=\"_wpcf7\" value=\"639\" \/><input type=\"hidden\" name=\"_wpcf7_version\" value=\"6.1.5\" \/><input type=\"hidden\" name=\"_wpcf7_locale\" value=\"en_US\" \/><input type=\"hidden\" name=\"_wpcf7_unit_tag\" value=\"wpcf7-f639-o1\" \/><input type=\"hidden\" name=\"_wpcf7_container_post\" value=\"0\" \/><input type=\"hidden\" name=\"_wpcf7_posted_data_hash\" value=\"\" \/><input type=\"hidden\" name=\"_wpcf7_recaptcha_response\" value=\"\" \/>\n<\/fieldset>\n<div class=\"form_1_2\">\n\t<p><span class=\"wpcf7-form-control-wrap\" data-name=\"first-name\"><input size=\"40\" maxlength=\"400\" class=\"wpcf7-form-control wpcf7-text wpcf7-validates-as-required\" aria-required=\"true\" aria-invalid=\"false\" placeholder=\"First Name *\" value=\"\" type=\"text\" name=\"first-name\" \/><\/span>\n\t<\/p>\n<\/div>\n<div class=\"form_1_2 last\">\n\t<p><span class=\"wpcf7-form-control-wrap\" data-name=\"last-name\"><input size=\"40\" maxlength=\"400\" class=\"wpcf7-form-control wpcf7-text wpcf7-validates-as-required\" aria-required=\"true\" aria-invalid=\"false\" placeholder=\"Last Name *\" value=\"\" type=\"text\" name=\"last-name\" \/><\/span>\n\t<\/p>\n<\/div>\n<div class=\"clear\">\n<\/div>\n<div class=\"form_1_2\">\n\t<p><span class=\"wpcf7-form-control-wrap\" data-name=\"your-email\"><input size=\"40\" maxlength=\"400\" class=\"wpcf7-form-control wpcf7-email wpcf7-validates-as-required wpcf7-text wpcf7-validates-as-email\" aria-required=\"true\" aria-invalid=\"false\" placeholder=\"Your Email *\" value=\"\" type=\"email\" name=\"your-email\" \/><\/span>\n\t<\/p>\n<\/div>\n<div class=\"form_1_2 last\">\n\t<p><span class=\"wpcf7-form-control-wrap\" data-name=\"tel-879\"><input size=\"40\" maxlength=\"400\" class=\"wpcf7-form-control wpcf7-tel wpcf7-validates-as-required wpcf7-text wpcf7-validates-as-tel\" aria-required=\"true\" aria-invalid=\"false\" placeholder=\"Your Phone Number *\" value=\"\" type=\"tel\" name=\"tel-879\" \/><\/span>\n\t<\/p>\n<\/div>\n<div class=\"clear\">\n<\/div>\n<p><span class=\"wpcf7-form-control-wrap\" data-name=\"case-details\"><textarea cols=\"40\" rows=\"10\" maxlength=\"2000\" class=\"wpcf7-form-control wpcf7-textarea\" aria-invalid=\"false\" placeholder=\"Case Details\" name=\"case-details\"><\/textarea><\/span>\n<\/p>\n<p><input class=\"wpcf7-form-control wpcf7-submit has-spinner btn btn-large btn-secondary\" type=\"submit\" value=\"Submit Evaluation\" \/>\n<\/p><div class=\"wpcf7-response-output\" aria-hidden=\"true\"><\/div>\n<\/form>\n<\/div>\n\n","protected":false},"excerpt":{"rendered":"<p>\u00bfQu\u00e9 caus\u00f3 la explosi\u00f3n de la planta Kuraray America en Pasadena, Texas? Seg\u00fan los informes iniciales, la explosi\u00f3n se produjo &#8230;<\/p>\n","protected":false},"author":2,"featured_media":0,"parent":1410,"menu_order":0,"comment_status":"closed","ping_status":"closed","template":"","meta":{"footnotes":""},"class_list":["post-1408","page","type-page","status-publish","hentry"],"yoast_head":"<!-- This site is optimized with the Yoast SEO plugin v27.3 - https:\/\/yoast.com\/product\/yoast-seo-wordpress\/ -->\n<title>Evaluaci\u00f3n gratuita en el caso de explosi\u00f3n de la planta en Pasadena | Bufete de Abogados Fitts, PLLC<\/title>\n<meta name=\"description\" content=\"Obtenga su evaluaci\u00f3n gratuita en el caso de explosi\u00f3n en la planta de Kuraray America en Pasadena con el Bufete de Abogados Fitts, PLLC\" \/>\n<meta name=\"robots\" content=\"index, follow, max-snippet:-1, max-image-preview:large, max-video-preview:-1\" \/>\n<link rel=\"canonical\" href=\"https:\/\/fittslawfirm.com\/es\/abogados-de-incendios-y-explosion-de-plantas\/abogados-de-explosion-de-planta-de-pasadena\/\" \/>\n<meta property=\"og:locale\" content=\"es_ES\" \/>\n<meta property=\"og:type\" content=\"article\" \/>\n<meta property=\"og:title\" content=\"Evaluaci\u00f3n gratuita en el caso de explosi\u00f3n de la planta en Pasadena | Bufete de Abogados Fitts, PLLC\" \/>\n<meta property=\"og:description\" content=\"Obtenga su evaluaci\u00f3n gratuita en el caso de explosi\u00f3n en la planta de Kuraray America en Pasadena con el Bufete de Abogados Fitts, PLLC\" \/>\n<meta property=\"og:url\" content=\"https:\/\/fittslawfirm.com\/es\/abogados-de-incendios-y-explosion-de-plantas\/abogados-de-explosion-de-planta-de-pasadena\/\" \/>\n<meta property=\"og:site_name\" content=\"Fitts Law Firm\" \/>\n<meta property=\"article:publisher\" content=\"https:\/\/www.facebook.com\/FittsLawFirm\/\" \/>\n<meta property=\"article:modified_time\" content=\"2021-11-24T19:37:30+00:00\" \/>\n<meta property=\"og:image\" content=\"https:\/\/fittslawfirm.com\/wp-content\/uploads\/2023\/03\/Houston-civil-litigation-firm-banner.jpg\" \/>\n\t<meta property=\"og:image:width\" content=\"1200\" \/>\n\t<meta property=\"og:image:height\" content=\"583\" \/>\n\t<meta property=\"og:image:type\" content=\"image\/jpeg\" \/>\n<meta name=\"twitter:card\" content=\"summary_large_image\" \/>\n<meta name=\"twitter:label1\" content=\"Tiempo de lectura\" \/>\n\t<meta name=\"twitter:data1\" content=\"2 minutos\" \/>\n<script type=\"application\/ld+json\" class=\"yoast-schema-graph\">{\"@context\":\"https:\\\/\\\/schema.org\",\"@graph\":[{\"@type\":\"WebPage\",\"@id\":\"https:\\\/\\\/fittslawfirm.com\\\/es\\\/abogados-de-incendios-y-explosion-de-plantas\\\/abogados-de-explosion-de-planta-de-pasadena\\\/\",\"url\":\"https:\\\/\\\/fittslawfirm.com\\\/es\\\/abogados-de-incendios-y-explosion-de-plantas\\\/abogados-de-explosion-de-planta-de-pasadena\\\/\",\"name\":\"Evaluaci\u00f3n gratuita en el caso de explosi\u00f3n de la planta en Pasadena | Bufete de Abogados Fitts, PLLC\",\"isPartOf\":{\"@id\":\"https:\\\/\\\/fittslawfirm.com\\\/#website\"},\"datePublished\":\"2021-11-19T20:20:59+00:00\",\"dateModified\":\"2021-11-24T19:37:30+00:00\",\"description\":\"Obtenga su evaluaci\u00f3n gratuita en el caso de explosi\u00f3n en la planta de Kuraray America en Pasadena con el Bufete de Abogados Fitts, PLLC\",\"breadcrumb\":{\"@id\":\"https:\\\/\\\/fittslawfirm.com\\\/es\\\/abogados-de-incendios-y-explosion-de-plantas\\\/abogados-de-explosion-de-planta-de-pasadena\\\/#breadcrumb\"},\"inLanguage\":\"es\",\"potentialAction\":[{\"@type\":\"ReadAction\",\"target\":[\"https:\\\/\\\/fittslawfirm.com\\\/es\\\/abogados-de-incendios-y-explosion-de-plantas\\\/abogados-de-explosion-de-planta-de-pasadena\\\/\"]}]},{\"@type\":\"BreadcrumbList\",\"@id\":\"https:\\\/\\\/fittslawfirm.com\\\/es\\\/abogados-de-incendios-y-explosion-de-plantas\\\/abogados-de-explosion-de-planta-de-pasadena\\\/#breadcrumb\",\"itemListElement\":[{\"@type\":\"ListItem\",\"position\":1,\"name\":\"Home\",\"item\":\"https:\\\/\\\/fittslawfirm.com\\\/es\\\/pagina-de-inicio\\\/\"},{\"@type\":\"ListItem\",\"position\":2,\"name\":\"Abogados para casos de incendios y explosi\u00f3n en plantas\",\"item\":\"https:\\\/\\\/fittslawfirm.com\\\/es\\\/abogados-de-incendios-y-explosion-de-plantas\\\/\"},{\"@type\":\"ListItem\",\"position\":3,\"name\":\"Abogados para el caso de explosi\u00f3n de la Planta en Pasadena\"}]},{\"@type\":\"WebSite\",\"@id\":\"https:\\\/\\\/fittslawfirm.com\\\/#website\",\"url\":\"https:\\\/\\\/fittslawfirm.com\\\/\",\"name\":\"Fitts Law Firm\",\"description\":\"Houston Texas Personal Injury and Insurance Attorney\",\"publisher\":{\"@id\":\"https:\\\/\\\/fittslawfirm.com\\\/#organization\"},\"alternateName\":\"Houston Civil Litigation Firm\",\"potentialAction\":[{\"@type\":\"SearchAction\",\"target\":{\"@type\":\"EntryPoint\",\"urlTemplate\":\"https:\\\/\\\/fittslawfirm.com\\\/?s={search_term_string}\"},\"query-input\":{\"@type\":\"PropertyValueSpecification\",\"valueRequired\":true,\"valueName\":\"search_term_string\"}}],\"inLanguage\":\"es\"},{\"@type\":\"Organization\",\"@id\":\"https:\\\/\\\/fittslawfirm.com\\\/#organization\",\"name\":\"Fitts Law Firm\",\"alternateName\":\"Houston Texas Personal Injury and Insurance Attorney\",\"url\":\"https:\\\/\\\/fittslawfirm.com\\\/\",\"logo\":{\"@type\":\"ImageObject\",\"inLanguage\":\"es\",\"@id\":\"https:\\\/\\\/fittslawfirm.com\\\/#\\\/schema\\\/logo\\\/image\\\/\",\"url\":\"https:\\\/\\\/fittslawfirm.com\\\/wp-content\\\/uploads\\\/2023\\\/03\\\/Houston-Civil-Law-Firm.jpg\",\"contentUrl\":\"https:\\\/\\\/fittslawfirm.com\\\/wp-content\\\/uploads\\\/2023\\\/03\\\/Houston-Civil-Law-Firm.jpg\",\"width\":300,\"height\":300,\"caption\":\"Fitts Law Firm\"},\"image\":{\"@id\":\"https:\\\/\\\/fittslawfirm.com\\\/#\\\/schema\\\/logo\\\/image\\\/\"},\"sameAs\":[\"https:\\\/\\\/www.facebook.com\\\/FittsLawFirm\\\/\",\"https:\\\/\\\/www.youtube.com\\\/@fittslawfirm\"]}]}<\/script>\n<!-- \/ Yoast SEO plugin. -->","yoast_head_json":{"title":"Evaluaci\u00f3n gratuita en el caso de explosi\u00f3n de la planta en Pasadena | Bufete de Abogados Fitts, PLLC","description":"Obtenga su evaluaci\u00f3n gratuita en el caso de explosi\u00f3n en la planta de Kuraray America en Pasadena con el Bufete de Abogados Fitts, PLLC","robots":{"index":"index","follow":"follow","max-snippet":"max-snippet:-1","max-image-preview":"max-image-preview:large","max-video-preview":"max-video-preview:-1"},"canonical":"https:\/\/fittslawfirm.com\/es\/abogados-de-incendios-y-explosion-de-plantas\/abogados-de-explosion-de-planta-de-pasadena\/","og_locale":"es_ES","og_type":"article","og_title":"Evaluaci\u00f3n gratuita en el caso de explosi\u00f3n de la planta en Pasadena | Bufete de Abogados Fitts, PLLC","og_description":"Obtenga su evaluaci\u00f3n gratuita en el caso de explosi\u00f3n en la planta de Kuraray America en Pasadena con el Bufete de Abogados Fitts, PLLC","og_url":"https:\/\/fittslawfirm.com\/es\/abogados-de-incendios-y-explosion-de-plantas\/abogados-de-explosion-de-planta-de-pasadena\/","og_site_name":"Fitts Law Firm","article_publisher":"https:\/\/www.facebook.com\/FittsLawFirm\/","article_modified_time":"2021-11-24T19:37:30+00:00","og_image":[{"width":1200,"height":583,"url":"https:\/\/fittslawfirm.com\/wp-content\/uploads\/2023\/03\/Houston-civil-litigation-firm-banner.jpg","type":"image\/jpeg"}],"twitter_card":"summary_large_image","twitter_misc":{"Tiempo de lectura":"2 minutos"},"schema":{"@context":"https:\/\/schema.org","@graph":[{"@type":"WebPage","@id":"https:\/\/fittslawfirm.com\/es\/abogados-de-incendios-y-explosion-de-plantas\/abogados-de-explosion-de-planta-de-pasadena\/","url":"https:\/\/fittslawfirm.com\/es\/abogados-de-incendios-y-explosion-de-plantas\/abogados-de-explosion-de-planta-de-pasadena\/","name":"Evaluaci\u00f3n gratuita en el caso de explosi\u00f3n de la planta en Pasadena | Bufete de Abogados Fitts, PLLC","isPartOf":{"@id":"https:\/\/fittslawfirm.com\/#website"},"datePublished":"2021-11-19T20:20:59+00:00","dateModified":"2021-11-24T19:37:30+00:00","description":"Obtenga su evaluaci\u00f3n gratuita en el caso de explosi\u00f3n en la planta de Kuraray America en Pasadena con el Bufete de Abogados Fitts, PLLC","breadcrumb":{"@id":"https:\/\/fittslawfirm.com\/es\/abogados-de-incendios-y-explosion-de-plantas\/abogados-de-explosion-de-planta-de-pasadena\/#breadcrumb"},"inLanguage":"es","potentialAction":[{"@type":"ReadAction","target":["https:\/\/fittslawfirm.com\/es\/abogados-de-incendios-y-explosion-de-plantas\/abogados-de-explosion-de-planta-de-pasadena\/"]}]},{"@type":"BreadcrumbList","@id":"https:\/\/fittslawfirm.com\/es\/abogados-de-incendios-y-explosion-de-plantas\/abogados-de-explosion-de-planta-de-pasadena\/#breadcrumb","itemListElement":[{"@type":"ListItem","position":1,"name":"Home","item":"https:\/\/fittslawfirm.com\/es\/pagina-de-inicio\/"},{"@type":"ListItem","position":2,"name":"Abogados para casos de incendios y explosi\u00f3n en plantas","item":"https:\/\/fittslawfirm.com\/es\/abogados-de-incendios-y-explosion-de-plantas\/"},{"@type":"ListItem","position":3,"name":"Abogados para el caso de explosi\u00f3n de la Planta en Pasadena"}]},{"@type":"WebSite","@id":"https:\/\/fittslawfirm.com\/#website","url":"https:\/\/fittslawfirm.com\/","name":"Fitts Law Firm","description":"Houston Texas Personal Injury and Insurance Attorney","publisher":{"@id":"https:\/\/fittslawfirm.com\/#organization"},"alternateName":"Houston Civil Litigation Firm","potentialAction":[{"@type":"SearchAction","target":{"@type":"EntryPoint","urlTemplate":"https:\/\/fittslawfirm.com\/?s={search_term_string}"},"query-input":{"@type":"PropertyValueSpecification","valueRequired":true,"valueName":"search_term_string"}}],"inLanguage":"es"},{"@type":"Organization","@id":"https:\/\/fittslawfirm.com\/#organization","name":"Fitts Law Firm","alternateName":"Houston Texas Personal Injury and Insurance Attorney","url":"https:\/\/fittslawfirm.com\/","logo":{"@type":"ImageObject","inLanguage":"es","@id":"https:\/\/fittslawfirm.com\/#\/schema\/logo\/image\/","url":"https:\/\/fittslawfirm.com\/wp-content\/uploads\/2023\/03\/Houston-Civil-Law-Firm.jpg","contentUrl":"https:\/\/fittslawfirm.com\/wp-content\/uploads\/2023\/03\/Houston-Civil-Law-Firm.jpg","width":300,"height":300,"caption":"Fitts Law Firm"},"image":{"@id":"https:\/\/fittslawfirm.com\/#\/schema\/logo\/image\/"},"sameAs":["https:\/\/www.facebook.com\/FittsLawFirm\/","https:\/\/www.youtube.com\/@fittslawfirm"]}]}},"_links":{"self":[{"href":"https:\/\/fittslawfirm.com\/es\/wp-json\/wp\/v2\/pages\/1408","targetHints":{"allow":["GET"]}}],"collection":[{"href":"https:\/\/fittslawfirm.com\/es\/wp-json\/wp\/v2\/pages"}],"about":[{"href":"https:\/\/fittslawfirm.com\/es\/wp-json\/wp\/v2\/types\/page"}],"author":[{"embeddable":true,"href":"https:\/\/fittslawfirm.com\/es\/wp-json\/wp\/v2\/users\/2"}],"replies":[{"embeddable":true,"href":"https:\/\/fittslawfirm.com\/es\/wp-json\/wp\/v2\/comments?post=1408"}],"version-history":[{"count":0,"href":"https:\/\/fittslawfirm.com\/es\/wp-json\/wp\/v2\/pages\/1408\/revisions"}],"up":[{"embeddable":true,"href":"https:\/\/fittslawfirm.com\/es\/wp-json\/wp\/v2\/pages\/1410"}],"wp:attachment":[{"href":"https:\/\/fittslawfirm.com\/es\/wp-json\/wp\/v2\/media?parent=1408"}],"curies":[{"name":"wp","href":"https:\/\/api.w.org\/{rel}","templated":true}]}}