{"id":1402,"date":"2021-11-19T20:20:56","date_gmt":"2021-11-19T20:20:56","guid":{"rendered":"https:\/\/fittslawfirm.com\/abogado-de-explosion-de-houston-tpc\/"},"modified":"2026-01-08T20:32:14","modified_gmt":"2026-01-09T02:32:14","slug":"abogado-de-explosion-de-houston-tpc","status":"publish","type":"page","link":"https:\/\/fittslawfirm.com\/es\/abogados-de-incendios-y-explosion-de-plantas\/abogado-de-explosion-de-houston-tpc\/","title":{"rendered":"Abogado de las Explosiones de Houston TPC"},"content":{"rendered":"<section class=\"wpb-content-wrapper\"><p>[vc_row][vc_column][vc_column_text]El 27 de noviembre de este a\u00f1o, las explosiones en la planta qu\u00edmica de TPC en Port Neches, Texas, sacudieron la ciudad y las comunidades circundantes. Despu\u00e9s de las explosiones, se propiciaron algunos incendios, mismos que estuvieron ardiendo sin control, arrojando contaminantes peligrosos al aire durante casi una semana. Los informes de la Comisi\u00f3n de Calidad Ambiental de Texas indican que los efectos del evento a\u00fan persisten.<\/p>\n<p><iframe src=\"https:\/\/www.youtube.com\/embed\/PVfJWwbOH5U\" width=\"560\" height=\"315\" frameborder=\"0\" allowfullscreen=\"allowfullscreen\"><\/iframe><\/p>\n<p>Las explosiones e incendios provocaron evacuaciones masivas, incluyendo algunas \u00e1reas con alcance de hasta 4 millas de la planta. Por si fuera poco, gener\u00f3 p\u00e9rdidas de millones de d\u00f3lares para aquellos cuya salud, propiedad y negocios se vieron afectados por las explosiones y sus secuelas. Los informes indican que TPC posee un historial de violaciones ambientales estatales y federales que se remontan a a\u00f1os, incluyendo las violaciones continuas de los est\u00e1ndares de calidad del aire desde 2017.<\/p>\n<h2>Como resultado de la explosi\u00f3n de TPC<\/h2>\n<p>Hay varios tipos diferentes de da\u00f1os que usted puede haber experimentado como resultado de la explosi\u00f3n en la refiner\u00eda de TPC. Entre ellos:<\/p>\n<ul>\n<li><strong>Lesiones f\u00edsicas.<\/strong> Es posible que usted ya haya realizado una reclamaci\u00f3n por lesiones f\u00edsicas, mismas que podr\u00edamos procesar a nombre suyo debido a la explosi\u00f3n y a los incendios de TPC. Su reclamaci\u00f3n podr\u00eda tratarse de una lesi\u00f3n que ocurri\u00f3 inmediatamente o simplemente despu\u00e9s de las explosiones, incluyendo la inhalaci\u00f3n de humo, ser golpeado por escombros o lesiones similares. Adem\u00e1s, muchas personas han experimentado y contin\u00faan experimentando s\u00edntomas como dolores de cabeza, de o\u00eddos y de garganta, entre otros, que pueden ser el resultado directo de la explosi\u00f3n y de los incendios de TPC. Recuerde que la planta conten\u00eda carcin\u00f3genos conocidos. Si cree que puede haber sufrido lesiones f\u00edsicas atribuibles al incidente, pero no puede encontrar un m\u00e9dico para evaluar sus padecimientos, nuestro bufete puede ayudarlo.<\/li>\n<li><strong>Da\u00f1o a la propiedad.<\/strong> Las explosiones causaron ventanas y accesorios rotos, da\u00f1os estructurales, propiedad golpeada por escombros lanzados al aire por la explosi\u00f3n, entre otros problemas. Algunos de estos pueden o podr\u00edan en el futuro, provocar da\u00f1os debido a la presencia de agua y problemas relacionados como el moho. Lo que es particularmente frecuente en el radio de media milla alrededor de la planta, que fue evacuada despu\u00e9s de las explosiones. Nuestros expertos pueden evaluar la causa y el costo de reparaci\u00f3n de dichos da\u00f1os.<\/li>\n<li><strong>P\u00e9rdidas comerciales.<\/strong> Si su negocio fue cerrado o no pudo operar, es probable que usted sea acreedor a una compensaci\u00f3n debido a las p\u00e9rdidas comerciales. Incluyendo no solo los da\u00f1os a la propiedad comercial, sino tambi\u00e9n la p\u00e9rdida de ganancias causada por la imposibilidad de operar debido a las explosiones e incendios de TPC. Nuestro personal puede calcular el monto de dichos da\u00f1os.<\/li>\n<\/ul>\n<p>Si ha sufrido alguno de los da\u00f1os o p\u00e9rdidas antes mencionados, posiblemente tendr\u00e1 derecho a una indemnizaci\u00f3n. Pero es fundamental que usted tome las medidas adecuadas.<\/p>\n<h2>\u00bfQu\u00e9 debo hacer para continuar con mi reclamaci\u00f3n por da\u00f1os de TPC?<\/h2>\n<p>Hay pasos que definitivamente debe tomar para solidificar y dar seguimiento a su reclamaci\u00f3n por da\u00f1os como resultado del incidente de TPC. El primer paso, por supuesto, en el caso de lesiones f\u00edsicas, es buscar tratamiento m\u00e9dico inmediato para cualquier lesi\u00f3n. Despu\u00e9s de eso, es importante documentar los detalles de su reclamaci\u00f3n. Debe tomar fotograf\u00edas y mantener un registro escrito de cualquier da\u00f1o ocasionado a su propiedad. Si se hicieron reparaciones, guarde los recibos y cualquier otra documentaci\u00f3n relacionada con las mismas. Adem\u00e1s, deber\u00e1 conservar todos los registros relacionados a su tratamiento m\u00e9dico.<\/p>\n<p>Con respecto a cualquier p\u00e9rdida comercial, guarde sus registros comerciales. Es necesario calcular el monto de la p\u00e9rdida. Nosotros contamos con expertos que pueden ayudarlo a analizar si se trata de una reclamaci\u00f3n por p\u00e9rdida de negocio.<\/p>\n<h2>Abogado de las Explosiones de TPC Port Neches en Houston<\/h2>\n<p>Si cree que califica para una reclamaci\u00f3n por da\u00f1os como resultado del desastre de TPC, hable con un abogado con experiencia en ayudar a los clientes a buscar da\u00f1os como resultado de explosiones industriales y petroqu\u00edmicas. Llame al bufete de abogados Fitts hoy para obtener una consulta gratuita.[\/vc_column_text][\/vc_column][\/vc_row][vc_row][vc_column]\n<div class=\"wpcf7 no-js\" id=\"wpcf7-f639-o1\" lang=\"en-US\" dir=\"ltr\" data-wpcf7-id=\"639\">\n<div class=\"screen-reader-response\"><p role=\"status\" aria-live=\"polite\" aria-atomic=\"true\"><\/p> <ul><\/ul><\/div>\n<form action=\"\/es\/wp-json\/wp\/v2\/pages\/1402#wpcf7-f639-o1\" method=\"post\" class=\"wpcf7-form init\" aria-label=\"Contact form\" novalidate=\"novalidate\" data-status=\"init\">\n<fieldset class=\"hidden-fields-container\"><input type=\"hidden\" name=\"_wpcf7\" value=\"639\" \/><input type=\"hidden\" name=\"_wpcf7_version\" value=\"6.1.5\" \/><input type=\"hidden\" name=\"_wpcf7_locale\" value=\"en_US\" \/><input type=\"hidden\" name=\"_wpcf7_unit_tag\" value=\"wpcf7-f639-o1\" \/><input type=\"hidden\" name=\"_wpcf7_container_post\" value=\"0\" \/><input type=\"hidden\" name=\"_wpcf7_posted_data_hash\" value=\"\" \/><input type=\"hidden\" name=\"_wpcf7_recaptcha_response\" value=\"\" \/>\n<\/fieldset>\n<div class=\"form_1_2\">\n\t<p><span class=\"wpcf7-form-control-wrap\" data-name=\"first-name\"><input size=\"40\" maxlength=\"400\" class=\"wpcf7-form-control wpcf7-text wpcf7-validates-as-required\" aria-required=\"true\" aria-invalid=\"false\" placeholder=\"First Name *\" value=\"\" type=\"text\" name=\"first-name\" \/><\/span>\n\t<\/p>\n<\/div>\n<div class=\"form_1_2 last\">\n\t<p><span class=\"wpcf7-form-control-wrap\" data-name=\"last-name\"><input size=\"40\" maxlength=\"400\" class=\"wpcf7-form-control wpcf7-text wpcf7-validates-as-required\" aria-required=\"true\" aria-invalid=\"false\" placeholder=\"Last Name *\" value=\"\" type=\"text\" name=\"last-name\" \/><\/span>\n\t<\/p>\n<\/div>\n<div class=\"clear\">\n<\/div>\n<div class=\"form_1_2\">\n\t<p><span class=\"wpcf7-form-control-wrap\" data-name=\"your-email\"><input size=\"40\" maxlength=\"400\" class=\"wpcf7-form-control wpcf7-email wpcf7-validates-as-required wpcf7-text wpcf7-validates-as-email\" aria-required=\"true\" aria-invalid=\"false\" placeholder=\"Your Email *\" value=\"\" type=\"email\" name=\"your-email\" \/><\/span>\n\t<\/p>\n<\/div>\n<div class=\"form_1_2 last\">\n\t<p><span class=\"wpcf7-form-control-wrap\" data-name=\"tel-879\"><input size=\"40\" maxlength=\"400\" class=\"wpcf7-form-control wpcf7-tel wpcf7-validates-as-required wpcf7-text wpcf7-validates-as-tel\" aria-required=\"true\" aria-invalid=\"false\" placeholder=\"Your Phone Number *\" value=\"\" type=\"tel\" name=\"tel-879\" \/><\/span>\n\t<\/p>\n<\/div>\n<div class=\"clear\">\n<\/div>\n<p><span class=\"wpcf7-form-control-wrap\" data-name=\"case-details\"><textarea cols=\"40\" rows=\"10\" maxlength=\"2000\" class=\"wpcf7-form-control wpcf7-textarea\" aria-invalid=\"false\" placeholder=\"Case Details\" name=\"case-details\"><\/textarea><\/span>\n<\/p>\n<p><input class=\"wpcf7-form-control wpcf7-submit has-spinner btn btn-large btn-secondary\" type=\"submit\" value=\"Submit Evaluation\" \/>\n<\/p><div class=\"wpcf7-response-output\" aria-hidden=\"true\"><\/div>\n<\/form>\n<\/div>\n[\/vc_column][\/vc_row]<\/p>\n<\/section>","protected":false},"excerpt":{"rendered":"<p>[vc_row][vc_column][vc_column_text]El 27 de noviembre de este a\u00f1o, las explosiones en la planta qu\u00edmica de TPC en Port Neches, Texas, sacudieron &#8230;<\/p>\n","protected":false},"author":2,"featured_media":0,"parent":1410,"menu_order":0,"comment_status":"closed","ping_status":"closed","template":"","meta":{"footnotes":""},"class_list":["post-1402","page","type-page","status-publish","hentry"],"yoast_head":"<!-- This site is optimized with the Yoast SEO plugin v27.3 - https:\/\/yoast.com\/product\/yoast-seo-wordpress\/ -->\n<title>Abogado de las Explosiones de Houston TPC | Fitts Law Firm<\/title>\n<meta name=\"description\" content=\"Si ha sufrido lesiones, da\u00f1os a la propiedad o p\u00e9rdidas comerciales como resultado de la explosi\u00f3n en la planta de TPC Port Neches, Texas, probablemente tendr\u00e1 derecho a una compensaci\u00f3n. Llame al bufete de abogados Fitts ahora mismo para obtener una evaluaci\u00f3n concreta sobre su caso.\" \/>\n<meta name=\"robots\" content=\"index, follow, max-snippet:-1, max-image-preview:large, max-video-preview:-1\" \/>\n<link rel=\"canonical\" href=\"https:\/\/fittslawfirm.com\/es\/abogados-de-incendios-y-explosion-de-plantas\/abogado-de-explosion-de-houston-tpc\/\" \/>\n<meta property=\"og:locale\" content=\"es_ES\" \/>\n<meta property=\"og:type\" content=\"article\" \/>\n<meta property=\"og:title\" content=\"Abogado de las Explosiones de Houston TPC | Fitts Law Firm\" \/>\n<meta property=\"og:description\" content=\"Si ha sufrido lesiones, da\u00f1os a la propiedad o p\u00e9rdidas comerciales como resultado de la explosi\u00f3n en la planta de TPC Port Neches, Texas, probablemente tendr\u00e1 derecho a una compensaci\u00f3n. Llame al bufete de abogados Fitts ahora mismo para obtener una evaluaci\u00f3n concreta sobre su caso.\" \/>\n<meta property=\"og:url\" content=\"https:\/\/fittslawfirm.com\/es\/abogados-de-incendios-y-explosion-de-plantas\/abogado-de-explosion-de-houston-tpc\/\" \/>\n<meta property=\"og:site_name\" content=\"Fitts Law Firm\" \/>\n<meta property=\"article:publisher\" content=\"https:\/\/www.facebook.com\/FittsLawFirm\/\" \/>\n<meta property=\"article:modified_time\" content=\"2026-01-09T02:32:14+00:00\" \/>\n<meta property=\"og:image\" content=\"https:\/\/fittslawfirm.com\/wp-content\/uploads\/2023\/03\/Houston-civil-litigation-firm-banner.jpg\" \/>\n\t<meta property=\"og:image:width\" content=\"1200\" \/>\n\t<meta property=\"og:image:height\" content=\"583\" \/>\n\t<meta property=\"og:image:type\" content=\"image\/jpeg\" \/>\n<meta name=\"twitter:card\" content=\"summary_large_image\" \/>\n<meta name=\"twitter:label1\" content=\"Tiempo de lectura\" \/>\n\t<meta name=\"twitter:data1\" content=\"3 minutos\" \/>\n<script type=\"application\/ld+json\" class=\"yoast-schema-graph\">{\"@context\":\"https:\\\/\\\/schema.org\",\"@graph\":[{\"@type\":\"WebPage\",\"@id\":\"https:\\\/\\\/fittslawfirm.com\\\/es\\\/abogados-de-incendios-y-explosion-de-plantas\\\/abogado-de-explosion-de-houston-tpc\\\/\",\"url\":\"https:\\\/\\\/fittslawfirm.com\\\/es\\\/abogados-de-incendios-y-explosion-de-plantas\\\/abogado-de-explosion-de-houston-tpc\\\/\",\"name\":\"Abogado de las Explosiones de Houston TPC | Fitts Law Firm\",\"isPartOf\":{\"@id\":\"https:\\\/\\\/fittslawfirm.com\\\/#website\"},\"datePublished\":\"2021-11-19T20:20:56+00:00\",\"dateModified\":\"2026-01-09T02:32:14+00:00\",\"description\":\"Si ha sufrido lesiones, da\u00f1os a la propiedad o p\u00e9rdidas comerciales como resultado de la explosi\u00f3n en la planta de TPC Port Neches, Texas, probablemente tendr\u00e1 derecho a una compensaci\u00f3n. Llame al bufete de abogados Fitts ahora mismo para obtener una evaluaci\u00f3n concreta sobre su caso.\",\"breadcrumb\":{\"@id\":\"https:\\\/\\\/fittslawfirm.com\\\/es\\\/abogados-de-incendios-y-explosion-de-plantas\\\/abogado-de-explosion-de-houston-tpc\\\/#breadcrumb\"},\"inLanguage\":\"es\",\"potentialAction\":[{\"@type\":\"ReadAction\",\"target\":[\"https:\\\/\\\/fittslawfirm.com\\\/es\\\/abogados-de-incendios-y-explosion-de-plantas\\\/abogado-de-explosion-de-houston-tpc\\\/\"]}]},{\"@type\":\"BreadcrumbList\",\"@id\":\"https:\\\/\\\/fittslawfirm.com\\\/es\\\/abogados-de-incendios-y-explosion-de-plantas\\\/abogado-de-explosion-de-houston-tpc\\\/#breadcrumb\",\"itemListElement\":[{\"@type\":\"ListItem\",\"position\":1,\"name\":\"Home\",\"item\":\"https:\\\/\\\/fittslawfirm.com\\\/es\\\/pagina-de-inicio\\\/\"},{\"@type\":\"ListItem\",\"position\":2,\"name\":\"Abogados para casos de incendios y explosi\u00f3n en plantas\",\"item\":\"https:\\\/\\\/fittslawfirm.com\\\/es\\\/abogados-de-incendios-y-explosion-de-plantas\\\/\"},{\"@type\":\"ListItem\",\"position\":3,\"name\":\"Abogado de las Explosiones de Houston TPC\"}]},{\"@type\":\"WebSite\",\"@id\":\"https:\\\/\\\/fittslawfirm.com\\\/#website\",\"url\":\"https:\\\/\\\/fittslawfirm.com\\\/\",\"name\":\"Fitts Law Firm\",\"description\":\"Houston Texas Personal Injury and Insurance Attorney\",\"publisher\":{\"@id\":\"https:\\\/\\\/fittslawfirm.com\\\/#organization\"},\"alternateName\":\"Houston Civil Litigation Firm\",\"potentialAction\":[{\"@type\":\"SearchAction\",\"target\":{\"@type\":\"EntryPoint\",\"urlTemplate\":\"https:\\\/\\\/fittslawfirm.com\\\/?s={search_term_string}\"},\"query-input\":{\"@type\":\"PropertyValueSpecification\",\"valueRequired\":true,\"valueName\":\"search_term_string\"}}],\"inLanguage\":\"es\"},{\"@type\":\"Organization\",\"@id\":\"https:\\\/\\\/fittslawfirm.com\\\/#organization\",\"name\":\"Fitts Law Firm\",\"alternateName\":\"Houston Texas Personal Injury and Insurance Attorney\",\"url\":\"https:\\\/\\\/fittslawfirm.com\\\/\",\"logo\":{\"@type\":\"ImageObject\",\"inLanguage\":\"es\",\"@id\":\"https:\\\/\\\/fittslawfirm.com\\\/#\\\/schema\\\/logo\\\/image\\\/\",\"url\":\"https:\\\/\\\/fittslawfirm.com\\\/wp-content\\\/uploads\\\/2023\\\/03\\\/Houston-Civil-Law-Firm.jpg\",\"contentUrl\":\"https:\\\/\\\/fittslawfirm.com\\\/wp-content\\\/uploads\\\/2023\\\/03\\\/Houston-Civil-Law-Firm.jpg\",\"width\":300,\"height\":300,\"caption\":\"Fitts Law Firm\"},\"image\":{\"@id\":\"https:\\\/\\\/fittslawfirm.com\\\/#\\\/schema\\\/logo\\\/image\\\/\"},\"sameAs\":[\"https:\\\/\\\/www.facebook.com\\\/FittsLawFirm\\\/\",\"https:\\\/\\\/www.youtube.com\\\/@fittslawfirm\"]}]}<\/script>\n<!-- \/ Yoast SEO plugin. -->","yoast_head_json":{"title":"Abogado de las Explosiones de Houston TPC | Fitts Law Firm","description":"Si ha sufrido lesiones, da\u00f1os a la propiedad o p\u00e9rdidas comerciales como resultado de la explosi\u00f3n en la planta de TPC Port Neches, Texas, probablemente tendr\u00e1 derecho a una compensaci\u00f3n. Llame al bufete de abogados Fitts ahora mismo para obtener una evaluaci\u00f3n concreta sobre su caso.","robots":{"index":"index","follow":"follow","max-snippet":"max-snippet:-1","max-image-preview":"max-image-preview:large","max-video-preview":"max-video-preview:-1"},"canonical":"https:\/\/fittslawfirm.com\/es\/abogados-de-incendios-y-explosion-de-plantas\/abogado-de-explosion-de-houston-tpc\/","og_locale":"es_ES","og_type":"article","og_title":"Abogado de las Explosiones de Houston TPC | Fitts Law Firm","og_description":"Si ha sufrido lesiones, da\u00f1os a la propiedad o p\u00e9rdidas comerciales como resultado de la explosi\u00f3n en la planta de TPC Port Neches, Texas, probablemente tendr\u00e1 derecho a una compensaci\u00f3n. Llame al bufete de abogados Fitts ahora mismo para obtener una evaluaci\u00f3n concreta sobre su caso.","og_url":"https:\/\/fittslawfirm.com\/es\/abogados-de-incendios-y-explosion-de-plantas\/abogado-de-explosion-de-houston-tpc\/","og_site_name":"Fitts Law Firm","article_publisher":"https:\/\/www.facebook.com\/FittsLawFirm\/","article_modified_time":"2026-01-09T02:32:14+00:00","og_image":[{"width":1200,"height":583,"url":"https:\/\/fittslawfirm.com\/wp-content\/uploads\/2023\/03\/Houston-civil-litigation-firm-banner.jpg","type":"image\/jpeg"}],"twitter_card":"summary_large_image","twitter_misc":{"Tiempo de lectura":"3 minutos"},"schema":{"@context":"https:\/\/schema.org","@graph":[{"@type":"WebPage","@id":"https:\/\/fittslawfirm.com\/es\/abogados-de-incendios-y-explosion-de-plantas\/abogado-de-explosion-de-houston-tpc\/","url":"https:\/\/fittslawfirm.com\/es\/abogados-de-incendios-y-explosion-de-plantas\/abogado-de-explosion-de-houston-tpc\/","name":"Abogado de las Explosiones de Houston TPC | Fitts Law Firm","isPartOf":{"@id":"https:\/\/fittslawfirm.com\/#website"},"datePublished":"2021-11-19T20:20:56+00:00","dateModified":"2026-01-09T02:32:14+00:00","description":"Si ha sufrido lesiones, da\u00f1os a la propiedad o p\u00e9rdidas comerciales como resultado de la explosi\u00f3n en la planta de TPC Port Neches, Texas, probablemente tendr\u00e1 derecho a una compensaci\u00f3n. Llame al bufete de abogados Fitts ahora mismo para obtener una evaluaci\u00f3n concreta sobre su caso.","breadcrumb":{"@id":"https:\/\/fittslawfirm.com\/es\/abogados-de-incendios-y-explosion-de-plantas\/abogado-de-explosion-de-houston-tpc\/#breadcrumb"},"inLanguage":"es","potentialAction":[{"@type":"ReadAction","target":["https:\/\/fittslawfirm.com\/es\/abogados-de-incendios-y-explosion-de-plantas\/abogado-de-explosion-de-houston-tpc\/"]}]},{"@type":"BreadcrumbList","@id":"https:\/\/fittslawfirm.com\/es\/abogados-de-incendios-y-explosion-de-plantas\/abogado-de-explosion-de-houston-tpc\/#breadcrumb","itemListElement":[{"@type":"ListItem","position":1,"name":"Home","item":"https:\/\/fittslawfirm.com\/es\/pagina-de-inicio\/"},{"@type":"ListItem","position":2,"name":"Abogados para casos de incendios y explosi\u00f3n en plantas","item":"https:\/\/fittslawfirm.com\/es\/abogados-de-incendios-y-explosion-de-plantas\/"},{"@type":"ListItem","position":3,"name":"Abogado de las Explosiones de Houston TPC"}]},{"@type":"WebSite","@id":"https:\/\/fittslawfirm.com\/#website","url":"https:\/\/fittslawfirm.com\/","name":"Fitts Law Firm","description":"Houston Texas Personal Injury and Insurance Attorney","publisher":{"@id":"https:\/\/fittslawfirm.com\/#organization"},"alternateName":"Houston Civil Litigation Firm","potentialAction":[{"@type":"SearchAction","target":{"@type":"EntryPoint","urlTemplate":"https:\/\/fittslawfirm.com\/?s={search_term_string}"},"query-input":{"@type":"PropertyValueSpecification","valueRequired":true,"valueName":"search_term_string"}}],"inLanguage":"es"},{"@type":"Organization","@id":"https:\/\/fittslawfirm.com\/#organization","name":"Fitts Law Firm","alternateName":"Houston Texas Personal Injury and Insurance Attorney","url":"https:\/\/fittslawfirm.com\/","logo":{"@type":"ImageObject","inLanguage":"es","@id":"https:\/\/fittslawfirm.com\/#\/schema\/logo\/image\/","url":"https:\/\/fittslawfirm.com\/wp-content\/uploads\/2023\/03\/Houston-Civil-Law-Firm.jpg","contentUrl":"https:\/\/fittslawfirm.com\/wp-content\/uploads\/2023\/03\/Houston-Civil-Law-Firm.jpg","width":300,"height":300,"caption":"Fitts Law Firm"},"image":{"@id":"https:\/\/fittslawfirm.com\/#\/schema\/logo\/image\/"},"sameAs":["https:\/\/www.facebook.com\/FittsLawFirm\/","https:\/\/www.youtube.com\/@fittslawfirm"]}]}},"_links":{"self":[{"href":"https:\/\/fittslawfirm.com\/es\/wp-json\/wp\/v2\/pages\/1402","targetHints":{"allow":["GET"]}}],"collection":[{"href":"https:\/\/fittslawfirm.com\/es\/wp-json\/wp\/v2\/pages"}],"about":[{"href":"https:\/\/fittslawfirm.com\/es\/wp-json\/wp\/v2\/types\/page"}],"author":[{"embeddable":true,"href":"https:\/\/fittslawfirm.com\/es\/wp-json\/wp\/v2\/users\/2"}],"replies":[{"embeddable":true,"href":"https:\/\/fittslawfirm.com\/es\/wp-json\/wp\/v2\/comments?post=1402"}],"version-history":[{"count":0,"href":"https:\/\/fittslawfirm.com\/es\/wp-json\/wp\/v2\/pages\/1402\/revisions"}],"up":[{"embeddable":true,"href":"https:\/\/fittslawfirm.com\/es\/wp-json\/wp\/v2\/pages\/1410"}],"wp:attachment":[{"href":"https:\/\/fittslawfirm.com\/es\/wp-json\/wp\/v2\/media?parent=1402"}],"curies":[{"name":"wp","href":"https:\/\/api.w.org\/{rel}","templated":true}]}}