{"id":1397,"date":"2021-11-19T20:20:54","date_gmt":"2021-11-19T20:20:54","guid":{"rendered":"https:\/\/fittslawfirm.com\/areas-de-practica\/abogado-de-filtro-ivc\/"},"modified":"2026-01-08T20:01:36","modified_gmt":"2026-01-09T02:01:36","slug":"abogado-de-filtro-ivc","status":"publish","type":"page","link":"https:\/\/fittslawfirm.com\/es\/areas-de-practica\/abogado-de-filtro-ivc\/","title":{"rendered":"Abogado experto en el caso de filtro VCI"},"content":{"rendered":"<section class=\"wpb-content-wrapper\"><p>[vc_row][vc_column][vc_column_text]<img decoding=\"async\" class=\"alignright size-full wp-image-869\" src=\"https:\/\/fittslawfirm.com\/wp-content\/uploads\/2016\/07\/IVC-Filter-1.jpg\" alt=\"IVC Filter Attorney\" width=\"424\" height=\"283\" srcset=\"https:\/\/fittslawfirm.com\/wp-content\/uploads\/2016\/07\/IVC-Filter-1.jpg 424w, https:\/\/fittslawfirm.com\/wp-content\/uploads\/2016\/07\/IVC-Filter-1-300x200.jpg 300w\" sizes=\"(max-width: 424px) 100vw, 424px\" \/>\u00bfEs usted uno de los muchos pacientes que sufri\u00f3 efectos secundarios despu\u00e9s de recibir un filtro VCI? Los filtros de VCI se han relacionado con una serie de condiciones de salud adversas y se han presentado muchas demandas en nombre de los pacientes afectados. Es posible que usted sea elegible a una compensaci\u00f3n debido a las lesiones y sufrimiento que le provoc\u00f3. En el Bufete de Abogados Fitts conocemos perfectamente las demandas por filtro de VCI. Trabajaremos duro en su representaci\u00f3n para obtener la compensaci\u00f3n por da\u00f1os que usted se merece. Cont\u00e1ctenos hoy mismo para obtener una consulta gratuita y honesta de un abogado en Houston experimentado y que adem\u00e1s comprende perfectamente las lesiones f\u00edsicas.<\/p>\n<h2>\u00bfQu\u00e9 es un filtro VCI?<\/h2>\n<p>Un filtro de VCI (vena cava inferior) es un peque\u00f1o dispositivo que se inserta en la vena cava inferior, la vena m\u00e1s grande del cuerpo, ubicada justo debajo de los ri\u00f1ones. Este dispositivo met\u00e1lico, que se inserta a trav\u00e9s de la arteria femoral o de la vena yugular, est\u00e1 dise\u00f1ado para prevenir el riesgo de embolias captando los co\u00e1gulos de sangre a medida que viajan a trav\u00e9s del torrente sangu\u00edneo, evitando que ingresen al coraz\u00f3n y a los pulmones. Con el tiempo, el cuerpo descompone estos co\u00e1gulos capturados y los elimina de forma natural. Los filtros de VCI presentan una buena alternativa para los pacientes que no responden bien a los anticoagulantes.<\/p>\n<p>A pesar de las buenas intenciones detr\u00e1s de la creaci\u00f3n de los filtros IVC, un gran n\u00famero de pacientes han informado una serie de efectos secundarios, algunos de ellos muy graves, asociados con los implantes de filtros en VCI.<\/p>\n<h2>Efectos secundarios de los filtros VCI<\/h2>\n<p>Los efectos secundarios relacionados con los filtros de VCI est\u00e1n bien documentados. Desde el aumento de la popularidad de los filtros VCI en la d\u00e9cada de 1970, \u00e9stos han sido responsables de innumerables condiciones de salud adversas. En 2010, la FDA lleg\u00f3 a publicar un informe que describe la gran cantidad de reportes recibidos desde 2005 con respecto a las complicaciones y el mal funcionamiento del filtro de VCI. Los pacientes informaron problemas debido al desplazamiento del dispositivo (el filtro de la VCI se mueve a trav\u00e9s en la vena), la embolizaci\u00f3n (partes del dispositivo se rompen o se desprenden y entran en el torrente sangu\u00edneo), la perforaci\u00f3n del dispositivo y la fractura del filtro. Estas complicaciones provocan efectos secundarios negativos graves, que incluyen:<\/p>\n<ul>\n<li>Dolor en el pecho<\/li>\n<li>Confusi\u00f3n<\/li>\n<li>Embolia pulmonar (tambi\u00e9n conocida como EP, un bloqueo en la vena)<\/li>\n<li>Hemorragia interna o externa (sangrado excesivo)<\/li>\n<li>Problemas respiratorios y de ventilaci\u00f3n.<\/li>\n<li>Ritmo card\u00edaco irregular<\/li>\n<li>Derrame cerebral<\/li>\n<li>Muerte<\/li>\n<\/ul>\n<p>Estas condiciones graves crean serias complicaciones en el paciente. La fractura o desintegraci\u00f3n del dispositivo puede tener un efecto perjudicial en el cuerpo. La hospitalizaci\u00f3n, la discapacidad, las lesiones permanentes, la cirug\u00eda de emergencia y otros traumas adicionales son comunes para los pacientes que sufren efectos secundarios relacionados con los filtros VCI.<\/p>\n<h2>Demandar por caso de filtro VCI<\/h2>\n<p>Si ha presentado efectos secundarios debido a un filtro de VCI, \u00a1Usted no tendr\u00eda por qu\u00e9 enfrentarse solo a la industria m\u00e9dica! Un abogado en\u00e9rgico, determinado y con experiencia en lesiones f\u00edsicas del Bufete de Abogados Fitts en Houston trabajar\u00e1 arduamente en representaci\u00f3n suya para garantizar que reciba la atenci\u00f3n y la compensaci\u00f3n que se merece. Los abogados de Bufete de Abogados Fitts conocen la industrias m\u00e9dica y farmac\u00e9utica, saben c\u00f3mo construir una s\u00f3lida estrategia legal para demandas y ligios de filtros de VCI.<\/p>\n<p>P\u00f3ngase en contacto con nosotros en nuestra oficina de Houston hoy mismo para obtener una consulta gratuita sobre el caso de filtros de VCI. Cuando acuda a nosotros, tendr\u00e1 toda nuestra atenci\u00f3n. Escucharemos atentamente sus inquietudes, complicaciones y sus objetivos para el litigio. Tambi\u00e9n le explicaremos detalladamente lo que podemos hacer por usted y c\u00f3mo pretendemos lograrlo. Construiremos un caso en torno al da\u00f1o que le pudo haber generado y responsabilizaremos a los involucrados.<\/p>\n<p>\u00a1No demore en comenzar a construir su caso! Existe un estatuto de limitaciones para los litigios con respecto a los filtros de VCI: si se demora en presentar su demanda, su caso puede perder la elegibilidad de reparaci\u00f3n de da\u00f1os y perjuicios. Bryant Fitts es un abogado de Houston con experiencia en lesiones f\u00edsicas, dedicado a ayudar a las personas a recuperarse. Si cree que puede estar sufriendo lesiones o complicaciones derivadas de una operaci\u00f3n de un filtro VCI, <a href=\"https:\/\/fittslawfirm.com\/contact-2\/\">comun\u00edquese con el Bufete de Abogados Fitts<\/a> hoy mismo para obtener una consulta gratuita y revisi\u00f3n de su caso.[\/vc_column_text][\/vc_column][\/vc_row]<\/p>\n<h2>Complete el formulario para obtener una revisi\u00f3n de caso gratuita<\/h2>\n\n<div class=\"wpcf7 no-js\" id=\"wpcf7-f639-o1\" lang=\"en-US\" dir=\"ltr\" data-wpcf7-id=\"639\">\n<div class=\"screen-reader-response\"><p role=\"status\" aria-live=\"polite\" aria-atomic=\"true\"><\/p> <ul><\/ul><\/div>\n<form action=\"\/es\/wp-json\/wp\/v2\/pages\/1397#wpcf7-f639-o1\" method=\"post\" class=\"wpcf7-form init\" aria-label=\"Contact form\" novalidate=\"novalidate\" data-status=\"init\">\n<fieldset class=\"hidden-fields-container\"><input type=\"hidden\" name=\"_wpcf7\" value=\"639\" \/><input type=\"hidden\" name=\"_wpcf7_version\" value=\"6.1.5\" \/><input type=\"hidden\" name=\"_wpcf7_locale\" value=\"en_US\" \/><input type=\"hidden\" name=\"_wpcf7_unit_tag\" value=\"wpcf7-f639-o1\" \/><input type=\"hidden\" name=\"_wpcf7_container_post\" value=\"0\" \/><input type=\"hidden\" name=\"_wpcf7_posted_data_hash\" value=\"\" \/><input type=\"hidden\" name=\"_wpcf7_recaptcha_response\" value=\"\" \/>\n<\/fieldset>\n<div class=\"form_1_2\">\n\t<p><span class=\"wpcf7-form-control-wrap\" data-name=\"first-name\"><input size=\"40\" maxlength=\"400\" class=\"wpcf7-form-control wpcf7-text wpcf7-validates-as-required\" aria-required=\"true\" aria-invalid=\"false\" placeholder=\"First Name *\" value=\"\" type=\"text\" name=\"first-name\" \/><\/span>\n\t<\/p>\n<\/div>\n<div class=\"form_1_2 last\">\n\t<p><span class=\"wpcf7-form-control-wrap\" data-name=\"last-name\"><input size=\"40\" maxlength=\"400\" class=\"wpcf7-form-control wpcf7-text wpcf7-validates-as-required\" aria-required=\"true\" aria-invalid=\"false\" placeholder=\"Last Name *\" value=\"\" type=\"text\" name=\"last-name\" \/><\/span>\n\t<\/p>\n<\/div>\n<div class=\"clear\">\n<\/div>\n<div class=\"form_1_2\">\n\t<p><span class=\"wpcf7-form-control-wrap\" data-name=\"your-email\"><input size=\"40\" maxlength=\"400\" class=\"wpcf7-form-control wpcf7-email wpcf7-validates-as-required wpcf7-text wpcf7-validates-as-email\" aria-required=\"true\" aria-invalid=\"false\" placeholder=\"Your Email *\" value=\"\" type=\"email\" name=\"your-email\" \/><\/span>\n\t<\/p>\n<\/div>\n<div class=\"form_1_2 last\">\n\t<p><span class=\"wpcf7-form-control-wrap\" data-name=\"tel-879\"><input size=\"40\" maxlength=\"400\" class=\"wpcf7-form-control wpcf7-tel wpcf7-validates-as-required wpcf7-text wpcf7-validates-as-tel\" aria-required=\"true\" aria-invalid=\"false\" placeholder=\"Your Phone Number *\" value=\"\" type=\"tel\" name=\"tel-879\" \/><\/span>\n\t<\/p>\n<\/div>\n<div class=\"clear\">\n<\/div>\n<p><span class=\"wpcf7-form-control-wrap\" data-name=\"case-details\"><textarea cols=\"40\" rows=\"10\" maxlength=\"2000\" class=\"wpcf7-form-control wpcf7-textarea\" aria-invalid=\"false\" placeholder=\"Case Details\" name=\"case-details\"><\/textarea><\/span>\n<\/p>\n<p><input class=\"wpcf7-form-control wpcf7-submit has-spinner btn btn-large btn-secondary\" type=\"submit\" value=\"Submit Evaluation\" \/>\n<\/p><div class=\"wpcf7-response-output\" aria-hidden=\"true\"><\/div>\n<\/form>\n<\/div>\n\n<\/section>","protected":false},"excerpt":{"rendered":"<p>Si a usted le colocaron un filtro para captar co\u00e1gulos de sangre en la vena cava inferior y ahora est\u00e1 sufriendo alguno de los efectos secundarios relacionados con los filtros de VCI, nosotros podemos ayudarle. Se ha demostrado que los filtros de VCI se mueven, parten y rompen, causando da\u00f1os masivos a los \u00f3rganos internos. El Bufete de Abogados Fitts buscar\u00e1 toda compensaci\u00f3n a la que usted pueda ser elegible.<\/p>\n","protected":false},"author":6,"featured_media":0,"parent":1392,"menu_order":0,"comment_status":"closed","ping_status":"closed","template":"","meta":{"footnotes":""},"class_list":["post-1397","page","type-page","status-publish","hentry"],"yoast_head":"<!-- This site is optimized with the Yoast SEO plugin v27.4 - https:\/\/yoast.com\/product\/yoast-seo-wordpress\/ -->\n<title>Abogados expertos en reclamaciones debido a filtro de VCI en Houston | Bufete de Abogados Fitts, PLLC<\/title>\n<meta name=\"description\" content=\"\u00bfPresenta efectos secundarios debido a un filtro VCI roto? Llame a los abogados del Bufete de Abogados Fitts, PLLC para obtener una consulta gratuita y hablar sobre las opciones con las que cuenta.\" \/>\n<meta name=\"robots\" content=\"index, follow, max-snippet:-1, max-image-preview:large, max-video-preview:-1\" \/>\n<link rel=\"canonical\" href=\"https:\/\/fittslawfirm.com\/es\/areas-de-practica\/abogado-de-filtro-ivc\/\" \/>\n<meta property=\"og:locale\" content=\"es_ES\" \/>\n<meta property=\"og:type\" content=\"article\" \/>\n<meta property=\"og:title\" content=\"Abogados expertos en reclamaciones debido a filtro de VCI en Houston | Bufete de Abogados Fitts, PLLC\" \/>\n<meta property=\"og:description\" content=\"\u00bfPresenta efectos secundarios debido a un filtro VCI roto? Llame a los abogados del Bufete de Abogados Fitts, PLLC para obtener una consulta gratuita y hablar sobre las opciones con las que cuenta.\" \/>\n<meta property=\"og:url\" content=\"https:\/\/fittslawfirm.com\/es\/areas-de-practica\/abogado-de-filtro-ivc\/\" \/>\n<meta property=\"og:site_name\" content=\"Fitts Law Firm\" \/>\n<meta property=\"article:publisher\" content=\"https:\/\/www.facebook.com\/FittsLawFirm\/\" \/>\n<meta property=\"article:modified_time\" content=\"2026-01-09T02:01:36+00:00\" \/>\n<meta property=\"og:image\" content=\"https:\/\/fittslawfirm.com\/wp-content\/uploads\/2016\/07\/IVC-Filter-1.jpg\" \/>\n<meta name=\"twitter:card\" content=\"summary_large_image\" \/>\n<meta name=\"twitter:label1\" content=\"Tiempo de lectura\" \/>\n\t<meta name=\"twitter:data1\" content=\"4 minutos\" \/>\n<script type=\"application\/ld+json\" class=\"yoast-schema-graph\">{\"@context\":\"https:\\\/\\\/schema.org\",\"@graph\":[{\"@type\":\"WebPage\",\"@id\":\"https:\\\/\\\/fittslawfirm.com\\\/es\\\/areas-de-practica\\\/abogado-de-filtro-ivc\\\/\",\"url\":\"https:\\\/\\\/fittslawfirm.com\\\/es\\\/areas-de-practica\\\/abogado-de-filtro-ivc\\\/\",\"name\":\"Abogados expertos en reclamaciones debido a filtro de VCI en Houston | Bufete de Abogados Fitts, PLLC\",\"isPartOf\":{\"@id\":\"https:\\\/\\\/fittslawfirm.com\\\/#website\"},\"primaryImageOfPage\":{\"@id\":\"https:\\\/\\\/fittslawfirm.com\\\/es\\\/areas-de-practica\\\/abogado-de-filtro-ivc\\\/#primaryimage\"},\"image\":{\"@id\":\"https:\\\/\\\/fittslawfirm.com\\\/es\\\/areas-de-practica\\\/abogado-de-filtro-ivc\\\/#primaryimage\"},\"thumbnailUrl\":\"https:\\\/\\\/fittslawfirm.com\\\/wp-content\\\/uploads\\\/2016\\\/07\\\/IVC-Filter-1.jpg\",\"datePublished\":\"2021-11-19T20:20:54+00:00\",\"dateModified\":\"2026-01-09T02:01:36+00:00\",\"description\":\"\u00bfPresenta efectos secundarios debido a un filtro VCI roto? Llame a los abogados del Bufete de Abogados Fitts, PLLC para obtener una consulta gratuita y hablar sobre las opciones con las que cuenta.\",\"breadcrumb\":{\"@id\":\"https:\\\/\\\/fittslawfirm.com\\\/es\\\/areas-de-practica\\\/abogado-de-filtro-ivc\\\/#breadcrumb\"},\"inLanguage\":\"es\",\"potentialAction\":[{\"@type\":\"ReadAction\",\"target\":[\"https:\\\/\\\/fittslawfirm.com\\\/es\\\/areas-de-practica\\\/abogado-de-filtro-ivc\\\/\"]}]},{\"@type\":\"ImageObject\",\"inLanguage\":\"es\",\"@id\":\"https:\\\/\\\/fittslawfirm.com\\\/es\\\/areas-de-practica\\\/abogado-de-filtro-ivc\\\/#primaryimage\",\"url\":\"https:\\\/\\\/fittslawfirm.com\\\/wp-content\\\/uploads\\\/2016\\\/07\\\/IVC-Filter-1.jpg\",\"contentUrl\":\"https:\\\/\\\/fittslawfirm.com\\\/wp-content\\\/uploads\\\/2016\\\/07\\\/IVC-Filter-1.jpg\"},{\"@type\":\"BreadcrumbList\",\"@id\":\"https:\\\/\\\/fittslawfirm.com\\\/es\\\/areas-de-practica\\\/abogado-de-filtro-ivc\\\/#breadcrumb\",\"itemListElement\":[{\"@type\":\"ListItem\",\"position\":1,\"name\":\"Home\",\"item\":\"https:\\\/\\\/fittslawfirm.com\\\/es\\\/pagina-de-inicio\\\/\"},{\"@type\":\"ListItem\",\"position\":2,\"name\":\"\u00c1reas de pr\u00e1ctica\",\"item\":\"https:\\\/\\\/fittslawfirm.com\\\/es\\\/areas-de-practica\\\/\"},{\"@type\":\"ListItem\",\"position\":3,\"name\":\"Abogado experto en el caso de filtro VCI\"}]},{\"@type\":\"WebSite\",\"@id\":\"https:\\\/\\\/fittslawfirm.com\\\/#website\",\"url\":\"https:\\\/\\\/fittslawfirm.com\\\/\",\"name\":\"Fitts Law Firm\",\"description\":\"Houston Texas Personal Injury and Insurance Attorney\",\"publisher\":{\"@id\":\"https:\\\/\\\/fittslawfirm.com\\\/#organization\"},\"alternateName\":\"Houston Civil Litigation Firm\",\"potentialAction\":[{\"@type\":\"SearchAction\",\"target\":{\"@type\":\"EntryPoint\",\"urlTemplate\":\"https:\\\/\\\/fittslawfirm.com\\\/?s={search_term_string}\"},\"query-input\":{\"@type\":\"PropertyValueSpecification\",\"valueRequired\":true,\"valueName\":\"search_term_string\"}}],\"inLanguage\":\"es\"},{\"@type\":\"Organization\",\"@id\":\"https:\\\/\\\/fittslawfirm.com\\\/#organization\",\"name\":\"Fitts Law Firm\",\"alternateName\":\"Houston Texas Personal Injury and Insurance Attorney\",\"url\":\"https:\\\/\\\/fittslawfirm.com\\\/\",\"logo\":{\"@type\":\"ImageObject\",\"inLanguage\":\"es\",\"@id\":\"https:\\\/\\\/fittslawfirm.com\\\/#\\\/schema\\\/logo\\\/image\\\/\",\"url\":\"https:\\\/\\\/fittslawfirm.com\\\/wp-content\\\/uploads\\\/2023\\\/03\\\/Houston-Civil-Law-Firm.jpg\",\"contentUrl\":\"https:\\\/\\\/fittslawfirm.com\\\/wp-content\\\/uploads\\\/2023\\\/03\\\/Houston-Civil-Law-Firm.jpg\",\"width\":300,\"height\":300,\"caption\":\"Fitts Law Firm\"},\"image\":{\"@id\":\"https:\\\/\\\/fittslawfirm.com\\\/#\\\/schema\\\/logo\\\/image\\\/\"},\"sameAs\":[\"https:\\\/\\\/www.facebook.com\\\/FittsLawFirm\\\/\",\"https:\\\/\\\/www.youtube.com\\\/@fittslawfirm\"]}]}<\/script>\n<!-- \/ Yoast SEO plugin. -->","yoast_head_json":{"title":"Abogados expertos en reclamaciones debido a filtro de VCI en Houston | Bufete de Abogados Fitts, PLLC","description":"\u00bfPresenta efectos secundarios debido a un filtro VCI roto? Llame a los abogados del Bufete de Abogados Fitts, PLLC para obtener una consulta gratuita y hablar sobre las opciones con las que cuenta.","robots":{"index":"index","follow":"follow","max-snippet":"max-snippet:-1","max-image-preview":"max-image-preview:large","max-video-preview":"max-video-preview:-1"},"canonical":"https:\/\/fittslawfirm.com\/es\/areas-de-practica\/abogado-de-filtro-ivc\/","og_locale":"es_ES","og_type":"article","og_title":"Abogados expertos en reclamaciones debido a filtro de VCI en Houston | Bufete de Abogados Fitts, PLLC","og_description":"\u00bfPresenta efectos secundarios debido a un filtro VCI roto? Llame a los abogados del Bufete de Abogados Fitts, PLLC para obtener una consulta gratuita y hablar sobre las opciones con las que cuenta.","og_url":"https:\/\/fittslawfirm.com\/es\/areas-de-practica\/abogado-de-filtro-ivc\/","og_site_name":"Fitts Law Firm","article_publisher":"https:\/\/www.facebook.com\/FittsLawFirm\/","article_modified_time":"2026-01-09T02:01:36+00:00","og_image":[{"url":"https:\/\/fittslawfirm.com\/wp-content\/uploads\/2016\/07\/IVC-Filter-1.jpg","type":"","width":"","height":""}],"twitter_card":"summary_large_image","twitter_misc":{"Tiempo de lectura":"4 minutos"},"schema":{"@context":"https:\/\/schema.org","@graph":[{"@type":"WebPage","@id":"https:\/\/fittslawfirm.com\/es\/areas-de-practica\/abogado-de-filtro-ivc\/","url":"https:\/\/fittslawfirm.com\/es\/areas-de-practica\/abogado-de-filtro-ivc\/","name":"Abogados expertos en reclamaciones debido a filtro de VCI en Houston | Bufete de Abogados Fitts, PLLC","isPartOf":{"@id":"https:\/\/fittslawfirm.com\/#website"},"primaryImageOfPage":{"@id":"https:\/\/fittslawfirm.com\/es\/areas-de-practica\/abogado-de-filtro-ivc\/#primaryimage"},"image":{"@id":"https:\/\/fittslawfirm.com\/es\/areas-de-practica\/abogado-de-filtro-ivc\/#primaryimage"},"thumbnailUrl":"https:\/\/fittslawfirm.com\/wp-content\/uploads\/2016\/07\/IVC-Filter-1.jpg","datePublished":"2021-11-19T20:20:54+00:00","dateModified":"2026-01-09T02:01:36+00:00","description":"\u00bfPresenta efectos secundarios debido a un filtro VCI roto? Llame a los abogados del Bufete de Abogados Fitts, PLLC para obtener una consulta gratuita y hablar sobre las opciones con las que cuenta.","breadcrumb":{"@id":"https:\/\/fittslawfirm.com\/es\/areas-de-practica\/abogado-de-filtro-ivc\/#breadcrumb"},"inLanguage":"es","potentialAction":[{"@type":"ReadAction","target":["https:\/\/fittslawfirm.com\/es\/areas-de-practica\/abogado-de-filtro-ivc\/"]}]},{"@type":"ImageObject","inLanguage":"es","@id":"https:\/\/fittslawfirm.com\/es\/areas-de-practica\/abogado-de-filtro-ivc\/#primaryimage","url":"https:\/\/fittslawfirm.com\/wp-content\/uploads\/2016\/07\/IVC-Filter-1.jpg","contentUrl":"https:\/\/fittslawfirm.com\/wp-content\/uploads\/2016\/07\/IVC-Filter-1.jpg"},{"@type":"BreadcrumbList","@id":"https:\/\/fittslawfirm.com\/es\/areas-de-practica\/abogado-de-filtro-ivc\/#breadcrumb","itemListElement":[{"@type":"ListItem","position":1,"name":"Home","item":"https:\/\/fittslawfirm.com\/es\/pagina-de-inicio\/"},{"@type":"ListItem","position":2,"name":"\u00c1reas de pr\u00e1ctica","item":"https:\/\/fittslawfirm.com\/es\/areas-de-practica\/"},{"@type":"ListItem","position":3,"name":"Abogado experto en el caso de filtro VCI"}]},{"@type":"WebSite","@id":"https:\/\/fittslawfirm.com\/#website","url":"https:\/\/fittslawfirm.com\/","name":"Fitts Law Firm","description":"Houston Texas Personal Injury and Insurance Attorney","publisher":{"@id":"https:\/\/fittslawfirm.com\/#organization"},"alternateName":"Houston Civil Litigation Firm","potentialAction":[{"@type":"SearchAction","target":{"@type":"EntryPoint","urlTemplate":"https:\/\/fittslawfirm.com\/?s={search_term_string}"},"query-input":{"@type":"PropertyValueSpecification","valueRequired":true,"valueName":"search_term_string"}}],"inLanguage":"es"},{"@type":"Organization","@id":"https:\/\/fittslawfirm.com\/#organization","name":"Fitts Law Firm","alternateName":"Houston Texas Personal Injury and Insurance Attorney","url":"https:\/\/fittslawfirm.com\/","logo":{"@type":"ImageObject","inLanguage":"es","@id":"https:\/\/fittslawfirm.com\/#\/schema\/logo\/image\/","url":"https:\/\/fittslawfirm.com\/wp-content\/uploads\/2023\/03\/Houston-Civil-Law-Firm.jpg","contentUrl":"https:\/\/fittslawfirm.com\/wp-content\/uploads\/2023\/03\/Houston-Civil-Law-Firm.jpg","width":300,"height":300,"caption":"Fitts Law Firm"},"image":{"@id":"https:\/\/fittslawfirm.com\/#\/schema\/logo\/image\/"},"sameAs":["https:\/\/www.facebook.com\/FittsLawFirm\/","https:\/\/www.youtube.com\/@fittslawfirm"]}]}},"_links":{"self":[{"href":"https:\/\/fittslawfirm.com\/es\/wp-json\/wp\/v2\/pages\/1397","targetHints":{"allow":["GET"]}}],"collection":[{"href":"https:\/\/fittslawfirm.com\/es\/wp-json\/wp\/v2\/pages"}],"about":[{"href":"https:\/\/fittslawfirm.com\/es\/wp-json\/wp\/v2\/types\/page"}],"author":[{"embeddable":true,"href":"https:\/\/fittslawfirm.com\/es\/wp-json\/wp\/v2\/users\/6"}],"replies":[{"embeddable":true,"href":"https:\/\/fittslawfirm.com\/es\/wp-json\/wp\/v2\/comments?post=1397"}],"version-history":[{"count":0,"href":"https:\/\/fittslawfirm.com\/es\/wp-json\/wp\/v2\/pages\/1397\/revisions"}],"up":[{"embeddable":true,"href":"https:\/\/fittslawfirm.com\/es\/wp-json\/wp\/v2\/pages\/1392"}],"wp:attachment":[{"href":"https:\/\/fittslawfirm.com\/es\/wp-json\/wp\/v2\/media?parent=1397"}],"curies":[{"name":"wp","href":"https:\/\/api.w.org\/{rel}","templated":true}]}}