{"id":1395,"date":"2021-11-19T20:20:54","date_gmt":"2021-11-19T20:20:54","guid":{"rendered":"https:\/\/fittslawfirm.com\/profesionales\/bryant-a-fitts\/"},"modified":"2021-12-04T18:47:34","modified_gmt":"2021-12-04T18:47:34","slug":"bryant-a-fitts","status":"publish","type":"page","link":"https:\/\/fittslawfirm.com\/es\/profesionales\/bryant-a-fitts\/","title":{"rendered":"Bryant A. Fitts"},"content":{"rendered":"<h2>Abogado<\/h2>\n<h3>(713) 871-1670 | <a title=\"bfitts@fittslawfirm.com\" href=\"mailto:bfitts@fittslawfirm.com\">bfitts@fittslawfirm.com<\/a><\/h3>\n<p><a title=\"LinkedIn\" href=\"#\">LinkedIn<\/a> | <a title=\"Twitter\" href=\"#\">Twitter<\/a> | <a title=\"Facebook\" href=\"#\">Facebook<\/a> | <a title=\"Google+\" href=\"#\">Google+<\/a><\/p>\n<p>&nbsp;<\/p>\n<p style=\"text-align: justify;\"><img decoding=\"async\" class=\"alignright size-full wp-image-578\" src=\"https:\/\/fittslawfirm.com\/wp-content\/uploads\/2012\/07\/bryant-fitts-pic-e1416956775869.jpg\" alt=\"Bryant Fitts\" width=\"123\" height=\"156\" srcset=\"https:\/\/fittslawfirm.com\/wp-content\/uploads\/2012\/07\/bryant-fitts-pic-e1416956775869.jpg 123w, https:\/\/fittslawfirm.com\/wp-content\/uploads\/2012\/07\/bryant-fitts-pic-e1416956775869-94x120.jpg 94w\" sizes=\"(max-width: 123px) 100vw, 123px\" \/>Bryant aprendi\u00f3 el trabajo duro y la perseverancia a una edad temprana. Todo comenz\u00f3 en Landry&#8217;s Oyster Bar cuando Bryant ten\u00eda 10 a\u00f1os. Estaban de viaje cuando su padre y algunos viejos amigos se reunieron para comer ostras y beber cerveza. Bryant hab\u00eda estado rogando a sus padres poder tener un Go Kart durante meses, y esa tarde en particular, continu\u00f3 insisti\u00e9ndole a su padre. En un momento de debilidad, su padre le dijo a Bryant que podr\u00eda tenerlo si lo pagaba \u00e9l mismo.<\/p>\n<p style=\"text-align: justify;\">Tres meses despu\u00e9s, Bryant ten\u00eda ese carrito. Bryant encontr\u00f3 una manera de ganar y ahorrar el dinero necesario para pagarlo, y sent\u00f3 las bases de lo que es hoy su \u00e9tica de trabajo. Esta experiencia le ense\u00f1\u00f3 a Bryant que trabajar duro, negarse a fallar y mantener la perseverancia dar\u00e1 sus frutos. Tambi\u00e9n aprendi\u00f3 a c\u00f3mo enfocarse en el objetivo final a una edad temprana. Como padre de 4, estas son las cosas que Bryant quiere transmitir a sus hijos peque\u00f1os.<\/p>\n<h3 style=\"text-align: justify;\">Disputas de seguros<\/h3>\n<p style=\"text-align: justify;\">Actualmente, Bryant trabaja arduamente para sus clientes que necesitan ayuda para lidiar con sus compa\u00f1\u00edas de seguros. Recientemente, el due\u00f1o de una propiedad comercial, cuyo techo hab\u00eda sido da\u00f1ado por una fuerte tormenta, se comunic\u00f3 con Bryant para ver si pod\u00eda ayudar. El abogado del due\u00f1o de la propiedad le hab\u00eda dicho que podr\u00eda ser elegible a la reclamaci\u00f3n pero que no era buena idea \u201ctirar buen dinero al malo\u201d. La oficina de Bryant revis\u00f3 la reclamaci\u00f3n y acept\u00f3 el caso. En seis meses, Bryant logr\u00f3 llevar el caso de una simple reclamaci\u00f3n por debajo del deducible a hacer que la compa\u00f1\u00eda de seguros cubriera los gastos para reemplazar todo el techo de 500,000 pies cuadrados, as\u00ed como los honorarios del abogado del propietario. Bryant Fitts disfruta ayudar a los propietarios a recibir la compensaci\u00f3n a la que tienen derecho contractualmente en virtud de sus p\u00f3lizas de seguro despu\u00e9s de un siniestro.<\/p>\n<p style=\"text-align: justify;\">Su experiencia se extiende m\u00e1s all\u00e1 de las disputas de seguros y las reclamaciones de seguros denegadas. A lo largo de su carrera legal ha desarrollado una amplia experiencia en productos m\u00e9dicos defectuosos, as\u00ed como en casos de explosiones industriales y petroqu\u00edmicas.<\/p>\n<h3 style=\"text-align: justify;\">Litigio farmac\u00e9utico<\/h3>\n<p style=\"text-align: justify;\">Muchos abogados trabajan en casos farmac\u00e9uticos, pero Bryant es uno de los pocos que ha preparado diferentes casos de anomal\u00edas cong\u00e9nitas para ser llevadas a juicio. En un esfuerzo por impulsar las negociaciones del acuerdo, un juez de Filadelfia estableci\u00f3 5 casos (de un grupo de sesenta) llev\u00e1ndolos a juicio. Despu\u00e9s de un extenso descubrimiento y m\u00faltiples declaraciones en todo el pa\u00eds, los sesenta casos se resolvieron solo minutos antes de las declaraciones de apertura. Bryant tambi\u00e9n ha estado involucrado en casos de diferentes productos m\u00e9dicos defectuosos, incluyendo Yaz, Trasylol y malla transvaginal.<\/p>\n<h3 style=\"text-align: justify;\">Explosiones petroqu\u00edmicas e industriales<\/h3>\n<p style=\"text-align: justify;\">Durante los \u00faltimos diez a\u00f1os, Bryant ha estado involucrado en algunos de los casos de desastres industriales m\u00e1s grandes en suelo estadounidense. Muchas personas han solicitado la ayuda de Bryant para que les ayude a reconstruir sus vidas despu\u00e9s de uno de estos tr\u00e1gicos eventos. Algunos de los eventos representativos en los que ha trabajado incluyen los siguientes:<\/p>\n<div style=\"text-align: justify;\">\n<ul>\n<li>Explosi\u00f3n de la refiner\u00eda de BP, Texas City, Texas<\/li>\n<li>F\u00e1brica de papel IP, Vicksburg, Mississippi<\/li>\n<li>Explosi\u00f3n de un ingenio azucarero imperial, Savannah, Georgia<\/li>\n<li>Explosi\u00f3n de olefinas de Williams, Geismar, LA<\/li>\n<\/ul>\n<\/div>\n<h3 style=\"text-align: justify;\">Formaci\u00f3n jur\u00eddica y educaci\u00f3n<\/h3>\n<p style=\"text-align: justify;\">Bryant comenz\u00f3 a ejercer en el bufete de abogados Dehay &amp; Elliston en 2003, representando a acusados comerciales en una variedad de asuntos. En 2006, fund\u00f3 su propia empresa de t\u00edtulos de propiedad y bufete de abogados. En 2003, Bryant se gradu\u00f3 de South Texas College of Law (la Facultad de Derecho del Sur de Texas) y se convirti\u00f3 en miembro del Colegio de Abogados de Texas. Adem\u00e1s cuenta con licencia para ejercer en el Tribunal de Distrito de los Estados Unidos en el Distrito Sur de Texas.<\/p>\n<h3 style=\"text-align: justify;\">Educaci\u00f3n superior e infancia<\/h3>\n<p style=\"text-align: justify;\">Bryant asisti\u00f3 a la Universidad de Texas en Austin, donde obtuvo un diploma en publicidad en 1999.<\/p>\n<p style=\"text-align: justify;\">Bryant y su hermana crecieron en Katy, Texas. Se gradu\u00f3 en 1995 de Katy Taylor High School.<\/p>\n<p style=\"text-align: justify;\">Los padres de Bryant tuvieron y operaron una empresa de m\u00e1rmol y baldosas en Houston durante varias d\u00e9cadas. Bryant pas\u00f3 muchas horas a lo largo de sus a\u00f1os de escuela secundaria, preparatoria y facultad de derecho, trabajando en la peque\u00f1a empresa de sus padres. Adem\u00e1s de ayudarle a pagar sus estudios, esta experiencia result\u00f3 invaluable para Bryant: le ense\u00f1\u00f3 todo, desde c\u00f3mo limpiar un viejo almac\u00e9n descuidado, lleno de plagas hasta c\u00f3mo instalar un software operativo comercial apto. La \u00e9tica de trabajo dedicada y decidida de sus padres, adem\u00e1s de su actitud autosuficiente se convirtieron, y siguen siendo, la base del car\u00e1cter y la perspectiva de la vida de Bryant.<\/p>\n<p style=\"text-align: justify;\">\n","protected":false},"excerpt":{"rendered":"<p>Abogado (713) 871-1670 | bfitts@fittslawfirm.com LinkedIn | Twitter | Facebook | Google+ &nbsp; Bryant aprendi\u00f3 el trabajo duro y la &#8230;<\/p>\n","protected":false},"author":3,"featured_media":0,"parent":1390,"menu_order":0,"comment_status":"closed","ping_status":"closed","template":"","meta":{"footnotes":""},"class_list":["post-1395","page","type-page","status-publish","hentry"],"yoast_head":"<!-- This site is optimized with the Yoast SEO plugin v27.5 - https:\/\/yoast.com\/product\/yoast-seo-wordpress\/ -->\n<title>Abogado litigante en Houston, Bryant A. Fitts | Bufete de Abogados Fitts, PLLC<\/title>\n<meta name=\"description\" content=\"Bryant Fitts disfruta ayudar a los propietarios a recibir la compensaci\u00f3n a la que tienen derecho contractualmente en virtud de sus p\u00f3lizas de seguro despu\u00e9s de un siniestro.\" \/>\n<meta name=\"robots\" content=\"index, follow, max-snippet:-1, max-image-preview:large, max-video-preview:-1\" \/>\n<link rel=\"canonical\" href=\"https:\/\/fittslawfirm.com\/es\/profesionales\/bryant-a-fitts\/\" \/>\n<meta property=\"og:locale\" content=\"es_ES\" \/>\n<meta property=\"og:type\" content=\"article\" \/>\n<meta property=\"og:title\" content=\"Abogado litigante en Houston, Bryant A. Fitts | Bufete de Abogados Fitts, PLLC\" \/>\n<meta property=\"og:description\" content=\"Bryant Fitts disfruta ayudar a los propietarios a recibir la compensaci\u00f3n a la que tienen derecho contractualmente en virtud de sus p\u00f3lizas de seguro despu\u00e9s de un siniestro.\" \/>\n<meta property=\"og:url\" content=\"https:\/\/fittslawfirm.com\/es\/profesionales\/bryant-a-fitts\/\" \/>\n<meta property=\"og:site_name\" content=\"Fitts Law Firm\" \/>\n<meta property=\"article:publisher\" content=\"https:\/\/www.facebook.com\/FittsLawFirm\/\" \/>\n<meta property=\"article:modified_time\" content=\"2021-12-04T18:47:34+00:00\" \/>\n<meta property=\"og:image\" content=\"https:\/\/fittslawfirm.com\/wp-content\/uploads\/2012\/07\/bryant-fitts-pic-e1416956775869.jpg\" \/>\n<meta name=\"twitter:card\" content=\"summary_large_image\" \/>\n<meta name=\"twitter:label1\" content=\"Tiempo de lectura\" \/>\n\t<meta name=\"twitter:data1\" content=\"4 minutos\" \/>\n<script type=\"application\/ld+json\" class=\"yoast-schema-graph\">{\"@context\":\"https:\\\/\\\/schema.org\",\"@graph\":[{\"@type\":\"WebPage\",\"@id\":\"https:\\\/\\\/fittslawfirm.com\\\/es\\\/profesionales\\\/bryant-a-fitts\\\/\",\"url\":\"https:\\\/\\\/fittslawfirm.com\\\/es\\\/profesionales\\\/bryant-a-fitts\\\/\",\"name\":\"Abogado litigante en Houston, Bryant A. Fitts | Bufete de Abogados Fitts, PLLC\",\"isPartOf\":{\"@id\":\"https:\\\/\\\/fittslawfirm.com\\\/#website\"},\"primaryImageOfPage\":{\"@id\":\"https:\\\/\\\/fittslawfirm.com\\\/es\\\/profesionales\\\/bryant-a-fitts\\\/#primaryimage\"},\"image\":{\"@id\":\"https:\\\/\\\/fittslawfirm.com\\\/es\\\/profesionales\\\/bryant-a-fitts\\\/#primaryimage\"},\"thumbnailUrl\":\"https:\\\/\\\/fittslawfirm.com\\\/wp-content\\\/uploads\\\/2012\\\/07\\\/bryant-fitts-pic-e1416956775869.jpg\",\"datePublished\":\"2021-11-19T20:20:54+00:00\",\"dateModified\":\"2021-12-04T18:47:34+00:00\",\"description\":\"Bryant Fitts disfruta ayudar a los propietarios a recibir la compensaci\u00f3n a la que tienen derecho contractualmente en virtud de sus p\u00f3lizas de seguro despu\u00e9s de un siniestro.\",\"breadcrumb\":{\"@id\":\"https:\\\/\\\/fittslawfirm.com\\\/es\\\/profesionales\\\/bryant-a-fitts\\\/#breadcrumb\"},\"inLanguage\":\"es\",\"potentialAction\":[{\"@type\":\"ReadAction\",\"target\":[\"https:\\\/\\\/fittslawfirm.com\\\/es\\\/profesionales\\\/bryant-a-fitts\\\/\"]}]},{\"@type\":\"ImageObject\",\"inLanguage\":\"es\",\"@id\":\"https:\\\/\\\/fittslawfirm.com\\\/es\\\/profesionales\\\/bryant-a-fitts\\\/#primaryimage\",\"url\":\"https:\\\/\\\/fittslawfirm.com\\\/wp-content\\\/uploads\\\/2012\\\/07\\\/bryant-fitts-pic-e1416956775869.jpg\",\"contentUrl\":\"https:\\\/\\\/fittslawfirm.com\\\/wp-content\\\/uploads\\\/2012\\\/07\\\/bryant-fitts-pic-e1416956775869.jpg\"},{\"@type\":\"BreadcrumbList\",\"@id\":\"https:\\\/\\\/fittslawfirm.com\\\/es\\\/profesionales\\\/bryant-a-fitts\\\/#breadcrumb\",\"itemListElement\":[{\"@type\":\"ListItem\",\"position\":1,\"name\":\"Home\",\"item\":\"https:\\\/\\\/fittslawfirm.com\\\/es\\\/pagina-de-inicio\\\/\"},{\"@type\":\"ListItem\",\"position\":2,\"name\":\"Profesionales\",\"item\":\"https:\\\/\\\/fittslawfirm.com\\\/es\\\/profesionales\\\/\"},{\"@type\":\"ListItem\",\"position\":3,\"name\":\"Bryant A. Fitts\"}]},{\"@type\":\"WebSite\",\"@id\":\"https:\\\/\\\/fittslawfirm.com\\\/#website\",\"url\":\"https:\\\/\\\/fittslawfirm.com\\\/\",\"name\":\"Fitts Law Firm\",\"description\":\"Houston Texas Personal Injury and Insurance Attorney\",\"publisher\":{\"@id\":\"https:\\\/\\\/fittslawfirm.com\\\/#organization\"},\"alternateName\":\"Houston Civil Litigation Firm\",\"potentialAction\":[{\"@type\":\"SearchAction\",\"target\":{\"@type\":\"EntryPoint\",\"urlTemplate\":\"https:\\\/\\\/fittslawfirm.com\\\/?s={search_term_string}\"},\"query-input\":{\"@type\":\"PropertyValueSpecification\",\"valueRequired\":true,\"valueName\":\"search_term_string\"}}],\"inLanguage\":\"es\"},{\"@type\":\"Organization\",\"@id\":\"https:\\\/\\\/fittslawfirm.com\\\/#organization\",\"name\":\"Fitts Law Firm\",\"alternateName\":\"Houston Texas Personal Injury and Insurance Attorney\",\"url\":\"https:\\\/\\\/fittslawfirm.com\\\/\",\"logo\":{\"@type\":\"ImageObject\",\"inLanguage\":\"es\",\"@id\":\"https:\\\/\\\/fittslawfirm.com\\\/#\\\/schema\\\/logo\\\/image\\\/\",\"url\":\"https:\\\/\\\/fittslawfirm.com\\\/wp-content\\\/uploads\\\/2023\\\/03\\\/Houston-Civil-Law-Firm.jpg\",\"contentUrl\":\"https:\\\/\\\/fittslawfirm.com\\\/wp-content\\\/uploads\\\/2023\\\/03\\\/Houston-Civil-Law-Firm.jpg\",\"width\":300,\"height\":300,\"caption\":\"Fitts Law Firm\"},\"image\":{\"@id\":\"https:\\\/\\\/fittslawfirm.com\\\/#\\\/schema\\\/logo\\\/image\\\/\"},\"sameAs\":[\"https:\\\/\\\/www.facebook.com\\\/FittsLawFirm\\\/\",\"https:\\\/\\\/www.youtube.com\\\/@fittslawfirm\"]}]}<\/script>\n<!-- \/ Yoast SEO plugin. -->","yoast_head_json":{"title":"Abogado litigante en Houston, Bryant A. Fitts | Bufete de Abogados Fitts, PLLC","description":"Bryant Fitts disfruta ayudar a los propietarios a recibir la compensaci\u00f3n a la que tienen derecho contractualmente en virtud de sus p\u00f3lizas de seguro despu\u00e9s de un siniestro.","robots":{"index":"index","follow":"follow","max-snippet":"max-snippet:-1","max-image-preview":"max-image-preview:large","max-video-preview":"max-video-preview:-1"},"canonical":"https:\/\/fittslawfirm.com\/es\/profesionales\/bryant-a-fitts\/","og_locale":"es_ES","og_type":"article","og_title":"Abogado litigante en Houston, Bryant A. Fitts | Bufete de Abogados Fitts, PLLC","og_description":"Bryant Fitts disfruta ayudar a los propietarios a recibir la compensaci\u00f3n a la que tienen derecho contractualmente en virtud de sus p\u00f3lizas de seguro despu\u00e9s de un siniestro.","og_url":"https:\/\/fittslawfirm.com\/es\/profesionales\/bryant-a-fitts\/","og_site_name":"Fitts Law Firm","article_publisher":"https:\/\/www.facebook.com\/FittsLawFirm\/","article_modified_time":"2021-12-04T18:47:34+00:00","og_image":[{"url":"https:\/\/fittslawfirm.com\/wp-content\/uploads\/2012\/07\/bryant-fitts-pic-e1416956775869.jpg","type":"","width":"","height":""}],"twitter_card":"summary_large_image","twitter_misc":{"Tiempo de lectura":"4 minutos"},"schema":{"@context":"https:\/\/schema.org","@graph":[{"@type":"WebPage","@id":"https:\/\/fittslawfirm.com\/es\/profesionales\/bryant-a-fitts\/","url":"https:\/\/fittslawfirm.com\/es\/profesionales\/bryant-a-fitts\/","name":"Abogado litigante en Houston, Bryant A. Fitts | Bufete de Abogados Fitts, PLLC","isPartOf":{"@id":"https:\/\/fittslawfirm.com\/#website"},"primaryImageOfPage":{"@id":"https:\/\/fittslawfirm.com\/es\/profesionales\/bryant-a-fitts\/#primaryimage"},"image":{"@id":"https:\/\/fittslawfirm.com\/es\/profesionales\/bryant-a-fitts\/#primaryimage"},"thumbnailUrl":"https:\/\/fittslawfirm.com\/wp-content\/uploads\/2012\/07\/bryant-fitts-pic-e1416956775869.jpg","datePublished":"2021-11-19T20:20:54+00:00","dateModified":"2021-12-04T18:47:34+00:00","description":"Bryant Fitts disfruta ayudar a los propietarios a recibir la compensaci\u00f3n a la que tienen derecho contractualmente en virtud de sus p\u00f3lizas de seguro despu\u00e9s de un siniestro.","breadcrumb":{"@id":"https:\/\/fittslawfirm.com\/es\/profesionales\/bryant-a-fitts\/#breadcrumb"},"inLanguage":"es","potentialAction":[{"@type":"ReadAction","target":["https:\/\/fittslawfirm.com\/es\/profesionales\/bryant-a-fitts\/"]}]},{"@type":"ImageObject","inLanguage":"es","@id":"https:\/\/fittslawfirm.com\/es\/profesionales\/bryant-a-fitts\/#primaryimage","url":"https:\/\/fittslawfirm.com\/wp-content\/uploads\/2012\/07\/bryant-fitts-pic-e1416956775869.jpg","contentUrl":"https:\/\/fittslawfirm.com\/wp-content\/uploads\/2012\/07\/bryant-fitts-pic-e1416956775869.jpg"},{"@type":"BreadcrumbList","@id":"https:\/\/fittslawfirm.com\/es\/profesionales\/bryant-a-fitts\/#breadcrumb","itemListElement":[{"@type":"ListItem","position":1,"name":"Home","item":"https:\/\/fittslawfirm.com\/es\/pagina-de-inicio\/"},{"@type":"ListItem","position":2,"name":"Profesionales","item":"https:\/\/fittslawfirm.com\/es\/profesionales\/"},{"@type":"ListItem","position":3,"name":"Bryant A. Fitts"}]},{"@type":"WebSite","@id":"https:\/\/fittslawfirm.com\/#website","url":"https:\/\/fittslawfirm.com\/","name":"Fitts Law Firm","description":"Houston Texas Personal Injury and Insurance Attorney","publisher":{"@id":"https:\/\/fittslawfirm.com\/#organization"},"alternateName":"Houston Civil Litigation Firm","potentialAction":[{"@type":"SearchAction","target":{"@type":"EntryPoint","urlTemplate":"https:\/\/fittslawfirm.com\/?s={search_term_string}"},"query-input":{"@type":"PropertyValueSpecification","valueRequired":true,"valueName":"search_term_string"}}],"inLanguage":"es"},{"@type":"Organization","@id":"https:\/\/fittslawfirm.com\/#organization","name":"Fitts Law Firm","alternateName":"Houston Texas Personal Injury and Insurance Attorney","url":"https:\/\/fittslawfirm.com\/","logo":{"@type":"ImageObject","inLanguage":"es","@id":"https:\/\/fittslawfirm.com\/#\/schema\/logo\/image\/","url":"https:\/\/fittslawfirm.com\/wp-content\/uploads\/2023\/03\/Houston-Civil-Law-Firm.jpg","contentUrl":"https:\/\/fittslawfirm.com\/wp-content\/uploads\/2023\/03\/Houston-Civil-Law-Firm.jpg","width":300,"height":300,"caption":"Fitts Law Firm"},"image":{"@id":"https:\/\/fittslawfirm.com\/#\/schema\/logo\/image\/"},"sameAs":["https:\/\/www.facebook.com\/FittsLawFirm\/","https:\/\/www.youtube.com\/@fittslawfirm"]}]}},"_links":{"self":[{"href":"https:\/\/fittslawfirm.com\/es\/wp-json\/wp\/v2\/pages\/1395","targetHints":{"allow":["GET"]}}],"collection":[{"href":"https:\/\/fittslawfirm.com\/es\/wp-json\/wp\/v2\/pages"}],"about":[{"href":"https:\/\/fittslawfirm.com\/es\/wp-json\/wp\/v2\/types\/page"}],"author":[{"embeddable":true,"href":"https:\/\/fittslawfirm.com\/es\/wp-json\/wp\/v2\/users\/3"}],"replies":[{"embeddable":true,"href":"https:\/\/fittslawfirm.com\/es\/wp-json\/wp\/v2\/comments?post=1395"}],"version-history":[{"count":0,"href":"https:\/\/fittslawfirm.com\/es\/wp-json\/wp\/v2\/pages\/1395\/revisions"}],"up":[{"embeddable":true,"href":"https:\/\/fittslawfirm.com\/es\/wp-json\/wp\/v2\/pages\/1390"}],"wp:attachment":[{"href":"https:\/\/fittslawfirm.com\/es\/wp-json\/wp\/v2\/media?parent=1395"}],"curies":[{"name":"wp","href":"https:\/\/api.w.org\/{rel}","templated":true}]}}