{"id":1392,"date":"2021-11-19T20:20:53","date_gmt":"2021-11-19T20:20:53","guid":{"rendered":"https:\/\/fittslawfirm.com\/areas-de-practica\/"},"modified":"2026-01-08T19:55:53","modified_gmt":"2026-01-09T01:55:53","slug":"areas-de-practica","status":"publish","type":"page","link":"https:\/\/fittslawfirm.com\/es\/areas-de-practica\/","title":{"rendered":"\u00c1reas de pr\u00e1ctica"},"content":{"rendered":"<section class=\"wpb-content-wrapper\"><p>[vc_row][vc_column][vc_column_text]<\/p>\n<div class=\"one-half first\">\n<h3 style=\"text-align: justify;\">Reclamaciones de seguro denegadas<\/h3>\n<p>Los ajustadores de seguros a menudo niegan err\u00f3neamente las reclamaciones de seguros leg\u00edtimas que deber\u00edan ser cubiertas por ley. Las compa\u00f1\u00edas de seguros ocasionalmente usan esta t\u00e1ctica para reducir los montos de sus pagos e incrementar sus ganancias. Al hacerlo, muy probablemente est\u00e9n operando de mala fe bajo la ley de Texas. Si su reclamaci\u00f3n de seguro ha sido denegada, nosotros podemos ayudarle a obtener la indemnizaci\u00f3n a la que tiene derecho. Cont\u00e1ctenos hoy mismo para obtener una consulta sobre su reclamaci\u00f3n de seguro denegada.<\/p>\n<p style=\"text-align: justify;\"><a title=\"Denied Insurance Claims\" href=\"https:\/\/fittslawfirm.com\/practice-areas\/denied-insurance-claims\/\">Continuar leyendo &gt;&gt;<\/a><\/p>\n<h3 style=\"text-align: justify;\">Reclamaciones de seguro mal pagadas<\/h3>\n<p>Las compa\u00f1\u00edas de seguros ocasionalmente pagan menos las reclamaciones en lugar de denegarlas por completo, pero resulta casi igual de perjudicial. La mayor\u00eda de las veces, los propietarios ni siquiera saben que su reclamaci\u00f3n ha sido mal pagada, hasta que es demasiado tarde. La ley de Texas requiere que las aseguradoras ajusten las reclamaciones de manera justa y adecuada. Cuando los inspectores interpretan da\u00f1os a favor de la compa\u00f1\u00eda de seguros, est\u00e1n operando en contra de dicha ley. Lucharemos para obtener la cantidad adecuada de compensaci\u00f3n que usted merece.<\/p>\n<p style=\"text-align: justify;\"><a title=\"Underpaid Insurance Claims\" href=\"https:\/\/fittslawfirm.com\/practice-areas\/underpaid-insurance-claims\/\">Continuar leyendo &gt;&gt;<\/a><\/p>\n<h3 style=\"text-align: justify;\">Reclamaciones por da\u00f1os causados por granizo<\/h3>\n<p>\u00a1Granizo y Texas van de la mano, tanto que Texas representa m\u00e1s de 1\/5 de las reclamaciones nacionales por da\u00f1os debido a granizo! Las compa\u00f1\u00edas de seguros de Texas a veces hacen todo lo posible para denegar o pagar menos las reclamaciones de seguros por da\u00f1os debido a granizo. Con un inspector independiente llegaremos al fondo de su reclamaci\u00f3n por da\u00f1os debido a granizo, determinaremos el verdadero alcance de los da\u00f1os a su propiedad y obtendremos la compensaci\u00f3n adecuada a la que usted tiene derecho.<\/p>\n<p style=\"text-align: justify;\"><a title=\"Hail Damage\" href=\"https:\/\/fittslawfirm.com\/practice-areas\/hail-damage\/\">Continuar leyendo &gt;&gt;<\/a><\/p>\n<h3 style=\"text-align: justify;\">Reclamaciones por da\u00f1os causados por el viento<\/h3>\n<p>Los vientos fuertes pueden da\u00f1ar el revestimiento de la casa, las ventanas, los techos, entre otros. La verdadera magnitud de los da\u00f1os causados por el viento no siempre es evidente, incluso para un inspector de seguros capacitado. Adem\u00e1s, muchos inspectores de seguros realizan solo inspecciones superficiales, para no descubrir da\u00f1os graves. Las inspecciones inadecuadas, reclamaciones de seguros denegadas intencionalmente y compensaciones mal pagadas todas representan posibles violaciones a la ley de Texas.<\/p>\n<p style=\"text-align: justify;\"><a title=\"Wind Damage Claims\" href=\"https:\/\/fittslawfirm.com\/practice-areas\/wind-damage\/\">Continuar leyendo &gt;&gt;<\/a><\/p>\n<\/div>\n<div class=\"one-half\">\n<h3 style=\"text-align: justify;\">Reclamaciones por implante de TVM<\/h3>\n<p>El implante de malla transvaginal (TVM), originalmente destinado a tratar varias afecciones de salud femenina, se ha relacionado oficialmente con una larga lista de efectos secundarios. Decenas de miles de mujeres ya han presentado demandas debido a complicaciones asociadas con la TVM para obtener una indemnizaci\u00f3n. Si usted ha sufrido alguno de los muchos efectos adversos asociados con la TVM, comun\u00edquese con el Bufete de Abogados Fitts HOY MISMO.<\/p>\n<p style=\"text-align: justify;\"><a title=\"TVM Claims\" href=\"https:\/\/fittslawfirm.com\/practice-areas\/tvm-claims\/\">Continuar leyendo &gt;&gt;<\/a><\/p>\n<h3>Reclamaciones de Invokana<\/h3>\n<p>Destinado al tratamiento de la diabetes tipo 2, la prescripci\u00f3n de dicho medicamento se ha relacionado desde entonces con muchos efectos secundarios graves. Los pacientes que sufren ahora o han sufrido efectos adversos en su salud a causa de Invokana podr\u00edan tener derecho a una indemnizaci\u00f3n. Nosotros conocemos perfectamente c\u00f3mo abordar las demandas farmac\u00e9uticas y lucharemos arduamente para recuperar lo que se le debe a usted. Cont\u00e1ctenos hoy mismo para obtener ayuda con una reclamaci\u00f3n de Invokana.<\/p>\n<p><a href=\"https:\/\/fittslawfirm.com\/invokana\/\">Continuar leyendo &gt;&gt;<\/a><\/p>\n<h3>Reclamaciones de filtros VCI<\/h3>\n<p>Muchos pacientes han informado efectos adversos, algunos de ellos muy graves, despu\u00e9s de la implantaci\u00f3n de filtro VCI. Se supone que los filtros VCI ayudan a atrapar los co\u00e1gulos de sangre, pero se ha demostrado que causan un da\u00f1o grave en el cuerpo al romperse, fisurarse, perforarse y fallar de alguna otra manera. En casos extremos, los filtros VCI se han relacionado con derrames cerebrales e incluso con la muerte. Si usted ha sufrido complicaciones por un filtro VCI, p\u00f3ngase en contacto con nosotros hoy mismo.<\/p>\n<p><a title=\"TVM Claims\" href=\"https:\/\/fittslawfirm.com\/practice-areas\/tvm-claims\/\">Continuar leyendo<\/a><a href=\"https:\/\/fittslawfirm.com\/ivc-filter-attorney\/\"> &gt;&gt;<\/a><\/p>\n<\/div>\n<p>[\/vc_column_text][\/vc_column][\/vc_row]<\/p>\n<\/section>","protected":false},"excerpt":{"rendered":"<p>[vc_row][vc_column][vc_column_text] Reclamaciones de seguro denegadas Los ajustadores de seguros a menudo niegan err\u00f3neamente las reclamaciones de seguros leg\u00edtimas que deber\u00edan &#8230;<\/p>\n","protected":false},"author":3,"featured_media":0,"parent":0,"menu_order":30,"comment_status":"closed","ping_status":"closed","template":"","meta":{"footnotes":""},"class_list":["post-1392","page","type-page","status-publish","hentry"],"yoast_head":"<!-- This site is optimized with the Yoast SEO plugin v27.4 - https:\/\/yoast.com\/product\/yoast-seo-wordpress\/ -->\n<title>\u00c1reas de pr\u00e1ctica | Bufete de Abogados Fitts, PLLC<\/title>\n<meta name=\"description\" content=\"Desde reclamaciones de seguro denegadas hasta reclamaciones por filtro VCI, si usted necesita un abogado con experiencia en litigios, llame a los Abogados del Bufete de Abogados Fitts, PLLC en Houston.\" \/>\n<meta name=\"robots\" content=\"index, follow, max-snippet:-1, max-image-preview:large, max-video-preview:-1\" \/>\n<link rel=\"canonical\" href=\"https:\/\/fittslawfirm.com\/es\/areas-de-practica\/\" \/>\n<meta property=\"og:locale\" content=\"es_ES\" \/>\n<meta property=\"og:type\" content=\"article\" \/>\n<meta property=\"og:title\" content=\"\u00c1reas de pr\u00e1ctica | Bufete de Abogados Fitts, PLLC\" \/>\n<meta property=\"og:description\" content=\"Desde reclamaciones de seguro denegadas hasta reclamaciones por filtro VCI, si usted necesita un abogado con experiencia en litigios, llame a los Abogados del Bufete de Abogados Fitts, PLLC en Houston.\" \/>\n<meta property=\"og:url\" content=\"https:\/\/fittslawfirm.com\/es\/areas-de-practica\/\" \/>\n<meta property=\"og:site_name\" content=\"Fitts Law Firm\" \/>\n<meta property=\"article:publisher\" content=\"https:\/\/www.facebook.com\/FittsLawFirm\/\" \/>\n<meta property=\"article:modified_time\" content=\"2026-01-09T01:55:53+00:00\" \/>\n<meta property=\"og:image\" content=\"https:\/\/fittslawfirm.com\/wp-content\/uploads\/2023\/03\/Houston-civil-litigation-firm-banner.jpg\" \/>\n\t<meta property=\"og:image:width\" content=\"1200\" \/>\n\t<meta property=\"og:image:height\" content=\"583\" \/>\n\t<meta property=\"og:image:type\" content=\"image\/jpeg\" \/>\n<meta name=\"twitter:card\" content=\"summary_large_image\" \/>\n<meta name=\"twitter:label1\" content=\"Tiempo de lectura\" \/>\n\t<meta name=\"twitter:data1\" content=\"3 minutos\" \/>\n<script type=\"application\/ld+json\" class=\"yoast-schema-graph\">{\"@context\":\"https:\\\/\\\/schema.org\",\"@graph\":[{\"@type\":\"WebPage\",\"@id\":\"https:\\\/\\\/fittslawfirm.com\\\/es\\\/areas-de-practica\\\/\",\"url\":\"https:\\\/\\\/fittslawfirm.com\\\/es\\\/areas-de-practica\\\/\",\"name\":\"\u00c1reas de pr\u00e1ctica | Bufete de Abogados Fitts, PLLC\",\"isPartOf\":{\"@id\":\"https:\\\/\\\/fittslawfirm.com\\\/#website\"},\"datePublished\":\"2021-11-19T20:20:53+00:00\",\"dateModified\":\"2026-01-09T01:55:53+00:00\",\"description\":\"Desde reclamaciones de seguro denegadas hasta reclamaciones por filtro VCI, si usted necesita un abogado con experiencia en litigios, llame a los Abogados del Bufete de Abogados Fitts, PLLC en Houston.\",\"breadcrumb\":{\"@id\":\"https:\\\/\\\/fittslawfirm.com\\\/es\\\/areas-de-practica\\\/#breadcrumb\"},\"inLanguage\":\"es\",\"potentialAction\":[{\"@type\":\"ReadAction\",\"target\":[\"https:\\\/\\\/fittslawfirm.com\\\/es\\\/areas-de-practica\\\/\"]}]},{\"@type\":\"BreadcrumbList\",\"@id\":\"https:\\\/\\\/fittslawfirm.com\\\/es\\\/areas-de-practica\\\/#breadcrumb\",\"itemListElement\":[{\"@type\":\"ListItem\",\"position\":1,\"name\":\"Home\",\"item\":\"https:\\\/\\\/fittslawfirm.com\\\/es\\\/pagina-de-inicio\\\/\"},{\"@type\":\"ListItem\",\"position\":2,\"name\":\"\u00c1reas de pr\u00e1ctica\"}]},{\"@type\":\"WebSite\",\"@id\":\"https:\\\/\\\/fittslawfirm.com\\\/#website\",\"url\":\"https:\\\/\\\/fittslawfirm.com\\\/\",\"name\":\"Fitts Law Firm\",\"description\":\"Houston Texas Personal Injury and Insurance Attorney\",\"publisher\":{\"@id\":\"https:\\\/\\\/fittslawfirm.com\\\/#organization\"},\"alternateName\":\"Houston Civil Litigation Firm\",\"potentialAction\":[{\"@type\":\"SearchAction\",\"target\":{\"@type\":\"EntryPoint\",\"urlTemplate\":\"https:\\\/\\\/fittslawfirm.com\\\/?s={search_term_string}\"},\"query-input\":{\"@type\":\"PropertyValueSpecification\",\"valueRequired\":true,\"valueName\":\"search_term_string\"}}],\"inLanguage\":\"es\"},{\"@type\":\"Organization\",\"@id\":\"https:\\\/\\\/fittslawfirm.com\\\/#organization\",\"name\":\"Fitts Law Firm\",\"alternateName\":\"Houston Texas Personal Injury and Insurance Attorney\",\"url\":\"https:\\\/\\\/fittslawfirm.com\\\/\",\"logo\":{\"@type\":\"ImageObject\",\"inLanguage\":\"es\",\"@id\":\"https:\\\/\\\/fittslawfirm.com\\\/#\\\/schema\\\/logo\\\/image\\\/\",\"url\":\"https:\\\/\\\/fittslawfirm.com\\\/wp-content\\\/uploads\\\/2023\\\/03\\\/Houston-Civil-Law-Firm.jpg\",\"contentUrl\":\"https:\\\/\\\/fittslawfirm.com\\\/wp-content\\\/uploads\\\/2023\\\/03\\\/Houston-Civil-Law-Firm.jpg\",\"width\":300,\"height\":300,\"caption\":\"Fitts Law Firm\"},\"image\":{\"@id\":\"https:\\\/\\\/fittslawfirm.com\\\/#\\\/schema\\\/logo\\\/image\\\/\"},\"sameAs\":[\"https:\\\/\\\/www.facebook.com\\\/FittsLawFirm\\\/\",\"https:\\\/\\\/www.youtube.com\\\/@fittslawfirm\"]}]}<\/script>\n<!-- \/ Yoast SEO plugin. -->","yoast_head_json":{"title":"\u00c1reas de pr\u00e1ctica | Bufete de Abogados Fitts, PLLC","description":"Desde reclamaciones de seguro denegadas hasta reclamaciones por filtro VCI, si usted necesita un abogado con experiencia en litigios, llame a los Abogados del Bufete de Abogados Fitts, PLLC en Houston.","robots":{"index":"index","follow":"follow","max-snippet":"max-snippet:-1","max-image-preview":"max-image-preview:large","max-video-preview":"max-video-preview:-1"},"canonical":"https:\/\/fittslawfirm.com\/es\/areas-de-practica\/","og_locale":"es_ES","og_type":"article","og_title":"\u00c1reas de pr\u00e1ctica | Bufete de Abogados Fitts, PLLC","og_description":"Desde reclamaciones de seguro denegadas hasta reclamaciones por filtro VCI, si usted necesita un abogado con experiencia en litigios, llame a los Abogados del Bufete de Abogados Fitts, PLLC en Houston.","og_url":"https:\/\/fittslawfirm.com\/es\/areas-de-practica\/","og_site_name":"Fitts Law Firm","article_publisher":"https:\/\/www.facebook.com\/FittsLawFirm\/","article_modified_time":"2026-01-09T01:55:53+00:00","og_image":[{"width":1200,"height":583,"url":"https:\/\/fittslawfirm.com\/wp-content\/uploads\/2023\/03\/Houston-civil-litigation-firm-banner.jpg","type":"image\/jpeg"}],"twitter_card":"summary_large_image","twitter_misc":{"Tiempo de lectura":"3 minutos"},"schema":{"@context":"https:\/\/schema.org","@graph":[{"@type":"WebPage","@id":"https:\/\/fittslawfirm.com\/es\/areas-de-practica\/","url":"https:\/\/fittslawfirm.com\/es\/areas-de-practica\/","name":"\u00c1reas de pr\u00e1ctica | Bufete de Abogados Fitts, PLLC","isPartOf":{"@id":"https:\/\/fittslawfirm.com\/#website"},"datePublished":"2021-11-19T20:20:53+00:00","dateModified":"2026-01-09T01:55:53+00:00","description":"Desde reclamaciones de seguro denegadas hasta reclamaciones por filtro VCI, si usted necesita un abogado con experiencia en litigios, llame a los Abogados del Bufete de Abogados Fitts, PLLC en Houston.","breadcrumb":{"@id":"https:\/\/fittslawfirm.com\/es\/areas-de-practica\/#breadcrumb"},"inLanguage":"es","potentialAction":[{"@type":"ReadAction","target":["https:\/\/fittslawfirm.com\/es\/areas-de-practica\/"]}]},{"@type":"BreadcrumbList","@id":"https:\/\/fittslawfirm.com\/es\/areas-de-practica\/#breadcrumb","itemListElement":[{"@type":"ListItem","position":1,"name":"Home","item":"https:\/\/fittslawfirm.com\/es\/pagina-de-inicio\/"},{"@type":"ListItem","position":2,"name":"\u00c1reas de pr\u00e1ctica"}]},{"@type":"WebSite","@id":"https:\/\/fittslawfirm.com\/#website","url":"https:\/\/fittslawfirm.com\/","name":"Fitts Law Firm","description":"Houston Texas Personal Injury and Insurance Attorney","publisher":{"@id":"https:\/\/fittslawfirm.com\/#organization"},"alternateName":"Houston Civil Litigation Firm","potentialAction":[{"@type":"SearchAction","target":{"@type":"EntryPoint","urlTemplate":"https:\/\/fittslawfirm.com\/?s={search_term_string}"},"query-input":{"@type":"PropertyValueSpecification","valueRequired":true,"valueName":"search_term_string"}}],"inLanguage":"es"},{"@type":"Organization","@id":"https:\/\/fittslawfirm.com\/#organization","name":"Fitts Law Firm","alternateName":"Houston Texas Personal Injury and Insurance Attorney","url":"https:\/\/fittslawfirm.com\/","logo":{"@type":"ImageObject","inLanguage":"es","@id":"https:\/\/fittslawfirm.com\/#\/schema\/logo\/image\/","url":"https:\/\/fittslawfirm.com\/wp-content\/uploads\/2023\/03\/Houston-Civil-Law-Firm.jpg","contentUrl":"https:\/\/fittslawfirm.com\/wp-content\/uploads\/2023\/03\/Houston-Civil-Law-Firm.jpg","width":300,"height":300,"caption":"Fitts Law Firm"},"image":{"@id":"https:\/\/fittslawfirm.com\/#\/schema\/logo\/image\/"},"sameAs":["https:\/\/www.facebook.com\/FittsLawFirm\/","https:\/\/www.youtube.com\/@fittslawfirm"]}]}},"_links":{"self":[{"href":"https:\/\/fittslawfirm.com\/es\/wp-json\/wp\/v2\/pages\/1392","targetHints":{"allow":["GET"]}}],"collection":[{"href":"https:\/\/fittslawfirm.com\/es\/wp-json\/wp\/v2\/pages"}],"about":[{"href":"https:\/\/fittslawfirm.com\/es\/wp-json\/wp\/v2\/types\/page"}],"author":[{"embeddable":true,"href":"https:\/\/fittslawfirm.com\/es\/wp-json\/wp\/v2\/users\/3"}],"replies":[{"embeddable":true,"href":"https:\/\/fittslawfirm.com\/es\/wp-json\/wp\/v2\/comments?post=1392"}],"version-history":[{"count":0,"href":"https:\/\/fittslawfirm.com\/es\/wp-json\/wp\/v2\/pages\/1392\/revisions"}],"wp:attachment":[{"href":"https:\/\/fittslawfirm.com\/es\/wp-json\/wp\/v2\/media?parent=1392"}],"curies":[{"name":"wp","href":"https:\/\/api.w.org\/{rel}","templated":true}]}}