{"id":1390,"date":"2021-11-19T20:20:53","date_gmt":"2021-11-19T20:20:53","guid":{"rendered":"https:\/\/fittslawfirm.com\/profesionales\/"},"modified":"2023-01-03T20:56:47","modified_gmt":"2023-01-03T20:56:47","slug":"profesionales","status":"publish","type":"page","link":"https:\/\/fittslawfirm.com\/es\/profesionales\/","title":{"rendered":"Profesionales"},"content":{"rendered":"<section class=\"wpb-content-wrapper\"><p>[vc_row][vc_column]\r\n\t<div class=\"custom-heading wpb_content_element \">\r\n\t\t<h2 class=\"heading-title\" >Bryant A. Fitts | Abogado<\/h2>\r\n\t\t<span class=\"heading-line primary\"><\/span>\r\n\t<\/div>[\/vc_column][\/vc_row][vc_row][vc_column width=\u00bb1\/4&#8243;][vc_single_image image=\u00bb732&#8243; img_size=\u00bbfull\u00bb css_animation=\u00bbleft-to-right\u00bb][\/vc_column][vc_column width=\u00bb3\/4&#8243;][vc_column_text]Bryant aprendi\u00f3 el trabajo duro y la perseverancia a una edad temprana. Todo comenz\u00f3 en Landry\u2019s Oyster Bar cuando Bryant ten\u00eda 10 a\u00f1os. Estaban de viaje cuando su padre y algunos viejos amigos se reunieron para comer ostras y beber cerveza. Bryant hab\u00eda estado rogando a sus padres poder tener un Go Kart durante meses, y esa tarde en particular, continu\u00f3 insisti\u00e9ndole a su padre. En un momento de debilidad, su padre le dijo a Bryant que podr\u00eda tenerlo si lo pagaba \u00e9l mismo.<\/p>\n<p>Tres meses despu\u00e9s, Bryant ten\u00eda ese carrito. <a title=\"Read more about Bryant A. Fitts\" href=\"https:\/\/fittslawfirm.com\/attorneys\/bryant-a-fitts\/\">Continuar leyendo &gt;&gt;<\/a><\/p>\n<p>&nbsp;<\/p>\n<p>&nbsp;[\/vc_column_text][\/vc_column][\/vc_row]<\/p>\n<p>[vc_row][vc_column]\r\n\t<div class=\"custom-heading wpb_content_element \">\r\n\t\t<h2 class=\"heading-title\" >Cristina Hernandez | Abogada<\/h2>\r\n\t\t<span class=\"heading-line primary\"><\/span>\r\n\t<\/div>[\/vc_column][\/vc_row][vc_row][vc_column width=\u00bb3\/4&#8243;][vc_column_text]La familia de Cristina se mud\u00f3 al este de Texas desde M\u00e9xico cuando ella ten\u00eda tan solo un a\u00f1o. Mientras su familia luchaba por construir una nueva vida en un nuevo pa\u00eds, Cristina comenz\u00f3 la escuela sin hablar ingl\u00e9s. Despu\u00e9s de dominar r\u00e1pidamente el ingl\u00e9s y el espa\u00f1ol, Cristina aprendi\u00f3 que la educaci\u00f3n y el trabajo duro eran esenciales para superar las dificultades de su familia. Se fij\u00f3 el objetivo de aprovechar al m\u00e1ximo la oportunidad que se le dio de crecer, estudiar, vivir y trabajar en los Estados Unidos. <a title=\"Carla Delpit\" href=\"https:\/\/fittslawfirm.com\/attorneys\/cristina-hernandez\/\">Continuar leyendo <\/a>&gt;&gt;[\/vc_column_text][\/vc_column][\/vc_row]<\/p>\n<p>[vc_row][vc_column]\r\n\t<div class=\"custom-heading wpb_content_element \">\r\n\t\t<h2 class=\"heading-title\" >Cristina Hernandez | Abogada<\/h2>\r\n\t\t<span class=\"heading-line primary\"><\/span>\r\n\t<\/div>[\/vc_column][\/vc_row][vc_row][vc_column width=\u00bb3\/4&#8243;][vc_column_text]La familia de Cristina se mud\u00f3 al este de Texas desde M\u00e9xico cuando ella ten\u00eda tan solo un a\u00f1o. Mientras su familia luchaba por construir una nueva vida en un nuevo pa\u00eds, Cristina comenz\u00f3 la escuela sin hablar ingl\u00e9s. Despu\u00e9s de dominar r\u00e1pidamente el ingl\u00e9s y el espa\u00f1ol, Cristina aprendi\u00f3 que la educaci\u00f3n y el trabajo duro eran esenciales para superar las dificultades de su familia. Se fij\u00f3 el objetivo de aprovechar al m\u00e1ximo la oportunidad que se le dio de crecer, estudiar, vivir y trabajar en los Estados Unidos. <a title=\"Carla Delpit\" href=\"https:\/\/fittslawfirm.com\/attorneys\/cristina-hernandez\/\">Continuar leyendo <\/a>&gt;&gt;[\/vc_column_text][\/vc_column][\/vc_row]<\/p>\n<\/section>","protected":false},"excerpt":{"rendered":"<p>[vc_row][vc_column][\/vc_column][\/vc_row][vc_row][vc_column width=\u00bb1\/4&#8243;][vc_single_image image=\u00bb732&#8243; img_size=\u00bbfull\u00bb css_animation=\u00bbleft-to-right\u00bb][\/vc_column][vc_column width=\u00bb3\/4&#8243;][vc_column_text]Bryant aprendi\u00f3 el trabajo duro y la perseverancia a una edad temprana. Todo comenz\u00f3 en &#8230;<\/p>\n","protected":false},"author":3,"featured_media":0,"parent":0,"menu_order":20,"comment_status":"closed","ping_status":"closed","template":"","meta":{"footnotes":""},"class_list":["post-1390","page","type-page","status-publish","hentry"],"yoast_head":"<!-- This site is optimized with the Yoast SEO plugin v27.4 - https:\/\/yoast.com\/product\/yoast-seo-wordpress\/ -->\n<title>Abogados de litigios en Houston | Bufete de Abogados Fitts, PLLC<\/title>\n<meta name=\"description\" content=\"Llame a nuestro equipo profesional especializado en litigios para obtener una consulta gratuita. Con m\u00e1s de 40 a\u00f1os de experiencia en conjunto, \u00a1nosotros podemos ayudar!\" \/>\n<meta name=\"robots\" content=\"index, follow, max-snippet:-1, max-image-preview:large, max-video-preview:-1\" \/>\n<link rel=\"canonical\" href=\"https:\/\/fittslawfirm.com\/es\/profesionales\/\" \/>\n<meta property=\"og:locale\" content=\"es_ES\" \/>\n<meta property=\"og:type\" content=\"article\" \/>\n<meta property=\"og:title\" content=\"Abogados de litigios en Houston | Bufete de Abogados Fitts, PLLC\" \/>\n<meta property=\"og:description\" content=\"Llame a nuestro equipo profesional especializado en litigios para obtener una consulta gratuita. Con m\u00e1s de 40 a\u00f1os de experiencia en conjunto, \u00a1nosotros podemos ayudar!\" \/>\n<meta property=\"og:url\" content=\"https:\/\/fittslawfirm.com\/es\/profesionales\/\" \/>\n<meta property=\"og:site_name\" content=\"Fitts Law Firm\" \/>\n<meta property=\"article:publisher\" content=\"https:\/\/www.facebook.com\/FittsLawFirm\/\" \/>\n<meta property=\"article:modified_time\" content=\"2023-01-03T20:56:47+00:00\" \/>\n<meta property=\"og:image\" content=\"https:\/\/fittslawfirm.com\/wp-content\/uploads\/2023\/03\/Houston-civil-litigation-firm-banner.jpg\" \/>\n\t<meta property=\"og:image:width\" content=\"1200\" \/>\n\t<meta property=\"og:image:height\" content=\"583\" \/>\n\t<meta property=\"og:image:type\" content=\"image\/jpeg\" \/>\n<meta name=\"twitter:card\" content=\"summary_large_image\" \/>\n<meta name=\"twitter:label1\" content=\"Tiempo de lectura\" \/>\n\t<meta name=\"twitter:data1\" content=\"2 minutos\" \/>\n<script type=\"application\/ld+json\" class=\"yoast-schema-graph\">{\"@context\":\"https:\\\/\\\/schema.org\",\"@graph\":[{\"@type\":\"WebPage\",\"@id\":\"https:\\\/\\\/fittslawfirm.com\\\/es\\\/profesionales\\\/\",\"url\":\"https:\\\/\\\/fittslawfirm.com\\\/es\\\/profesionales\\\/\",\"name\":\"Abogados de litigios en Houston | Bufete de Abogados Fitts, PLLC\",\"isPartOf\":{\"@id\":\"https:\\\/\\\/fittslawfirm.com\\\/#website\"},\"datePublished\":\"2021-11-19T20:20:53+00:00\",\"dateModified\":\"2023-01-03T20:56:47+00:00\",\"description\":\"Llame a nuestro equipo profesional especializado en litigios para obtener una consulta gratuita. Con m\u00e1s de 40 a\u00f1os de experiencia en conjunto, \u00a1nosotros podemos ayudar!\",\"breadcrumb\":{\"@id\":\"https:\\\/\\\/fittslawfirm.com\\\/es\\\/profesionales\\\/#breadcrumb\"},\"inLanguage\":\"es\",\"potentialAction\":[{\"@type\":\"ReadAction\",\"target\":[\"https:\\\/\\\/fittslawfirm.com\\\/es\\\/profesionales\\\/\"]}]},{\"@type\":\"BreadcrumbList\",\"@id\":\"https:\\\/\\\/fittslawfirm.com\\\/es\\\/profesionales\\\/#breadcrumb\",\"itemListElement\":[{\"@type\":\"ListItem\",\"position\":1,\"name\":\"Home\",\"item\":\"https:\\\/\\\/fittslawfirm.com\\\/es\\\/pagina-de-inicio\\\/\"},{\"@type\":\"ListItem\",\"position\":2,\"name\":\"Profesionales\"}]},{\"@type\":\"WebSite\",\"@id\":\"https:\\\/\\\/fittslawfirm.com\\\/#website\",\"url\":\"https:\\\/\\\/fittslawfirm.com\\\/\",\"name\":\"Fitts Law Firm\",\"description\":\"Houston Texas Personal Injury and Insurance Attorney\",\"publisher\":{\"@id\":\"https:\\\/\\\/fittslawfirm.com\\\/#organization\"},\"alternateName\":\"Houston Civil Litigation Firm\",\"potentialAction\":[{\"@type\":\"SearchAction\",\"target\":{\"@type\":\"EntryPoint\",\"urlTemplate\":\"https:\\\/\\\/fittslawfirm.com\\\/?s={search_term_string}\"},\"query-input\":{\"@type\":\"PropertyValueSpecification\",\"valueRequired\":true,\"valueName\":\"search_term_string\"}}],\"inLanguage\":\"es\"},{\"@type\":\"Organization\",\"@id\":\"https:\\\/\\\/fittslawfirm.com\\\/#organization\",\"name\":\"Fitts Law Firm\",\"alternateName\":\"Houston Texas Personal Injury and Insurance Attorney\",\"url\":\"https:\\\/\\\/fittslawfirm.com\\\/\",\"logo\":{\"@type\":\"ImageObject\",\"inLanguage\":\"es\",\"@id\":\"https:\\\/\\\/fittslawfirm.com\\\/#\\\/schema\\\/logo\\\/image\\\/\",\"url\":\"https:\\\/\\\/fittslawfirm.com\\\/wp-content\\\/uploads\\\/2023\\\/03\\\/Houston-Civil-Law-Firm.jpg\",\"contentUrl\":\"https:\\\/\\\/fittslawfirm.com\\\/wp-content\\\/uploads\\\/2023\\\/03\\\/Houston-Civil-Law-Firm.jpg\",\"width\":300,\"height\":300,\"caption\":\"Fitts Law Firm\"},\"image\":{\"@id\":\"https:\\\/\\\/fittslawfirm.com\\\/#\\\/schema\\\/logo\\\/image\\\/\"},\"sameAs\":[\"https:\\\/\\\/www.facebook.com\\\/FittsLawFirm\\\/\",\"https:\\\/\\\/www.youtube.com\\\/@fittslawfirm\"]}]}<\/script>\n<!-- \/ Yoast SEO plugin. -->","yoast_head_json":{"title":"Abogados de litigios en Houston | Bufete de Abogados Fitts, PLLC","description":"Llame a nuestro equipo profesional especializado en litigios para obtener una consulta gratuita. Con m\u00e1s de 40 a\u00f1os de experiencia en conjunto, \u00a1nosotros podemos ayudar!","robots":{"index":"index","follow":"follow","max-snippet":"max-snippet:-1","max-image-preview":"max-image-preview:large","max-video-preview":"max-video-preview:-1"},"canonical":"https:\/\/fittslawfirm.com\/es\/profesionales\/","og_locale":"es_ES","og_type":"article","og_title":"Abogados de litigios en Houston | Bufete de Abogados Fitts, PLLC","og_description":"Llame a nuestro equipo profesional especializado en litigios para obtener una consulta gratuita. Con m\u00e1s de 40 a\u00f1os de experiencia en conjunto, \u00a1nosotros podemos ayudar!","og_url":"https:\/\/fittslawfirm.com\/es\/profesionales\/","og_site_name":"Fitts Law Firm","article_publisher":"https:\/\/www.facebook.com\/FittsLawFirm\/","article_modified_time":"2023-01-03T20:56:47+00:00","og_image":[{"width":1200,"height":583,"url":"https:\/\/fittslawfirm.com\/wp-content\/uploads\/2023\/03\/Houston-civil-litigation-firm-banner.jpg","type":"image\/jpeg"}],"twitter_card":"summary_large_image","twitter_misc":{"Tiempo de lectura":"2 minutos"},"schema":{"@context":"https:\/\/schema.org","@graph":[{"@type":"WebPage","@id":"https:\/\/fittslawfirm.com\/es\/profesionales\/","url":"https:\/\/fittslawfirm.com\/es\/profesionales\/","name":"Abogados de litigios en Houston | Bufete de Abogados Fitts, PLLC","isPartOf":{"@id":"https:\/\/fittslawfirm.com\/#website"},"datePublished":"2021-11-19T20:20:53+00:00","dateModified":"2023-01-03T20:56:47+00:00","description":"Llame a nuestro equipo profesional especializado en litigios para obtener una consulta gratuita. Con m\u00e1s de 40 a\u00f1os de experiencia en conjunto, \u00a1nosotros podemos ayudar!","breadcrumb":{"@id":"https:\/\/fittslawfirm.com\/es\/profesionales\/#breadcrumb"},"inLanguage":"es","potentialAction":[{"@type":"ReadAction","target":["https:\/\/fittslawfirm.com\/es\/profesionales\/"]}]},{"@type":"BreadcrumbList","@id":"https:\/\/fittslawfirm.com\/es\/profesionales\/#breadcrumb","itemListElement":[{"@type":"ListItem","position":1,"name":"Home","item":"https:\/\/fittslawfirm.com\/es\/pagina-de-inicio\/"},{"@type":"ListItem","position":2,"name":"Profesionales"}]},{"@type":"WebSite","@id":"https:\/\/fittslawfirm.com\/#website","url":"https:\/\/fittslawfirm.com\/","name":"Fitts Law Firm","description":"Houston Texas Personal Injury and Insurance Attorney","publisher":{"@id":"https:\/\/fittslawfirm.com\/#organization"},"alternateName":"Houston Civil Litigation Firm","potentialAction":[{"@type":"SearchAction","target":{"@type":"EntryPoint","urlTemplate":"https:\/\/fittslawfirm.com\/?s={search_term_string}"},"query-input":{"@type":"PropertyValueSpecification","valueRequired":true,"valueName":"search_term_string"}}],"inLanguage":"es"},{"@type":"Organization","@id":"https:\/\/fittslawfirm.com\/#organization","name":"Fitts Law Firm","alternateName":"Houston Texas Personal Injury and Insurance Attorney","url":"https:\/\/fittslawfirm.com\/","logo":{"@type":"ImageObject","inLanguage":"es","@id":"https:\/\/fittslawfirm.com\/#\/schema\/logo\/image\/","url":"https:\/\/fittslawfirm.com\/wp-content\/uploads\/2023\/03\/Houston-Civil-Law-Firm.jpg","contentUrl":"https:\/\/fittslawfirm.com\/wp-content\/uploads\/2023\/03\/Houston-Civil-Law-Firm.jpg","width":300,"height":300,"caption":"Fitts Law Firm"},"image":{"@id":"https:\/\/fittslawfirm.com\/#\/schema\/logo\/image\/"},"sameAs":["https:\/\/www.facebook.com\/FittsLawFirm\/","https:\/\/www.youtube.com\/@fittslawfirm"]}]}},"_links":{"self":[{"href":"https:\/\/fittslawfirm.com\/es\/wp-json\/wp\/v2\/pages\/1390","targetHints":{"allow":["GET"]}}],"collection":[{"href":"https:\/\/fittslawfirm.com\/es\/wp-json\/wp\/v2\/pages"}],"about":[{"href":"https:\/\/fittslawfirm.com\/es\/wp-json\/wp\/v2\/types\/page"}],"author":[{"embeddable":true,"href":"https:\/\/fittslawfirm.com\/es\/wp-json\/wp\/v2\/users\/3"}],"replies":[{"embeddable":true,"href":"https:\/\/fittslawfirm.com\/es\/wp-json\/wp\/v2\/comments?post=1390"}],"version-history":[{"count":0,"href":"https:\/\/fittslawfirm.com\/es\/wp-json\/wp\/v2\/pages\/1390\/revisions"}],"wp:attachment":[{"href":"https:\/\/fittslawfirm.com\/es\/wp-json\/wp\/v2\/media?parent=1390"}],"curies":[{"name":"wp","href":"https:\/\/api.w.org\/{rel}","templated":true}]}}