{"id":1386,"date":"2021-11-19T20:20:51","date_gmt":"2021-11-19T20:20:51","guid":{"rendered":"https:\/\/fittslawfirm.com\/informacion-de-harvey\/huracan-harvey-presentando-un-reclamo-de-seguro-por-interrupcion-de-negocios\/"},"modified":"2026-01-08T19:39:08","modified_gmt":"2026-01-09T01:39:08","slug":"huracan-harvey-presentando-un-reclamo-de-seguro-por-interrupcion-de-negocios","status":"publish","type":"page","link":"https:\/\/fittslawfirm.com\/es\/informacion-de-harvey\/huracan-harvey-presentando-un-reclamo-de-seguro-por-interrupcion-de-negocios\/","title":{"rendered":"Reclamaci\u00f3n de seguro debido a la interrupci\u00f3n comercial ocasionada por el Hurac\u00e1n Harvey"},"content":{"rendered":"<section class=\"wpb-content-wrapper\"><p>[vc_row][vc_column][vc_column_text]<\/p>\n<h2>\u00bfQu\u00e9 es el seguro de interrupci\u00f3n comercial debido al hurac\u00e1n Harvey?<\/h2>\n<p>El seguro de interrupci\u00f3n de la actividad comercial (tambi\u00e9n conocido como seguro de ingresos comerciales) suele ser un respaldo a su p\u00f3liza de seguro de propiedad comercial. Su prop\u00f3sito es devolver su negocio a su estado financiero previo al siniestro. La mayor\u00eda de las p\u00f3lizas comerciales est\u00e1ndar cubren solo p\u00e9rdidas o da\u00f1os directos a elementos tangibles, tales como edificios y propiedades comerciales. Si bien, por lo general, el seguro contra interrupci\u00f3n comercial cubre la p\u00e9rdida de ganancias o de ventas en caso de que su negocio no pueda operar despu\u00e9s de presentarse un siniestro y, en ocasiones, incluye gastos de reubicaci\u00f3n temporal. Incluso pudiera reembolsar los gastos que requiera para mantener a sus empleados en la n\u00f3mina mientras las reparaciones se llevan a cabo. Si el sitio fuese destruido y necesitara alquilar otro, su seguro de interrupci\u00f3n comercial podr\u00eda cubrirlo.[\/vc_column_text][vc_single_image image=\u00bb935&#8243; img_size=\u00bbfull\u00bb alignment=\u00bbcenter\u00bb css_animation=\u00bbtop-to-bottom\u00bb][\/vc_column][\/vc_row][vc_row][vc_column][vc_column_text]<\/p>\n<h2>\u00bfCu\u00e1nto cuesta el deducible para una reclamaci\u00f3n por interrupci\u00f3n comercial?<\/h2>\n<p>A diferencia de la mayor\u00eda de las p\u00f3lizas de seguro contra tormentas o vientos que normalmente cuentan con deducibles que se calculan mediante un porcentaje del valor del monto de la propiedad, para muchas p\u00f3lizas de interrupci\u00f3n comercial no se aplica el deducible.<\/p>\n<h2>\u00bfQu\u00e9 cubren las reclamaciones por interrupci\u00f3n comercial?<\/h2>\n<p>Conforme a la p\u00f3liza est\u00e1ndar de interrupci\u00f3n comercial, proporciona cobertura para \u00abla p\u00e9rdida real de ingresos comerciales que sufra debido a la suspensi\u00f3n necesaria de sus operaciones durante el per\u00edodo de restauraci\u00f3n\u00bb. La suspensi\u00f3n de las operaciones comerciales deber\u00e1 ser provocada seg\u00fan los da\u00f1os f\u00edsicos directos cubiertos en la propiedad de las instalaciones que se enumeran en las declaraciones de la p\u00f3liza. La \u00absuspensi\u00f3n\u00bb y el \u00abper\u00edodo de restauraci\u00f3n\u00bb ser\u00e1n definidas en dicha p\u00f3liza. La suspensi\u00f3n puede ser una desaceleraci\u00f3n total, parcial o la interrupci\u00f3n de sus actividades comerciales. El per\u00edodo de restauraci\u00f3n normalmente comenzar\u00e1 unos d\u00edas despu\u00e9s de que ocurra el siniestro y terminar\u00e1 cuando las instalaciones deban ser reparadas o cuando la actividad comercial sea reanudada en una nueva ubicaci\u00f3n permanente.<\/p>\n<p>Normalmente, existen tres tipos de coberturas adicionales que pueden ser adquiridas como un plus a su cobertura de interrupci\u00f3n comercial:<\/p>\n<ul>\n<li><u>La cobertura por p\u00e9rdida de servicios p\u00fablicos<\/u> a menudo es excluida de la p\u00f3liza est\u00e1ndar de interrupci\u00f3n del negocio, misma que proteger\u00e1 su propiedad contra da\u00f1os ocasionados por la p\u00e9rdida de cualquier servicio p\u00fablico.<\/li>\n<li><u>El seguro comercial contingente<\/u> cubre el perjuicio financiero debido a que los proveedores o negocios vinculados se vean afectados por el hurac\u00e1n y no puedan brindarle los servicios o entregar los productos que usted requiere para su negocio, aunque su construcci\u00f3n no haya sufrido da\u00f1os.<\/li>\n<li><u>La interrupci\u00f3n comercial extendida<\/u> brinda cobertura a los ingresos perdidos despu\u00e9s de que la propiedad haya sido reparada, pero antes de que los ingresos vuelvan a su estado normal previo al siniestro. La cobertura suele contar con un l\u00edmite de tiempo.<\/li>\n<\/ul>\n<h2>C\u00f3mo presentar su reclamaci\u00f3n por interrupci\u00f3n comercial<\/h2>\n<p>Usted tiene la responsabilidad de comprobar su p\u00e9rdida al momento de presentar su reclamaci\u00f3n por interrupci\u00f3n del negocio debido al hurac\u00e1n Harvey. Es primordial que usted conozca con exactitud qu\u00e9 p\u00e9rdidas le fueron generadas y lo comunique al ajustador ya que \u00e9l sabe poco, o nada, sobre las p\u00e9rdidas reales que sufri\u00f3 su negocio, as\u00ed que debe estar preparado para proporcionar informaci\u00f3n como:<\/p>\n<ul>\n<li>Los detalles de la interrupci\u00f3n de sus actividades comerciales.<\/li>\n<li>Lo que implican sus operaciones diarias, tanto antes como despu\u00e9s del siniestro.<\/li>\n<li>Las p\u00e9rdidas financieras en las que est\u00e1 incurriendo su empresa d\u00eda con d\u00eda, semana a semana o mes con mes.<\/li>\n<li>C\u00f3mo es que su negocio se ver\u00e1 afectado financieramente al mudarse a una ubicaci\u00f3n temporal.<\/li>\n<li>Comprobante de ingresos anteriores, estado de p\u00e9rdidas y ganancias.<\/li>\n<li>Estados financieros, estados del libro mayor, declaraciones fiscales, pedidos de clientes, pron\u00f3sticos de mercado de fuentes externas y balance de los proveedores.<\/li>\n<li>Documente y solicite el reembolso de todos los gastos, incluyendo los gastos adicionales, la remoci\u00f3n de escombros, entre otras coberturas adicionales que pueda cubrir su p\u00f3liza.<\/li>\n<\/ul>\n<h2>\u00bfQu\u00e9 sucede si necesita fondos inmediatos para reparar su propiedad?<\/h2>\n<p>Deber\u00e1 solicitar un anticipo en caso de necesitar dinero en efectivo para comenzar a mitigar los da\u00f1os o devolver su negocio a sus operaciones completas.<\/p>\n<h2>\u00bfEst\u00e1 experimentando problemas respecto a su reclamaci\u00f3n por interrupci\u00f3n comercial debido al hurac\u00e1n Harvey? Llame ahora mismo.<\/h2>\n<p>Con suerte su aseguradora y su ajustador fijar\u00e1n su reclamaci\u00f3n de manera r\u00e1pida y justa. Pero si cree que lo est\u00e1n tratando injustamente, busque la ayuda de un profesional jur\u00eddico con experiencia. Reclamaciones de seguros comerciales es precisamente a lo que nos dedicamos, ofrecemos asesoramiento gratuito y no pagar\u00e1 antes por nuestros servicios, si no hasta que tengamos \u00e9xito. Comun\u00edquese con nosotros hoy mismo para que podamos ayudarlo con su reclamaci\u00f3n por interrupci\u00f3n comercial.[\/vc_column_text][\/vc_column][\/vc_row]<\/p>\n<h2>Complete el formulario que se muestra a continuaci\u00f3n para obtener una revisi\u00f3n de caso gratuita<\/h2>\n\n<div class=\"wpcf7 no-js\" id=\"wpcf7-f639-o1\" lang=\"en-US\" dir=\"ltr\" data-wpcf7-id=\"639\">\n<div class=\"screen-reader-response\"><p role=\"status\" aria-live=\"polite\" aria-atomic=\"true\"><\/p> <ul><\/ul><\/div>\n<form action=\"\/es\/wp-json\/wp\/v2\/pages\/1386#wpcf7-f639-o1\" method=\"post\" class=\"wpcf7-form init\" aria-label=\"Contact form\" novalidate=\"novalidate\" data-status=\"init\">\n<fieldset class=\"hidden-fields-container\"><input type=\"hidden\" name=\"_wpcf7\" value=\"639\" \/><input type=\"hidden\" name=\"_wpcf7_version\" value=\"6.1.5\" \/><input type=\"hidden\" name=\"_wpcf7_locale\" value=\"en_US\" \/><input type=\"hidden\" name=\"_wpcf7_unit_tag\" value=\"wpcf7-f639-o1\" \/><input type=\"hidden\" name=\"_wpcf7_container_post\" value=\"0\" \/><input type=\"hidden\" name=\"_wpcf7_posted_data_hash\" value=\"\" \/><input type=\"hidden\" name=\"_wpcf7_recaptcha_response\" value=\"\" \/>\n<\/fieldset>\n<div class=\"form_1_2\">\n\t<p><span class=\"wpcf7-form-control-wrap\" data-name=\"first-name\"><input size=\"40\" maxlength=\"400\" class=\"wpcf7-form-control wpcf7-text wpcf7-validates-as-required\" aria-required=\"true\" aria-invalid=\"false\" placeholder=\"First Name *\" value=\"\" type=\"text\" name=\"first-name\" \/><\/span>\n\t<\/p>\n<\/div>\n<div class=\"form_1_2 last\">\n\t<p><span class=\"wpcf7-form-control-wrap\" data-name=\"last-name\"><input size=\"40\" maxlength=\"400\" class=\"wpcf7-form-control wpcf7-text wpcf7-validates-as-required\" aria-required=\"true\" aria-invalid=\"false\" placeholder=\"Last Name *\" value=\"\" type=\"text\" name=\"last-name\" \/><\/span>\n\t<\/p>\n<\/div>\n<div class=\"clear\">\n<\/div>\n<div class=\"form_1_2\">\n\t<p><span class=\"wpcf7-form-control-wrap\" data-name=\"your-email\"><input size=\"40\" maxlength=\"400\" class=\"wpcf7-form-control wpcf7-email wpcf7-validates-as-required wpcf7-text wpcf7-validates-as-email\" aria-required=\"true\" aria-invalid=\"false\" placeholder=\"Your Email *\" value=\"\" type=\"email\" name=\"your-email\" \/><\/span>\n\t<\/p>\n<\/div>\n<div class=\"form_1_2 last\">\n\t<p><span class=\"wpcf7-form-control-wrap\" data-name=\"tel-879\"><input size=\"40\" maxlength=\"400\" class=\"wpcf7-form-control wpcf7-tel wpcf7-validates-as-required wpcf7-text wpcf7-validates-as-tel\" aria-required=\"true\" aria-invalid=\"false\" placeholder=\"Your Phone Number *\" value=\"\" type=\"tel\" name=\"tel-879\" \/><\/span>\n\t<\/p>\n<\/div>\n<div class=\"clear\">\n<\/div>\n<p><span class=\"wpcf7-form-control-wrap\" data-name=\"case-details\"><textarea cols=\"40\" rows=\"10\" maxlength=\"2000\" class=\"wpcf7-form-control wpcf7-textarea\" aria-invalid=\"false\" placeholder=\"Case Details\" name=\"case-details\"><\/textarea><\/span>\n<\/p>\n<p><input class=\"wpcf7-form-control wpcf7-submit has-spinner btn btn-large btn-secondary\" type=\"submit\" value=\"Submit Evaluation\" \/>\n<\/p><div class=\"wpcf7-response-output\" aria-hidden=\"true\"><\/div>\n<\/form>\n<\/div>\n\n<\/section>","protected":false},"excerpt":{"rendered":"<p>[vc_row][vc_column][vc_column_text] \u00bfQu\u00e9 es el seguro de interrupci\u00f3n comercial debido al hurac\u00e1n Harvey? El seguro de interrupci\u00f3n de la actividad comercial &#8230;<\/p>\n","protected":false},"author":6,"featured_media":0,"parent":1359,"menu_order":0,"comment_status":"closed","ping_status":"closed","template":"","meta":{"footnotes":""},"class_list":["post-1386","page","type-page","status-publish","hentry"],"yoast_head":"<!-- This site is optimized with the Yoast SEO plugin v27.4 - https:\/\/yoast.com\/product\/yoast-seo-wordpress\/ -->\n<title>Reclamaci\u00f3n de seguro por interrupci\u00f3n comercial | Bufete de abogados Fitts, PLLC<\/title>\n<meta name=\"description\" content=\"\u00bfSe vi\u00f3 afectado debido al hurac\u00e1n Harvey? \u00bfNecesita ayuda para presentar una reclamaci\u00f3n a su compa\u00f1\u00eda de seguros por interrupci\u00f3n comercial? Ll\u00e1menos hoy mismo para obtener una consulta gratuita.\" \/>\n<meta name=\"robots\" content=\"index, follow, max-snippet:-1, max-image-preview:large, max-video-preview:-1\" \/>\n<link rel=\"canonical\" href=\"https:\/\/fittslawfirm.com\/es\/informacion-de-harvey\/huracan-harvey-presentando-un-reclamo-de-seguro-por-interrupcion-de-negocios\/\" \/>\n<meta property=\"og:locale\" content=\"es_ES\" \/>\n<meta property=\"og:type\" content=\"article\" \/>\n<meta property=\"og:title\" content=\"Reclamaci\u00f3n de seguro por interrupci\u00f3n comercial | Bufete de abogados Fitts, PLLC\" \/>\n<meta property=\"og:description\" content=\"\u00bfSe vi\u00f3 afectado debido al hurac\u00e1n Harvey? \u00bfNecesita ayuda para presentar una reclamaci\u00f3n a su compa\u00f1\u00eda de seguros por interrupci\u00f3n comercial? Ll\u00e1menos hoy mismo para obtener una consulta gratuita.\" \/>\n<meta property=\"og:url\" content=\"https:\/\/fittslawfirm.com\/es\/informacion-de-harvey\/huracan-harvey-presentando-un-reclamo-de-seguro-por-interrupcion-de-negocios\/\" \/>\n<meta property=\"og:site_name\" content=\"Fitts Law Firm\" \/>\n<meta property=\"article:publisher\" content=\"https:\/\/www.facebook.com\/FittsLawFirm\/\" \/>\n<meta property=\"article:modified_time\" content=\"2026-01-09T01:39:08+00:00\" \/>\n<meta property=\"og:image\" content=\"https:\/\/fittslawfirm.com\/wp-content\/uploads\/2023\/03\/Houston-civil-litigation-firm-banner.jpg\" \/>\n\t<meta property=\"og:image:width\" content=\"1200\" \/>\n\t<meta property=\"og:image:height\" content=\"583\" \/>\n\t<meta property=\"og:image:type\" content=\"image\/jpeg\" \/>\n<meta name=\"twitter:card\" content=\"summary_large_image\" \/>\n<meta name=\"twitter:label1\" content=\"Tiempo de lectura\" \/>\n\t<meta name=\"twitter:data1\" content=\"4 minutos\" \/>\n<script type=\"application\/ld+json\" class=\"yoast-schema-graph\">{\"@context\":\"https:\\\/\\\/schema.org\",\"@graph\":[{\"@type\":\"WebPage\",\"@id\":\"https:\\\/\\\/fittslawfirm.com\\\/es\\\/informacion-de-harvey\\\/huracan-harvey-presentando-un-reclamo-de-seguro-por-interrupcion-de-negocios\\\/\",\"url\":\"https:\\\/\\\/fittslawfirm.com\\\/es\\\/informacion-de-harvey\\\/huracan-harvey-presentando-un-reclamo-de-seguro-por-interrupcion-de-negocios\\\/\",\"name\":\"Reclamaci\u00f3n de seguro por interrupci\u00f3n comercial | Bufete de abogados Fitts, PLLC\",\"isPartOf\":{\"@id\":\"https:\\\/\\\/fittslawfirm.com\\\/#website\"},\"datePublished\":\"2021-11-19T20:20:51+00:00\",\"dateModified\":\"2026-01-09T01:39:08+00:00\",\"description\":\"\u00bfSe vi\u00f3 afectado debido al hurac\u00e1n Harvey? \u00bfNecesita ayuda para presentar una reclamaci\u00f3n a su compa\u00f1\u00eda de seguros por interrupci\u00f3n comercial? Ll\u00e1menos hoy mismo para obtener una consulta gratuita.\",\"breadcrumb\":{\"@id\":\"https:\\\/\\\/fittslawfirm.com\\\/es\\\/informacion-de-harvey\\\/huracan-harvey-presentando-un-reclamo-de-seguro-por-interrupcion-de-negocios\\\/#breadcrumb\"},\"inLanguage\":\"es\",\"potentialAction\":[{\"@type\":\"ReadAction\",\"target\":[\"https:\\\/\\\/fittslawfirm.com\\\/es\\\/informacion-de-harvey\\\/huracan-harvey-presentando-un-reclamo-de-seguro-por-interrupcion-de-negocios\\\/\"]}]},{\"@type\":\"BreadcrumbList\",\"@id\":\"https:\\\/\\\/fittslawfirm.com\\\/es\\\/informacion-de-harvey\\\/huracan-harvey-presentando-un-reclamo-de-seguro-por-interrupcion-de-negocios\\\/#breadcrumb\",\"itemListElement\":[{\"@type\":\"ListItem\",\"position\":1,\"name\":\"Home\",\"item\":\"https:\\\/\\\/fittslawfirm.com\\\/es\\\/pagina-de-inicio\\\/\"},{\"@type\":\"ListItem\",\"position\":2,\"name\":\"Informaci\u00f3n de Harvey\",\"item\":\"https:\\\/\\\/fittslawfirm.com\\\/es\\\/informacion-de-harvey\\\/\"},{\"@type\":\"ListItem\",\"position\":3,\"name\":\"Reclamaci\u00f3n de seguro debido a la interrupci\u00f3n comercial ocasionada por el Hurac\u00e1n Harvey\"}]},{\"@type\":\"WebSite\",\"@id\":\"https:\\\/\\\/fittslawfirm.com\\\/#website\",\"url\":\"https:\\\/\\\/fittslawfirm.com\\\/\",\"name\":\"Fitts Law Firm\",\"description\":\"Houston Texas Personal Injury and Insurance Attorney\",\"publisher\":{\"@id\":\"https:\\\/\\\/fittslawfirm.com\\\/#organization\"},\"alternateName\":\"Houston Civil Litigation Firm\",\"potentialAction\":[{\"@type\":\"SearchAction\",\"target\":{\"@type\":\"EntryPoint\",\"urlTemplate\":\"https:\\\/\\\/fittslawfirm.com\\\/?s={search_term_string}\"},\"query-input\":{\"@type\":\"PropertyValueSpecification\",\"valueRequired\":true,\"valueName\":\"search_term_string\"}}],\"inLanguage\":\"es\"},{\"@type\":\"Organization\",\"@id\":\"https:\\\/\\\/fittslawfirm.com\\\/#organization\",\"name\":\"Fitts Law Firm\",\"alternateName\":\"Houston Texas Personal Injury and Insurance Attorney\",\"url\":\"https:\\\/\\\/fittslawfirm.com\\\/\",\"logo\":{\"@type\":\"ImageObject\",\"inLanguage\":\"es\",\"@id\":\"https:\\\/\\\/fittslawfirm.com\\\/#\\\/schema\\\/logo\\\/image\\\/\",\"url\":\"https:\\\/\\\/fittslawfirm.com\\\/wp-content\\\/uploads\\\/2023\\\/03\\\/Houston-Civil-Law-Firm.jpg\",\"contentUrl\":\"https:\\\/\\\/fittslawfirm.com\\\/wp-content\\\/uploads\\\/2023\\\/03\\\/Houston-Civil-Law-Firm.jpg\",\"width\":300,\"height\":300,\"caption\":\"Fitts Law Firm\"},\"image\":{\"@id\":\"https:\\\/\\\/fittslawfirm.com\\\/#\\\/schema\\\/logo\\\/image\\\/\"},\"sameAs\":[\"https:\\\/\\\/www.facebook.com\\\/FittsLawFirm\\\/\",\"https:\\\/\\\/www.youtube.com\\\/@fittslawfirm\"]}]}<\/script>\n<!-- \/ Yoast SEO plugin. -->","yoast_head_json":{"title":"Reclamaci\u00f3n de seguro por interrupci\u00f3n comercial | Bufete de abogados Fitts, PLLC","description":"\u00bfSe vi\u00f3 afectado debido al hurac\u00e1n Harvey? \u00bfNecesita ayuda para presentar una reclamaci\u00f3n a su compa\u00f1\u00eda de seguros por interrupci\u00f3n comercial? Ll\u00e1menos hoy mismo para obtener una consulta gratuita.","robots":{"index":"index","follow":"follow","max-snippet":"max-snippet:-1","max-image-preview":"max-image-preview:large","max-video-preview":"max-video-preview:-1"},"canonical":"https:\/\/fittslawfirm.com\/es\/informacion-de-harvey\/huracan-harvey-presentando-un-reclamo-de-seguro-por-interrupcion-de-negocios\/","og_locale":"es_ES","og_type":"article","og_title":"Reclamaci\u00f3n de seguro por interrupci\u00f3n comercial | Bufete de abogados Fitts, PLLC","og_description":"\u00bfSe vi\u00f3 afectado debido al hurac\u00e1n Harvey? \u00bfNecesita ayuda para presentar una reclamaci\u00f3n a su compa\u00f1\u00eda de seguros por interrupci\u00f3n comercial? Ll\u00e1menos hoy mismo para obtener una consulta gratuita.","og_url":"https:\/\/fittslawfirm.com\/es\/informacion-de-harvey\/huracan-harvey-presentando-un-reclamo-de-seguro-por-interrupcion-de-negocios\/","og_site_name":"Fitts Law Firm","article_publisher":"https:\/\/www.facebook.com\/FittsLawFirm\/","article_modified_time":"2026-01-09T01:39:08+00:00","og_image":[{"width":1200,"height":583,"url":"https:\/\/fittslawfirm.com\/wp-content\/uploads\/2023\/03\/Houston-civil-litigation-firm-banner.jpg","type":"image\/jpeg"}],"twitter_card":"summary_large_image","twitter_misc":{"Tiempo de lectura":"4 minutos"},"schema":{"@context":"https:\/\/schema.org","@graph":[{"@type":"WebPage","@id":"https:\/\/fittslawfirm.com\/es\/informacion-de-harvey\/huracan-harvey-presentando-un-reclamo-de-seguro-por-interrupcion-de-negocios\/","url":"https:\/\/fittslawfirm.com\/es\/informacion-de-harvey\/huracan-harvey-presentando-un-reclamo-de-seguro-por-interrupcion-de-negocios\/","name":"Reclamaci\u00f3n de seguro por interrupci\u00f3n comercial | Bufete de abogados Fitts, PLLC","isPartOf":{"@id":"https:\/\/fittslawfirm.com\/#website"},"datePublished":"2021-11-19T20:20:51+00:00","dateModified":"2026-01-09T01:39:08+00:00","description":"\u00bfSe vi\u00f3 afectado debido al hurac\u00e1n Harvey? \u00bfNecesita ayuda para presentar una reclamaci\u00f3n a su compa\u00f1\u00eda de seguros por interrupci\u00f3n comercial? Ll\u00e1menos hoy mismo para obtener una consulta gratuita.","breadcrumb":{"@id":"https:\/\/fittslawfirm.com\/es\/informacion-de-harvey\/huracan-harvey-presentando-un-reclamo-de-seguro-por-interrupcion-de-negocios\/#breadcrumb"},"inLanguage":"es","potentialAction":[{"@type":"ReadAction","target":["https:\/\/fittslawfirm.com\/es\/informacion-de-harvey\/huracan-harvey-presentando-un-reclamo-de-seguro-por-interrupcion-de-negocios\/"]}]},{"@type":"BreadcrumbList","@id":"https:\/\/fittslawfirm.com\/es\/informacion-de-harvey\/huracan-harvey-presentando-un-reclamo-de-seguro-por-interrupcion-de-negocios\/#breadcrumb","itemListElement":[{"@type":"ListItem","position":1,"name":"Home","item":"https:\/\/fittslawfirm.com\/es\/pagina-de-inicio\/"},{"@type":"ListItem","position":2,"name":"Informaci\u00f3n de Harvey","item":"https:\/\/fittslawfirm.com\/es\/informacion-de-harvey\/"},{"@type":"ListItem","position":3,"name":"Reclamaci\u00f3n de seguro debido a la interrupci\u00f3n comercial ocasionada por el Hurac\u00e1n Harvey"}]},{"@type":"WebSite","@id":"https:\/\/fittslawfirm.com\/#website","url":"https:\/\/fittslawfirm.com\/","name":"Fitts Law Firm","description":"Houston Texas Personal Injury and Insurance Attorney","publisher":{"@id":"https:\/\/fittslawfirm.com\/#organization"},"alternateName":"Houston Civil Litigation Firm","potentialAction":[{"@type":"SearchAction","target":{"@type":"EntryPoint","urlTemplate":"https:\/\/fittslawfirm.com\/?s={search_term_string}"},"query-input":{"@type":"PropertyValueSpecification","valueRequired":true,"valueName":"search_term_string"}}],"inLanguage":"es"},{"@type":"Organization","@id":"https:\/\/fittslawfirm.com\/#organization","name":"Fitts Law Firm","alternateName":"Houston Texas Personal Injury and Insurance Attorney","url":"https:\/\/fittslawfirm.com\/","logo":{"@type":"ImageObject","inLanguage":"es","@id":"https:\/\/fittslawfirm.com\/#\/schema\/logo\/image\/","url":"https:\/\/fittslawfirm.com\/wp-content\/uploads\/2023\/03\/Houston-Civil-Law-Firm.jpg","contentUrl":"https:\/\/fittslawfirm.com\/wp-content\/uploads\/2023\/03\/Houston-Civil-Law-Firm.jpg","width":300,"height":300,"caption":"Fitts Law Firm"},"image":{"@id":"https:\/\/fittslawfirm.com\/#\/schema\/logo\/image\/"},"sameAs":["https:\/\/www.facebook.com\/FittsLawFirm\/","https:\/\/www.youtube.com\/@fittslawfirm"]}]}},"_links":{"self":[{"href":"https:\/\/fittslawfirm.com\/es\/wp-json\/wp\/v2\/pages\/1386","targetHints":{"allow":["GET"]}}],"collection":[{"href":"https:\/\/fittslawfirm.com\/es\/wp-json\/wp\/v2\/pages"}],"about":[{"href":"https:\/\/fittslawfirm.com\/es\/wp-json\/wp\/v2\/types\/page"}],"author":[{"embeddable":true,"href":"https:\/\/fittslawfirm.com\/es\/wp-json\/wp\/v2\/users\/6"}],"replies":[{"embeddable":true,"href":"https:\/\/fittslawfirm.com\/es\/wp-json\/wp\/v2\/comments?post=1386"}],"version-history":[{"count":0,"href":"https:\/\/fittslawfirm.com\/es\/wp-json\/wp\/v2\/pages\/1386\/revisions"}],"up":[{"embeddable":true,"href":"https:\/\/fittslawfirm.com\/es\/wp-json\/wp\/v2\/pages\/1359"}],"wp:attachment":[{"href":"https:\/\/fittslawfirm.com\/es\/wp-json\/wp\/v2\/media?parent=1386"}],"curies":[{"name":"wp","href":"https:\/\/api.w.org\/{rel}","templated":true}]}}