{"id":1376,"date":"2021-11-19T20:20:50","date_gmt":"2021-11-19T20:20:50","guid":{"rendered":"https:\/\/fittslawfirm.com\/reclamaciones-por-danos-causados-por-el-viento\/"},"modified":"2023-02-06T14:49:27","modified_gmt":"2023-02-06T20:49:27","slug":"reclamaciones-por-danos-causados-por-el-viento","status":"publish","type":"page","link":"https:\/\/fittslawfirm.com\/es\/areas-de-practica\/reclamaciones-por-danos-causados-por-el-viento\/","title":{"rendered":"Reclamaciones por da\u00f1os causados por el viento"},"content":{"rendered":"<section class=\"wpb-content-wrapper\"><p>[vc_row][vc_column][vc_column_text]Wind is responsible for all sorts of damage to Texas homes and property.\u00a0 Home siding, windows, and roof shingles tend to suffer the worst effects of strong winds.\u00a0 Not all the damage caused by wind is noticeable and many wind damage claims are wrongfully denied.<\/p>\n<p><iframe title=\"Denied Wind Damage Claims in Houston \u2013 Fitts Law Firm, PLLC\" width=\"700\" height=\"394\" src=\"https:\/\/www.youtube.com\/embed\/Z4j7ni8THHA?feature=oembed&#038;enablejsapi=1&#038;origin=https:\/\/fittslawfirm.com\" frameborder=\"0\" allow=\"accelerometer; autoplay; clipboard-write; encrypted-media; gyroscope; picture-in-picture; web-share\" allowfullscreen><\/iframe><\/p>\n<h2>The Problem with Wind Damage Claims<\/h2>\n<p>The biggest challenge when filing a wind damage claim will be determining the true extent of the damage caused.\u00a0 Wind damage is not always obvious, even to a trained inspector.\u00a0 A cursory inspection will undoubtedly leave some wind damage unnoticed; the only way to get a proper damage assessment is a methodical inspection performed by a professional.<\/p>\n<p>High winds can lift your roof shingles, compromising the adhesive strips and materials used to keep them in place. \u00a0Even if the shingles fall back into place following the storm the adhesive will have been permanently damaged, weakening your roof.\u00a0 This type of damage will not be visible from the ground and most inspectors contracted by insurers will not climb onto your roof to give it the proper amount of attention.\u00a0 Worse, many insurers specifically instruct their inspectors to avoid inspecting roof shingles, deliberately overlooking damage in an effort to reduce their payout.<\/p>\n<p>Adjusters are trained to look at damages brought to their attention by the property owner.\u00a0 Having an independent inspection performed will put you in a stronger position to demand proper compensation from the insurance company.\u00a0 Don\u2019t miss your opportunity to address all of your damage concerns.\u00a0 Interior damage due to leaks or flooding will go overlooked by the adjuster if they are not properly directed to it.<\/p>\n<p>Improper inspections or willful denial of insurance claims are violations under Texas law.\u00a0 An attorney will take on the insurance company and set things right.<\/p>\n<h2><\/h2>\n<p>[\/vc_column_text][vc_single_image image=\u00bb914&#8243; img_size=\u00bbfull\u00bb alignment=\u00bbcenter\u00bb alt=\u00bbWind Damage Claims\u00bb css_animation=\u00bbbottom-to-top\u00bb][vc_column_text]<\/p>\n<h2>Necesitar\u00e1 un profesional independiente para inspeccionar su techo<\/h2>\n<p>Despu\u00e9s de un siniestro, el curso de acci\u00f3n natural es ponerse en contacto con su compa\u00f1\u00eda de seguros y evaluar sus da\u00f1os. Recomendamos encarecidamente no hacerlo, ya que coloca a la compa\u00f1\u00eda de seguros en una posici\u00f3n de poder para denegar su reclamaci\u00f3n. La compa\u00f1\u00eda de seguros enviar\u00e1 a su propio ajustador, quien ha recibido instrucciones de verificar el menor da\u00f1o posible, reduciendo o incluso negando el pago de su seguro. Si usted cree que ha sufrido da\u00f1os debido al viento en su casa o propiedad, nuestra oficina puede ponerlo en contacto con un inspector profesional competente que evaluar\u00e1 de forma independiente los da\u00f1os. Despu\u00e9s podremos revisar su p\u00f3liza y reclamaci\u00f3n antes de contactar a su aseguradora, y de esta manera usted estar\u00e1 preparado.<\/p>\n<p>Muchos propietarios solo llaman a su compa\u00f1\u00eda de seguros para inspeccionar el techo en busca de da\u00f1os, lo que se recomienda evitar en gran medida. Si usted cree que su casa pudo haber sido da\u00f1ada por el viento, comun\u00edquese con un experto calificado.<\/p>\n<h2>Testimonios de reclamaciones debido a vendavales<\/h2>\n<!-- Legacy testimonial shortcode used and migrated to 2x --><div class=\"bne-testimonial-wrapper testimonial-wrapper-id-193 testimonial-layout-list testimonial-theme-default testimonial-left testimonial-arrangement-1 testimonial-category-denied-windstorm-claim  clearfix\"><div id=\"testimonial-id-1482\" class=\"testimonial-single clearfix\"><div class=\"testimonial-author\"><span class=\"testimonial-name\">Jean B<\/span><\/div><div class=\"testimonial-content\"><div class=\"testimonial-message\"><blockquote><p>I definitely had a great experience and outcome. . .\u00a0Will refer anyone I know to this firm!<\/p><\/blockquote>\n<\/div><\/div><div class=\"clear\"><\/div><\/div><div id=\"testimonial-id-1151\" class=\"testimonial-single clearfix\"><div class=\"testimonial-author\"><span class=\"testimonial-name\">John P. &#8211; Commercial Building Owner<\/span><\/div><div class=\"testimonial-content\"><div class=\"testimonial-message\"><blockquote>\n<p style=\"text-align: justify;\">\"We really have to commend the job that Carla and Bryant did for us on our commercial roof case.  After a denial from the insurance company, Carla and Bryant quickly assembled a team of experts, skillfully took and defended depositions, and finally forced the insurance company to capitulate after mediation.  Five star service.\"<\/p>\n<\/blockquote>\n<\/div><\/div><div class=\"clear\"><\/div><\/div><div id=\"testimonial-id-1073\" class=\"testimonial-single clearfix\"><div class=\"testimonial-author\"><span class=\"testimonial-name\">N.G. &#8211; Spring, Texas<\/span><span class=\"testimonial-tagline\">Great Results!<\/span><\/div><div class=\"testimonial-content\"><div class=\"testimonial-message\"><blockquote><p>\u201cGreat results. Thank you for all that you did.\u201d<\/p><\/blockquote>\n<\/div><\/div><div class=\"clear\"><\/div><\/div><div id=\"testimonial-id-752\" class=\"testimonial-single clearfix\"><div class=\"testimonial-author\"><span class=\"testimonial-name\">Adam Leday &#8211; Dallas, Texas<\/span><\/div><div class=\"testimonial-content\"><div class=\"testimonial-message\"><blockquote>\n<p style=\"text-align: justify;\">After interviewing\u00a0several professionals, I was able to speak with Bryant Fitts who took my case and gave our family the promising results that we were looking for. Bryant and his firm worked very had for us and provided great customer service while diligently working on our claim. I am convinced that our case would not have been successful without Bryant\u2019s hard work.<\/p>\n<\/blockquote>\n<\/div><\/div><div class=\"clear\"><\/div><\/div><div id=\"testimonial-id-605\" class=\"testimonial-single clearfix\"><div class=\"testimonial-author\"><span class=\"testimonial-name\">Sue S. &#8211; Dallas, Texas<\/span><\/div><div class=\"testimonial-content\"><div class=\"testimonial-message\"><blockquote>\n<p style=\"text-align: justify;\">After several months of the run around by my insurance company, a friend of mine suggested that I contact an insurance attorney. \u00a0I am very happy followed through and contacted this firm. \u00a0As a result of the settlement, I was able to pay for all my storm related damage and I now have a new roof with a full warranty. I hope do not need to hire this firm again, but if I do, I will in a heartbeat.<\/p>\n<\/blockquote>\n<\/div><\/div><div class=\"clear\"><\/div><\/div><\/div><!-- .bne-testimonials-wrapper (end) -->\n<h2>La compa\u00f1\u00eda de seguros est\u00e1 tratando de reparar, no reemplazar, mi techo. \u00bfQu\u00e9 puedo hacer?<\/h2>\n<p>Si su compa\u00f1\u00eda de seguros est\u00e1 tratando de tomar atajos reparando parte de su techo en lugar de reemplazarlo como deber\u00eda hacerlo, siga los siguientes pasos de inmediato:<\/p>\n<ol>\n<li>Cualquier solicitud de pago enviada a una compa\u00f1\u00eda de seguros deber\u00e1 hacerse por escrito. Incluso entonces, las compa\u00f1\u00edas de seguros tienen la reputaci\u00f3n de ser dif\u00edciles de persuadir. Re\u00fana toda la documentaci\u00f3n escrita con la compa\u00f1\u00eda de seguros, ingenieros, inspectores y cualquier otra persona involucrada y cons\u00e9rvela a la mano.<\/li>\n<li>Los informes recopilados de inspectores independientes ayudar\u00e1n. Una revisi\u00f3n independiente seguramente ser\u00e1 m\u00e1s exhaustiva que la proporcionada por la compa\u00f1\u00eda de seguros. Sin embargo, en cualquier caso, un abogado de seguros ser\u00e1 su mejor opci\u00f3n.<\/li>\n<li><a href=\"https:\/\/fittslawfirm.com\/es\/contactenos\/\">Comun\u00edquese<\/a> con el Bufete de Abogados Fitts en Houston, Texas. Un abogado revisar\u00e1 su p\u00f3liza de seguro, reclamaci\u00f3n, da\u00f1os a la propiedad y su oferta de compensaci\u00f3n (si corresponde) de la compa\u00f1\u00eda de seguros.<\/li>\n<li>De encontrarse alguna evidencia que demuestre que su reclamaci\u00f3n fue mal pagada o denegada injustamente, su abogado iniciar\u00e1 una acci\u00f3n contra incumplimiento de contrato, de mala fe o cualquier otra acci\u00f3n legal necesaria contra la aseguradora.<\/li>\n<\/ol>\n<p>Si su propiedad presenta da\u00f1os causados por el viento pero la compa\u00f1\u00eda de seguros le est\u00e1 dando atole con el dedo, comun\u00edquese hoy mismo con los expertos en seguros del Bufete de Abogados Fitts para obtener una consulta gratuita sobre su caso. La ayuda legal profesional y experimentada para su reclamaci\u00f3n de seguro est\u00e1 <a href=\"https:\/\/fittslawfirm.com\/contact\/\">a solo un clic de distancia<\/a> .[\/vc_column_text][\/vc_column][\/vc_row]<\/p>\n<h2>Si su reclamaci\u00f3n fue denegada o mal pagada, complete el formulario para obtener una revisi\u00f3n gratuita de su caso<\/h2>\n\n<div class=\"wpcf7 no-js\" id=\"wpcf7-f639-o1\" lang=\"en-US\" dir=\"ltr\" data-wpcf7-id=\"639\">\n<div class=\"screen-reader-response\"><p role=\"status\" aria-live=\"polite\" aria-atomic=\"true\"><\/p> <ul><\/ul><\/div>\n<form action=\"\/es\/wp-json\/wp\/v2\/pages\/1376#wpcf7-f639-o1\" method=\"post\" class=\"wpcf7-form init\" aria-label=\"Contact form\" novalidate=\"novalidate\" data-status=\"init\">\n<fieldset class=\"hidden-fields-container\"><input type=\"hidden\" name=\"_wpcf7\" value=\"639\" \/><input type=\"hidden\" name=\"_wpcf7_version\" value=\"6.1.5\" \/><input type=\"hidden\" name=\"_wpcf7_locale\" value=\"en_US\" \/><input type=\"hidden\" name=\"_wpcf7_unit_tag\" value=\"wpcf7-f639-o1\" \/><input type=\"hidden\" name=\"_wpcf7_container_post\" value=\"0\" \/><input type=\"hidden\" name=\"_wpcf7_posted_data_hash\" value=\"\" \/><input type=\"hidden\" name=\"_wpcf7_recaptcha_response\" value=\"\" \/>\n<\/fieldset>\n<div class=\"form_1_2\">\n\t<p><span class=\"wpcf7-form-control-wrap\" data-name=\"first-name\"><input size=\"40\" maxlength=\"400\" class=\"wpcf7-form-control wpcf7-text wpcf7-validates-as-required\" aria-required=\"true\" aria-invalid=\"false\" placeholder=\"First Name *\" value=\"\" type=\"text\" name=\"first-name\" \/><\/span>\n\t<\/p>\n<\/div>\n<div class=\"form_1_2 last\">\n\t<p><span class=\"wpcf7-form-control-wrap\" data-name=\"last-name\"><input size=\"40\" maxlength=\"400\" class=\"wpcf7-form-control wpcf7-text wpcf7-validates-as-required\" aria-required=\"true\" aria-invalid=\"false\" placeholder=\"Last Name *\" value=\"\" type=\"text\" name=\"last-name\" \/><\/span>\n\t<\/p>\n<\/div>\n<div class=\"clear\">\n<\/div>\n<div class=\"form_1_2\">\n\t<p><span class=\"wpcf7-form-control-wrap\" data-name=\"your-email\"><input size=\"40\" maxlength=\"400\" class=\"wpcf7-form-control wpcf7-email wpcf7-validates-as-required wpcf7-text wpcf7-validates-as-email\" aria-required=\"true\" aria-invalid=\"false\" placeholder=\"Your Email *\" value=\"\" type=\"email\" name=\"your-email\" \/><\/span>\n\t<\/p>\n<\/div>\n<div class=\"form_1_2 last\">\n\t<p><span class=\"wpcf7-form-control-wrap\" data-name=\"tel-879\"><input size=\"40\" maxlength=\"400\" class=\"wpcf7-form-control wpcf7-tel wpcf7-validates-as-required wpcf7-text wpcf7-validates-as-tel\" aria-required=\"true\" aria-invalid=\"false\" placeholder=\"Your Phone Number *\" value=\"\" type=\"tel\" name=\"tel-879\" \/><\/span>\n\t<\/p>\n<\/div>\n<div class=\"clear\">\n<\/div>\n<p><span class=\"wpcf7-form-control-wrap\" data-name=\"case-details\"><textarea cols=\"40\" rows=\"10\" maxlength=\"2000\" class=\"wpcf7-form-control wpcf7-textarea\" aria-invalid=\"false\" placeholder=\"Case Details\" name=\"case-details\"><\/textarea><\/span>\n<\/p>\n<p><input class=\"wpcf7-form-control wpcf7-submit has-spinner btn btn-large btn-secondary\" type=\"submit\" value=\"Submit Evaluation\" \/>\n<\/p><div class=\"wpcf7-response-output\" aria-hidden=\"true\"><\/div>\n<\/form>\n<\/div>\n\n<\/section>","protected":false},"excerpt":{"rendered":"<p>[vc_row][vc_column][vc_column_text]Wind is responsible for all sorts of damage to Texas homes and property.\u00a0 Home siding, windows, and roof shingles tend &#8230;<\/p>\n","protected":false},"author":3,"featured_media":1282,"parent":1392,"menu_order":0,"comment_status":"closed","ping_status":"closed","template":"","meta":{"footnotes":""},"class_list":["post-1376","page","type-page","status-publish","has-post-thumbnail","hentry"],"yoast_head":"<!-- This site is optimized with the Yoast SEO plugin v27.4 - https:\/\/yoast.com\/product\/yoast-seo-wordpress\/ -->\n<title>Abogado especializado en reclamaciones de da\u00f1os causados por el viento en Houston | Bufete de abogados Fitts, PLLC<\/title>\n<meta name=\"description\" content=\"\u00bfSu compa\u00f1\u00eda de seguros ha negado su reclamaci\u00f3n por da\u00f1os causados por el viento? Llame a los abogados del Bufete de Abogados Fitts, PLLC en Houston para obtener una consulta gratuita.\" \/>\n<meta name=\"robots\" content=\"index, follow, max-snippet:-1, max-image-preview:large, max-video-preview:-1\" \/>\n<link rel=\"canonical\" href=\"https:\/\/fittslawfirm.com\/es\/areas-de-practica\/reclamaciones-por-danos-causados-por-el-viento\/\" \/>\n<meta property=\"og:locale\" content=\"es_ES\" \/>\n<meta property=\"og:type\" content=\"article\" \/>\n<meta property=\"og:title\" content=\"Abogado especializado en reclamaciones de da\u00f1os causados por el viento en Houston | Bufete de abogados Fitts, PLLC\" \/>\n<meta property=\"og:description\" content=\"\u00bfSu compa\u00f1\u00eda de seguros ha negado su reclamaci\u00f3n por da\u00f1os causados por el viento? Llame a los abogados del Bufete de Abogados Fitts, PLLC en Houston para obtener una consulta gratuita.\" \/>\n<meta property=\"og:url\" content=\"https:\/\/fittslawfirm.com\/es\/areas-de-practica\/reclamaciones-por-danos-causados-por-el-viento\/\" \/>\n<meta property=\"og:site_name\" content=\"Fitts Law Firm\" \/>\n<meta property=\"article:publisher\" content=\"https:\/\/www.facebook.com\/FittsLawFirm\/\" \/>\n<meta property=\"article:modified_time\" content=\"2023-02-06T20:49:27+00:00\" \/>\n<meta property=\"og:image\" content=\"https:\/\/fittslawfirm.com\/wp-content\/uploads\/2012\/07\/denied-wind-damage-claims.jpg\" \/>\n\t<meta property=\"og:image:width\" content=\"424\" \/>\n\t<meta property=\"og:image:height\" content=\"283\" \/>\n\t<meta property=\"og:image:type\" content=\"image\/jpeg\" \/>\n<meta name=\"twitter:card\" content=\"summary_large_image\" \/>\n<meta name=\"twitter:label1\" content=\"Tiempo de lectura\" \/>\n\t<meta name=\"twitter:data1\" content=\"4 minutos\" \/>\n<script type=\"application\/ld+json\" class=\"yoast-schema-graph\">{\"@context\":\"https:\\\/\\\/schema.org\",\"@graph\":[{\"@type\":\"WebPage\",\"@id\":\"https:\\\/\\\/fittslawfirm.com\\\/es\\\/areas-de-practica\\\/reclamaciones-por-danos-causados-por-el-viento\\\/\",\"url\":\"https:\\\/\\\/fittslawfirm.com\\\/es\\\/areas-de-practica\\\/reclamaciones-por-danos-causados-por-el-viento\\\/\",\"name\":\"Abogado especializado en reclamaciones de da\u00f1os causados por el viento en Houston | Bufete de abogados Fitts, PLLC\",\"isPartOf\":{\"@id\":\"https:\\\/\\\/fittslawfirm.com\\\/#website\"},\"primaryImageOfPage\":{\"@id\":\"https:\\\/\\\/fittslawfirm.com\\\/es\\\/areas-de-practica\\\/reclamaciones-por-danos-causados-por-el-viento\\\/#primaryimage\"},\"image\":{\"@id\":\"https:\\\/\\\/fittslawfirm.com\\\/es\\\/areas-de-practica\\\/reclamaciones-por-danos-causados-por-el-viento\\\/#primaryimage\"},\"thumbnailUrl\":\"https:\\\/\\\/fittslawfirm.com\\\/wp-content\\\/uploads\\\/2012\\\/07\\\/denied-wind-damage-claims.jpg\",\"datePublished\":\"2021-11-19T20:20:50+00:00\",\"dateModified\":\"2023-02-06T20:49:27+00:00\",\"description\":\"\u00bfSu compa\u00f1\u00eda de seguros ha negado su reclamaci\u00f3n por da\u00f1os causados por el viento? Llame a los abogados del Bufete de Abogados Fitts, PLLC en Houston para obtener una consulta gratuita.\",\"breadcrumb\":{\"@id\":\"https:\\\/\\\/fittslawfirm.com\\\/es\\\/areas-de-practica\\\/reclamaciones-por-danos-causados-por-el-viento\\\/#breadcrumb\"},\"inLanguage\":\"es\",\"potentialAction\":[{\"@type\":\"ReadAction\",\"target\":[\"https:\\\/\\\/fittslawfirm.com\\\/es\\\/areas-de-practica\\\/reclamaciones-por-danos-causados-por-el-viento\\\/\"]}]},{\"@type\":\"ImageObject\",\"inLanguage\":\"es\",\"@id\":\"https:\\\/\\\/fittslawfirm.com\\\/es\\\/areas-de-practica\\\/reclamaciones-por-danos-causados-por-el-viento\\\/#primaryimage\",\"url\":\"https:\\\/\\\/fittslawfirm.com\\\/wp-content\\\/uploads\\\/2012\\\/07\\\/denied-wind-damage-claims.jpg\",\"contentUrl\":\"https:\\\/\\\/fittslawfirm.com\\\/wp-content\\\/uploads\\\/2012\\\/07\\\/denied-wind-damage-claims.jpg\",\"width\":424,\"height\":283},{\"@type\":\"BreadcrumbList\",\"@id\":\"https:\\\/\\\/fittslawfirm.com\\\/es\\\/areas-de-practica\\\/reclamaciones-por-danos-causados-por-el-viento\\\/#breadcrumb\",\"itemListElement\":[{\"@type\":\"ListItem\",\"position\":1,\"name\":\"Home\",\"item\":\"https:\\\/\\\/fittslawfirm.com\\\/es\\\/pagina-de-inicio\\\/\"},{\"@type\":\"ListItem\",\"position\":2,\"name\":\"\u00c1reas de pr\u00e1ctica\",\"item\":\"https:\\\/\\\/fittslawfirm.com\\\/es\\\/areas-de-practica\\\/\"},{\"@type\":\"ListItem\",\"position\":3,\"name\":\"Reclamaciones por da\u00f1os causados por el viento\"}]},{\"@type\":\"WebSite\",\"@id\":\"https:\\\/\\\/fittslawfirm.com\\\/#website\",\"url\":\"https:\\\/\\\/fittslawfirm.com\\\/\",\"name\":\"Fitts Law Firm\",\"description\":\"Houston Texas Personal Injury and Insurance Attorney\",\"publisher\":{\"@id\":\"https:\\\/\\\/fittslawfirm.com\\\/#organization\"},\"alternateName\":\"Houston Civil Litigation Firm\",\"potentialAction\":[{\"@type\":\"SearchAction\",\"target\":{\"@type\":\"EntryPoint\",\"urlTemplate\":\"https:\\\/\\\/fittslawfirm.com\\\/?s={search_term_string}\"},\"query-input\":{\"@type\":\"PropertyValueSpecification\",\"valueRequired\":true,\"valueName\":\"search_term_string\"}}],\"inLanguage\":\"es\"},{\"@type\":\"Organization\",\"@id\":\"https:\\\/\\\/fittslawfirm.com\\\/#organization\",\"name\":\"Fitts Law Firm\",\"alternateName\":\"Houston Texas Personal Injury and Insurance Attorney\",\"url\":\"https:\\\/\\\/fittslawfirm.com\\\/\",\"logo\":{\"@type\":\"ImageObject\",\"inLanguage\":\"es\",\"@id\":\"https:\\\/\\\/fittslawfirm.com\\\/#\\\/schema\\\/logo\\\/image\\\/\",\"url\":\"https:\\\/\\\/fittslawfirm.com\\\/wp-content\\\/uploads\\\/2023\\\/03\\\/Houston-Civil-Law-Firm.jpg\",\"contentUrl\":\"https:\\\/\\\/fittslawfirm.com\\\/wp-content\\\/uploads\\\/2023\\\/03\\\/Houston-Civil-Law-Firm.jpg\",\"width\":300,\"height\":300,\"caption\":\"Fitts Law Firm\"},\"image\":{\"@id\":\"https:\\\/\\\/fittslawfirm.com\\\/#\\\/schema\\\/logo\\\/image\\\/\"},\"sameAs\":[\"https:\\\/\\\/www.facebook.com\\\/FittsLawFirm\\\/\",\"https:\\\/\\\/www.youtube.com\\\/@fittslawfirm\"]}]}<\/script>\n<!-- \/ Yoast SEO plugin. -->","yoast_head_json":{"title":"Abogado especializado en reclamaciones de da\u00f1os causados por el viento en Houston | Bufete de abogados Fitts, PLLC","description":"\u00bfSu compa\u00f1\u00eda de seguros ha negado su reclamaci\u00f3n por da\u00f1os causados por el viento? Llame a los abogados del Bufete de Abogados Fitts, PLLC en Houston para obtener una consulta gratuita.","robots":{"index":"index","follow":"follow","max-snippet":"max-snippet:-1","max-image-preview":"max-image-preview:large","max-video-preview":"max-video-preview:-1"},"canonical":"https:\/\/fittslawfirm.com\/es\/areas-de-practica\/reclamaciones-por-danos-causados-por-el-viento\/","og_locale":"es_ES","og_type":"article","og_title":"Abogado especializado en reclamaciones de da\u00f1os causados por el viento en Houston | Bufete de abogados Fitts, PLLC","og_description":"\u00bfSu compa\u00f1\u00eda de seguros ha negado su reclamaci\u00f3n por da\u00f1os causados por el viento? Llame a los abogados del Bufete de Abogados Fitts, PLLC en Houston para obtener una consulta gratuita.","og_url":"https:\/\/fittslawfirm.com\/es\/areas-de-practica\/reclamaciones-por-danos-causados-por-el-viento\/","og_site_name":"Fitts Law Firm","article_publisher":"https:\/\/www.facebook.com\/FittsLawFirm\/","article_modified_time":"2023-02-06T20:49:27+00:00","og_image":[{"width":424,"height":283,"url":"https:\/\/fittslawfirm.com\/wp-content\/uploads\/2012\/07\/denied-wind-damage-claims.jpg","type":"image\/jpeg"}],"twitter_card":"summary_large_image","twitter_misc":{"Tiempo de lectura":"4 minutos"},"schema":{"@context":"https:\/\/schema.org","@graph":[{"@type":"WebPage","@id":"https:\/\/fittslawfirm.com\/es\/areas-de-practica\/reclamaciones-por-danos-causados-por-el-viento\/","url":"https:\/\/fittslawfirm.com\/es\/areas-de-practica\/reclamaciones-por-danos-causados-por-el-viento\/","name":"Abogado especializado en reclamaciones de da\u00f1os causados por el viento en Houston | Bufete de abogados Fitts, PLLC","isPartOf":{"@id":"https:\/\/fittslawfirm.com\/#website"},"primaryImageOfPage":{"@id":"https:\/\/fittslawfirm.com\/es\/areas-de-practica\/reclamaciones-por-danos-causados-por-el-viento\/#primaryimage"},"image":{"@id":"https:\/\/fittslawfirm.com\/es\/areas-de-practica\/reclamaciones-por-danos-causados-por-el-viento\/#primaryimage"},"thumbnailUrl":"https:\/\/fittslawfirm.com\/wp-content\/uploads\/2012\/07\/denied-wind-damage-claims.jpg","datePublished":"2021-11-19T20:20:50+00:00","dateModified":"2023-02-06T20:49:27+00:00","description":"\u00bfSu compa\u00f1\u00eda de seguros ha negado su reclamaci\u00f3n por da\u00f1os causados por el viento? Llame a los abogados del Bufete de Abogados Fitts, PLLC en Houston para obtener una consulta gratuita.","breadcrumb":{"@id":"https:\/\/fittslawfirm.com\/es\/areas-de-practica\/reclamaciones-por-danos-causados-por-el-viento\/#breadcrumb"},"inLanguage":"es","potentialAction":[{"@type":"ReadAction","target":["https:\/\/fittslawfirm.com\/es\/areas-de-practica\/reclamaciones-por-danos-causados-por-el-viento\/"]}]},{"@type":"ImageObject","inLanguage":"es","@id":"https:\/\/fittslawfirm.com\/es\/areas-de-practica\/reclamaciones-por-danos-causados-por-el-viento\/#primaryimage","url":"https:\/\/fittslawfirm.com\/wp-content\/uploads\/2012\/07\/denied-wind-damage-claims.jpg","contentUrl":"https:\/\/fittslawfirm.com\/wp-content\/uploads\/2012\/07\/denied-wind-damage-claims.jpg","width":424,"height":283},{"@type":"BreadcrumbList","@id":"https:\/\/fittslawfirm.com\/es\/areas-de-practica\/reclamaciones-por-danos-causados-por-el-viento\/#breadcrumb","itemListElement":[{"@type":"ListItem","position":1,"name":"Home","item":"https:\/\/fittslawfirm.com\/es\/pagina-de-inicio\/"},{"@type":"ListItem","position":2,"name":"\u00c1reas de pr\u00e1ctica","item":"https:\/\/fittslawfirm.com\/es\/areas-de-practica\/"},{"@type":"ListItem","position":3,"name":"Reclamaciones por da\u00f1os causados por el viento"}]},{"@type":"WebSite","@id":"https:\/\/fittslawfirm.com\/#website","url":"https:\/\/fittslawfirm.com\/","name":"Fitts Law Firm","description":"Houston Texas Personal Injury and Insurance Attorney","publisher":{"@id":"https:\/\/fittslawfirm.com\/#organization"},"alternateName":"Houston Civil Litigation Firm","potentialAction":[{"@type":"SearchAction","target":{"@type":"EntryPoint","urlTemplate":"https:\/\/fittslawfirm.com\/?s={search_term_string}"},"query-input":{"@type":"PropertyValueSpecification","valueRequired":true,"valueName":"search_term_string"}}],"inLanguage":"es"},{"@type":"Organization","@id":"https:\/\/fittslawfirm.com\/#organization","name":"Fitts Law Firm","alternateName":"Houston Texas Personal Injury and Insurance Attorney","url":"https:\/\/fittslawfirm.com\/","logo":{"@type":"ImageObject","inLanguage":"es","@id":"https:\/\/fittslawfirm.com\/#\/schema\/logo\/image\/","url":"https:\/\/fittslawfirm.com\/wp-content\/uploads\/2023\/03\/Houston-Civil-Law-Firm.jpg","contentUrl":"https:\/\/fittslawfirm.com\/wp-content\/uploads\/2023\/03\/Houston-Civil-Law-Firm.jpg","width":300,"height":300,"caption":"Fitts Law Firm"},"image":{"@id":"https:\/\/fittslawfirm.com\/#\/schema\/logo\/image\/"},"sameAs":["https:\/\/www.facebook.com\/FittsLawFirm\/","https:\/\/www.youtube.com\/@fittslawfirm"]}]}},"_links":{"self":[{"href":"https:\/\/fittslawfirm.com\/es\/wp-json\/wp\/v2\/pages\/1376","targetHints":{"allow":["GET"]}}],"collection":[{"href":"https:\/\/fittslawfirm.com\/es\/wp-json\/wp\/v2\/pages"}],"about":[{"href":"https:\/\/fittslawfirm.com\/es\/wp-json\/wp\/v2\/types\/page"}],"author":[{"embeddable":true,"href":"https:\/\/fittslawfirm.com\/es\/wp-json\/wp\/v2\/users\/3"}],"replies":[{"embeddable":true,"href":"https:\/\/fittslawfirm.com\/es\/wp-json\/wp\/v2\/comments?post=1376"}],"version-history":[{"count":0,"href":"https:\/\/fittslawfirm.com\/es\/wp-json\/wp\/v2\/pages\/1376\/revisions"}],"up":[{"embeddable":true,"href":"https:\/\/fittslawfirm.com\/es\/wp-json\/wp\/v2\/pages\/1392"}],"wp:featuredmedia":[{"embeddable":true,"href":"https:\/\/fittslawfirm.com\/es\/wp-json\/wp\/v2\/media\/1282"}],"wp:attachment":[{"href":"https:\/\/fittslawfirm.com\/es\/wp-json\/wp\/v2\/media?parent=1376"}],"curies":[{"name":"wp","href":"https:\/\/api.w.org\/{rel}","templated":true}]}}