{"id":1375,"date":"2021-11-19T20:20:50","date_gmt":"2021-11-19T20:20:50","guid":{"rendered":"https:\/\/fittslawfirm.com\/cristina-hernandez\/"},"modified":"2023-01-31T00:54:46","modified_gmt":"2023-01-31T06:54:46","slug":"cristina-hernandez","status":"publish","type":"page","link":"https:\/\/fittslawfirm.com\/es\/profesionales\/cristina-hernandez\/","title":{"rendered":"Cristina Hernandez"},"content":{"rendered":"<section class=\"wpb-content-wrapper\"><p>[vc_row][vc_column][vc_column_text]<\/p>\n<h2>Texas Insurance And Defective Drug Attorney<\/h2>\n<h3>(713) 871-1670 | <a href=\"mailto:chernandez@fittslawfirm.com\">chernandez@fittslawfirm.com<\/a><\/h3>\n<p><a title=\"LinkedIn\" href=\"https:\/\/www.linkedin.com\/company\/fitts-law-firm-pllc---fee-office-for-landtitleusa\/\">LinkedIn<\/a> | <a title=\"Twitter\" href=\"#\">Twitter<\/a> | <a title=\"Facebook\" href=\"https:\/\/www.facebook.com\/FittsLawFirm\/\">Facebook<\/a> | <a title=\"Google+\" href=\"#\">Google+<\/a><\/p>\n<p>&nbsp;<\/p>\n<p>Cristina\u2019s family moved to East Texas from Mexico when she was only one year old. While her family struggled to build a new life in a new country, Cristina started school without speaking any English. After quickly becoming fluent in English as well as Spanish, Cristina learned that education and hard work were essential to overcoming her family\u2019s hardship. She set a goal of taking full advantage of the opportunity she was given to grow up, study, live and work in the United States.<\/p>\n<h2 style=\"text-align: justify;\"><strong>Legal Background<\/strong><\/h2>\n<p>While in law school, Cristina worked as a law clerk for a Houston law firm that specializes in personal injury as well as multi-district pharmaceutical litigation and product liability cases. After law school, Cristina began practicing law at The Carter Law Firm where, for seven years, she handled a wide variety of cases and issues, including the Firm\u2019s general litigation docket, some medical malpractice defense and an immigrant investor visa program. Cristina was eventually assigned to supervise the Firm\u2019s administrative appeals docket of over 5000 cases pending in the Texas Department of Insurance, Division of Workers\u2019 Compensation, the State Office of Administrative Hearings and the Travis County District Courts. Cristina subsequently spent a couple of years providing litigation support and negotiating general liability settlements for an international retailer before accepting a position to manage the Fitts Law Firm\u2019s Transvaginal Mesh docket.<\/p>\n<h2 style=\"text-align: justify;\"><strong>Education<\/strong><\/h2>\n<p>Cristina attended Lufkin High School then attended Stephen F. Austin State University in Nacogdoches, Texas where she earned a BA in Political Science and Spanish. While at SFA, Cristina was selected as the recipient of the Nacogdoches Rotary Club\u2019s Ambassadorial Scholarship, which led to a year of legal studies in Madrid, Spain at la Universidad Aut\u00f3noma de Madrid. After returning from Spain, Cristina obtained a Juris Doctor from South Texas College of Law.<\/p>\n<h2 style=\"text-align: justify;\"><strong>Affiliations<\/strong><\/h2>\n<p>Cristina is admitted to practice in all Texas State Courts as well as the United States District Court for the Southern District of Texas, the Seventh Circuit Court of Appeals and the United States Supreme Court.[\/vc_column_text][\/vc_column][\/vc_row]<\/p>\n<\/section>","protected":false},"excerpt":{"rendered":"<p>[vc_row][vc_column][vc_column_text] Texas Insurance And Defective Drug Attorney (713) 871-1670 | chernandez@fittslawfirm.com LinkedIn | Twitter | Facebook | Google+ &nbsp; Cristina\u2019s &#8230;<\/p>\n","protected":false},"author":2,"featured_media":0,"parent":1390,"menu_order":0,"comment_status":"open","ping_status":"open","template":"","meta":{"footnotes":""},"class_list":["post-1375","page","type-page","status-publish","hentry"],"yoast_head":"<!-- This site is optimized with the Yoast SEO plugin v27.4 - https:\/\/yoast.com\/product\/yoast-seo-wordpress\/ -->\n<title>Cristina Hernandez - Abogada especialista en seguros en Texas<\/title>\n<meta name=\"description\" content=\"Comun\u00edquese con Christina Hernandez al (713) 871-1670 o comun\u00edquese mediante correo electr\u00f3nico a chernandez@fittslawfirm.com para obtener una revisi\u00f3n gratuita de su caso de reclamaci\u00f3n de seguro denegada o mal pagada.\" \/>\n<meta name=\"robots\" content=\"index, follow, max-snippet:-1, max-image-preview:large, max-video-preview:-1\" \/>\n<link rel=\"canonical\" href=\"https:\/\/fittslawfirm.com\/es\/profesionales\/cristina-hernandez\/\" \/>\n<meta property=\"og:locale\" content=\"es_ES\" \/>\n<meta property=\"og:type\" content=\"article\" \/>\n<meta property=\"og:title\" content=\"Cristina Hernandez - Abogada especialista en seguros en Texas\" \/>\n<meta property=\"og:description\" content=\"Comun\u00edquese con Christina Hernandez al (713) 871-1670 o comun\u00edquese mediante correo electr\u00f3nico a chernandez@fittslawfirm.com para obtener una revisi\u00f3n gratuita de su caso de reclamaci\u00f3n de seguro denegada o mal pagada.\" \/>\n<meta property=\"og:url\" content=\"https:\/\/fittslawfirm.com\/es\/profesionales\/cristina-hernandez\/\" \/>\n<meta property=\"og:site_name\" content=\"Fitts Law Firm\" \/>\n<meta property=\"article:publisher\" content=\"https:\/\/www.facebook.com\/FittsLawFirm\/\" \/>\n<meta property=\"article:modified_time\" content=\"2023-01-31T06:54:46+00:00\" \/>\n<meta property=\"og:image\" content=\"https:\/\/fittslawfirm.com\/wp-content\/uploads\/2023\/03\/Houston-civil-litigation-firm-banner.jpg\" \/>\n\t<meta property=\"og:image:width\" content=\"1200\" \/>\n\t<meta property=\"og:image:height\" content=\"583\" \/>\n\t<meta property=\"og:image:type\" content=\"image\/jpeg\" \/>\n<meta name=\"twitter:card\" content=\"summary_large_image\" \/>\n<meta name=\"twitter:label1\" content=\"Tiempo de lectura\" \/>\n\t<meta name=\"twitter:data1\" content=\"2 minutos\" \/>\n<script type=\"application\/ld+json\" class=\"yoast-schema-graph\">{\"@context\":\"https:\\\/\\\/schema.org\",\"@graph\":[{\"@type\":\"WebPage\",\"@id\":\"https:\\\/\\\/fittslawfirm.com\\\/es\\\/profesionales\\\/cristina-hernandez\\\/\",\"url\":\"https:\\\/\\\/fittslawfirm.com\\\/es\\\/profesionales\\\/cristina-hernandez\\\/\",\"name\":\"Cristina Hernandez - Abogada especialista en seguros en Texas\",\"isPartOf\":{\"@id\":\"https:\\\/\\\/fittslawfirm.com\\\/#website\"},\"datePublished\":\"2021-11-19T20:20:50+00:00\",\"dateModified\":\"2023-01-31T06:54:46+00:00\",\"description\":\"Comun\u00edquese con Christina Hernandez al (713) 871-1670 o comun\u00edquese mediante correo electr\u00f3nico a chernandez@fittslawfirm.com para obtener una revisi\u00f3n gratuita de su caso de reclamaci\u00f3n de seguro denegada o mal pagada.\",\"breadcrumb\":{\"@id\":\"https:\\\/\\\/fittslawfirm.com\\\/es\\\/profesionales\\\/cristina-hernandez\\\/#breadcrumb\"},\"inLanguage\":\"es\",\"potentialAction\":[{\"@type\":\"ReadAction\",\"target\":[\"https:\\\/\\\/fittslawfirm.com\\\/es\\\/profesionales\\\/cristina-hernandez\\\/\"]}]},{\"@type\":\"BreadcrumbList\",\"@id\":\"https:\\\/\\\/fittslawfirm.com\\\/es\\\/profesionales\\\/cristina-hernandez\\\/#breadcrumb\",\"itemListElement\":[{\"@type\":\"ListItem\",\"position\":1,\"name\":\"Home\",\"item\":\"https:\\\/\\\/fittslawfirm.com\\\/es\\\/pagina-de-inicio\\\/\"},{\"@type\":\"ListItem\",\"position\":2,\"name\":\"Profesionales\",\"item\":\"https:\\\/\\\/fittslawfirm.com\\\/es\\\/profesionales\\\/\"},{\"@type\":\"ListItem\",\"position\":3,\"name\":\"Cristina Hernandez\"}]},{\"@type\":\"WebSite\",\"@id\":\"https:\\\/\\\/fittslawfirm.com\\\/#website\",\"url\":\"https:\\\/\\\/fittslawfirm.com\\\/\",\"name\":\"Fitts Law Firm\",\"description\":\"Houston Texas Personal Injury and Insurance Attorney\",\"publisher\":{\"@id\":\"https:\\\/\\\/fittslawfirm.com\\\/#organization\"},\"alternateName\":\"Houston Civil Litigation Firm\",\"potentialAction\":[{\"@type\":\"SearchAction\",\"target\":{\"@type\":\"EntryPoint\",\"urlTemplate\":\"https:\\\/\\\/fittslawfirm.com\\\/?s={search_term_string}\"},\"query-input\":{\"@type\":\"PropertyValueSpecification\",\"valueRequired\":true,\"valueName\":\"search_term_string\"}}],\"inLanguage\":\"es\"},{\"@type\":\"Organization\",\"@id\":\"https:\\\/\\\/fittslawfirm.com\\\/#organization\",\"name\":\"Fitts Law Firm\",\"alternateName\":\"Houston Texas Personal Injury and Insurance Attorney\",\"url\":\"https:\\\/\\\/fittslawfirm.com\\\/\",\"logo\":{\"@type\":\"ImageObject\",\"inLanguage\":\"es\",\"@id\":\"https:\\\/\\\/fittslawfirm.com\\\/#\\\/schema\\\/logo\\\/image\\\/\",\"url\":\"https:\\\/\\\/fittslawfirm.com\\\/wp-content\\\/uploads\\\/2023\\\/03\\\/Houston-Civil-Law-Firm.jpg\",\"contentUrl\":\"https:\\\/\\\/fittslawfirm.com\\\/wp-content\\\/uploads\\\/2023\\\/03\\\/Houston-Civil-Law-Firm.jpg\",\"width\":300,\"height\":300,\"caption\":\"Fitts Law Firm\"},\"image\":{\"@id\":\"https:\\\/\\\/fittslawfirm.com\\\/#\\\/schema\\\/logo\\\/image\\\/\"},\"sameAs\":[\"https:\\\/\\\/www.facebook.com\\\/FittsLawFirm\\\/\",\"https:\\\/\\\/www.youtube.com\\\/@fittslawfirm\"]}]}<\/script>\n<!-- \/ Yoast SEO plugin. -->","yoast_head_json":{"title":"Cristina Hernandez - Abogada especialista en seguros en Texas","description":"Comun\u00edquese con Christina Hernandez al (713) 871-1670 o comun\u00edquese mediante correo electr\u00f3nico a chernandez@fittslawfirm.com para obtener una revisi\u00f3n gratuita de su caso de reclamaci\u00f3n de seguro denegada o mal pagada.","robots":{"index":"index","follow":"follow","max-snippet":"max-snippet:-1","max-image-preview":"max-image-preview:large","max-video-preview":"max-video-preview:-1"},"canonical":"https:\/\/fittslawfirm.com\/es\/profesionales\/cristina-hernandez\/","og_locale":"es_ES","og_type":"article","og_title":"Cristina Hernandez - Abogada especialista en seguros en Texas","og_description":"Comun\u00edquese con Christina Hernandez al (713) 871-1670 o comun\u00edquese mediante correo electr\u00f3nico a chernandez@fittslawfirm.com para obtener una revisi\u00f3n gratuita de su caso de reclamaci\u00f3n de seguro denegada o mal pagada.","og_url":"https:\/\/fittslawfirm.com\/es\/profesionales\/cristina-hernandez\/","og_site_name":"Fitts Law Firm","article_publisher":"https:\/\/www.facebook.com\/FittsLawFirm\/","article_modified_time":"2023-01-31T06:54:46+00:00","og_image":[{"width":1200,"height":583,"url":"https:\/\/fittslawfirm.com\/wp-content\/uploads\/2023\/03\/Houston-civil-litigation-firm-banner.jpg","type":"image\/jpeg"}],"twitter_card":"summary_large_image","twitter_misc":{"Tiempo de lectura":"2 minutos"},"schema":{"@context":"https:\/\/schema.org","@graph":[{"@type":"WebPage","@id":"https:\/\/fittslawfirm.com\/es\/profesionales\/cristina-hernandez\/","url":"https:\/\/fittslawfirm.com\/es\/profesionales\/cristina-hernandez\/","name":"Cristina Hernandez - Abogada especialista en seguros en Texas","isPartOf":{"@id":"https:\/\/fittslawfirm.com\/#website"},"datePublished":"2021-11-19T20:20:50+00:00","dateModified":"2023-01-31T06:54:46+00:00","description":"Comun\u00edquese con Christina Hernandez al (713) 871-1670 o comun\u00edquese mediante correo electr\u00f3nico a chernandez@fittslawfirm.com para obtener una revisi\u00f3n gratuita de su caso de reclamaci\u00f3n de seguro denegada o mal pagada.","breadcrumb":{"@id":"https:\/\/fittslawfirm.com\/es\/profesionales\/cristina-hernandez\/#breadcrumb"},"inLanguage":"es","potentialAction":[{"@type":"ReadAction","target":["https:\/\/fittslawfirm.com\/es\/profesionales\/cristina-hernandez\/"]}]},{"@type":"BreadcrumbList","@id":"https:\/\/fittslawfirm.com\/es\/profesionales\/cristina-hernandez\/#breadcrumb","itemListElement":[{"@type":"ListItem","position":1,"name":"Home","item":"https:\/\/fittslawfirm.com\/es\/pagina-de-inicio\/"},{"@type":"ListItem","position":2,"name":"Profesionales","item":"https:\/\/fittslawfirm.com\/es\/profesionales\/"},{"@type":"ListItem","position":3,"name":"Cristina Hernandez"}]},{"@type":"WebSite","@id":"https:\/\/fittslawfirm.com\/#website","url":"https:\/\/fittslawfirm.com\/","name":"Fitts Law Firm","description":"Houston Texas Personal Injury and Insurance Attorney","publisher":{"@id":"https:\/\/fittslawfirm.com\/#organization"},"alternateName":"Houston Civil Litigation Firm","potentialAction":[{"@type":"SearchAction","target":{"@type":"EntryPoint","urlTemplate":"https:\/\/fittslawfirm.com\/?s={search_term_string}"},"query-input":{"@type":"PropertyValueSpecification","valueRequired":true,"valueName":"search_term_string"}}],"inLanguage":"es"},{"@type":"Organization","@id":"https:\/\/fittslawfirm.com\/#organization","name":"Fitts Law Firm","alternateName":"Houston Texas Personal Injury and Insurance Attorney","url":"https:\/\/fittslawfirm.com\/","logo":{"@type":"ImageObject","inLanguage":"es","@id":"https:\/\/fittslawfirm.com\/#\/schema\/logo\/image\/","url":"https:\/\/fittslawfirm.com\/wp-content\/uploads\/2023\/03\/Houston-Civil-Law-Firm.jpg","contentUrl":"https:\/\/fittslawfirm.com\/wp-content\/uploads\/2023\/03\/Houston-Civil-Law-Firm.jpg","width":300,"height":300,"caption":"Fitts Law Firm"},"image":{"@id":"https:\/\/fittslawfirm.com\/#\/schema\/logo\/image\/"},"sameAs":["https:\/\/www.facebook.com\/FittsLawFirm\/","https:\/\/www.youtube.com\/@fittslawfirm"]}]}},"_links":{"self":[{"href":"https:\/\/fittslawfirm.com\/es\/wp-json\/wp\/v2\/pages\/1375","targetHints":{"allow":["GET"]}}],"collection":[{"href":"https:\/\/fittslawfirm.com\/es\/wp-json\/wp\/v2\/pages"}],"about":[{"href":"https:\/\/fittslawfirm.com\/es\/wp-json\/wp\/v2\/types\/page"}],"author":[{"embeddable":true,"href":"https:\/\/fittslawfirm.com\/es\/wp-json\/wp\/v2\/users\/2"}],"replies":[{"embeddable":true,"href":"https:\/\/fittslawfirm.com\/es\/wp-json\/wp\/v2\/comments?post=1375"}],"version-history":[{"count":0,"href":"https:\/\/fittslawfirm.com\/es\/wp-json\/wp\/v2\/pages\/1375\/revisions"}],"up":[{"embeddable":true,"href":"https:\/\/fittslawfirm.com\/es\/wp-json\/wp\/v2\/pages\/1390"}],"wp:attachment":[{"href":"https:\/\/fittslawfirm.com\/es\/wp-json\/wp\/v2\/media?parent=1375"}],"curies":[{"name":"wp","href":"https:\/\/api.w.org\/{rel}","templated":true}]}}