{"id":1368,"date":"2021-11-19T20:20:47","date_gmt":"2021-11-19T20:20:47","guid":{"rendered":"https:\/\/fittslawfirm.com\/reclamaciones-de-seguros-denegadas\/"},"modified":"2023-01-30T13:01:19","modified_gmt":"2023-01-30T19:01:19","slug":"reclamaciones-de-seguros-denegadas","status":"publish","type":"page","link":"https:\/\/fittslawfirm.com\/es\/areas-de-practica\/reclamaciones-de-seguros-denegadas\/","title":{"rendered":"Reclamaciones de seguros denegadas"},"content":{"rendered":"<section class=\"wpb-content-wrapper\"><p>[vc_row][vc_column][vc_column_text]Insurance companies need to be held accountable when they deny a ligitimate insurance claim. Keep in mind that insurance companies will make every effort to cut corners.\u00a0 If they deny your insurance claim you\u2019ll need an experienced attorney to fight on your side.<\/p>\n<p><iframe title=\"Was Your Property Damage Claim Denied or Underpaid? \u2013 Fitts Law Firm, PLLC\" width=\"700\" height=\"394\" src=\"https:\/\/www.youtube.com\/embed\/mq9VRBO2EL4?feature=oembed&#038;enablejsapi=1&#038;origin=https:\/\/fittslawfirm.com\" frameborder=\"0\" allow=\"accelerometer; autoplay; clipboard-write; encrypted-media; gyroscope; picture-in-picture; web-share\" allowfullscreen><\/iframe><\/p>\n<h2>My Insurance Claim Was Denied!<\/h2>\n<p>If this happened to you then keep in mind insurance companies deny claims often. For example, <a href=\"https:\/\/fittslawfirm.com\/es\/areas-de-practica\/reclamaciones-por-danos-por-granizo\/\">hail<\/a> and <a href=\"https:\/\/fittslawfirm.com\/es\/areas-de-practica\/reclamaciones-por-danos-causados-por-el-viento\/\">wind damage<\/a> is extremely common in Texas but insurers will often attempt to deny the legitimate claims that result, just to see if they can get away with it.\u00a0 Insurance companies use a number of tactics to deny claims to help improve their bottom line.\u00a0 Most commonly, insurance claims are denied due to:<\/p>\n<ul>\n<li>Improper home construction by the builder<\/li>\n<li>Defective products used in construction<\/li>\n<li>Pre-existing damage<\/li>\n<li>Roofing or building materials extended beyond their useful life<\/li>\n<li>Failure to report a claim in time<\/li>\n<li>Many other reasons<\/li>\n<\/ul>\n<p>Insurance companies often deny insurance claims that absolutely <u>should<\/u> be covered.<\/p>\n<h3>This is wrong!<\/h3>\n<p>They may be operating in bad faith under Texas law.\u00a0 Denying a valid claim is a breach of contract by the insurer.\u00a0 Insurance companies are required to pay claims promptly or they are in violation of the Texas Prompt Pay Laws, covered in the Texas Insurance Code.\u00a0 If your insurance company has denied your claim and refuses to pay you MUST contact a <a href=\"https:\/\/fittslawfirm.com\/es\/\">denied insurance claim lawyer<\/a> immediately to evaluate your claim and contract before your time runs out.<br \/>\n[\/vc_column_text][vc_single_image image=\u00bb906&#8243; img_size=\u00bbfull\u00bb alignment=\u00bbcenter\u00bb css_animation=\u00bbleft-to-right\u00bb][vc_column_text]<\/p>\n<h2>What Should I Do If My Claim Has Been Denied?<\/h2>\n<ol>\n<li>Document all of your communication with your insurance company, adjuster, and agent IN WRITING. Avoid phone calls and conversations that cannot be recorded.\u00a0 Documentation will be useful in building your case.<\/li>\n<li>Request the insurance company send a representative for a second assessment of the damage. If you already have a contractor or roofers helping you assess the damages independently, try to have them on site when the insurance company inspector arrives.<\/li>\n<li>If they still deny your claim, consult a lawyer. An experienced insurance lawyer will assess your legal right to action under Texas law.<\/li>\n<\/ol>\n<h2>Is My Only Recourse Going Through The Appraisal Process?<\/h2>\n<p><b>No.<\/b>\u00a0 Insurance companies will often tell policyholders that their only remedy for a denied or underpaid insurance claim is to get an appraisal.<\/p>\n<h3>This is just not true.<\/h3>\n<p>Appraisal is intended for situations where the insurance company and a policyholder cannot agree as to the value of a covered loss, not for when there is a complete denial of a claim. A good example of a situation appropriate for appraisal would be if the <u>only<\/u> issue affecting your claim is a disagreement as to the <em>specific value<\/em> of something (such as a roof).<\/p>\n<p>If an insurance company has denied your claim completely they are taking the position that you have not suffered a loss covered by your policy and therefore they do not need to pay.\u00a0 This is a disagreement about overall coverage, not about specific value.\u00a0 An appraisal will not solve this issue.<\/p>\n<p>Failure to pay a valid claim is a breach of contract; you will need a <a href=\"https:\/\/fittslawfirm.com\/es\/profesionales\/bryant-a-fitts\/\">lawyer<\/a> to protect your rights and secure the compensation you deserve.<\/p>\n<h2>The Insurance Company Sent An Engineer Who Said I Didn\u2019t Experience A Loss, Do I Still Have Rights?<\/h2>\n<p><b>Yes.<\/b>\u00a0 Insurance companies regularly retain engineers to assess damages for property insurance claims.\u00a0 What they try to keep hidden is that they routinely hire the same engineers over and over again.\u00a0 These engineers often complete half-hearted inspections, padding their report with the same attachments they use for every assessment to make the report appear thorough.\u00a0 Almost all of their reports look the same, sometimes using the same exact language simply copied over from another report.\u00a0 This destroys their credibility.<\/p>\n<p>If the engineer wrongfully denies you suffered property damage you should hire your own engineer to make an independent assessment.\u00a0 An unbiased engineer \u2013 one not making 90% of their income from the insurance company \u2013 will likely have a very different opinion about your loss and the insurance company\u2019s obligation to you.<\/p>\n<p>If you have filed an insurance claim but it was unfairly denied, we want to fight to make it right.\u00a0 <a href=\"https:\/\/fittslawfirm.com\/contact-2\/\">Contact the Fitts Law Firm<\/a> today for your free denied insurance claim consultation.\u00a0 We will review your claim and explain all the options available to you under Texas law.[\/vc_column_text][\/vc_column][\/vc_row]<\/p>\n<h2>Si su reclamaci\u00f3n fue denegada o mal pagada, complete el formulario que se muestra a continuaci\u00f3n para obtener una revisi\u00f3n gratuita del caso<\/h2>\n\n<div class=\"wpcf7 no-js\" id=\"wpcf7-f639-o1\" lang=\"en-US\" dir=\"ltr\" data-wpcf7-id=\"639\">\n<div class=\"screen-reader-response\"><p role=\"status\" aria-live=\"polite\" aria-atomic=\"true\"><\/p> <ul><\/ul><\/div>\n<form action=\"\/es\/wp-json\/wp\/v2\/pages\/1368#wpcf7-f639-o1\" method=\"post\" class=\"wpcf7-form init\" aria-label=\"Contact form\" novalidate=\"novalidate\" data-status=\"init\">\n<fieldset class=\"hidden-fields-container\"><input type=\"hidden\" name=\"_wpcf7\" value=\"639\" \/><input type=\"hidden\" name=\"_wpcf7_version\" value=\"6.1.5\" \/><input type=\"hidden\" name=\"_wpcf7_locale\" value=\"en_US\" \/><input type=\"hidden\" name=\"_wpcf7_unit_tag\" value=\"wpcf7-f639-o1\" \/><input type=\"hidden\" name=\"_wpcf7_container_post\" value=\"0\" \/><input type=\"hidden\" name=\"_wpcf7_posted_data_hash\" value=\"\" \/><input type=\"hidden\" name=\"_wpcf7_recaptcha_response\" value=\"\" \/>\n<\/fieldset>\n<div class=\"form_1_2\">\n\t<p><span class=\"wpcf7-form-control-wrap\" data-name=\"first-name\"><input size=\"40\" maxlength=\"400\" class=\"wpcf7-form-control wpcf7-text wpcf7-validates-as-required\" aria-required=\"true\" aria-invalid=\"false\" placeholder=\"First Name *\" value=\"\" type=\"text\" name=\"first-name\" \/><\/span>\n\t<\/p>\n<\/div>\n<div class=\"form_1_2 last\">\n\t<p><span class=\"wpcf7-form-control-wrap\" data-name=\"last-name\"><input size=\"40\" maxlength=\"400\" class=\"wpcf7-form-control wpcf7-text wpcf7-validates-as-required\" aria-required=\"true\" aria-invalid=\"false\" placeholder=\"Last Name *\" value=\"\" type=\"text\" name=\"last-name\" \/><\/span>\n\t<\/p>\n<\/div>\n<div class=\"clear\">\n<\/div>\n<div class=\"form_1_2\">\n\t<p><span class=\"wpcf7-form-control-wrap\" data-name=\"your-email\"><input size=\"40\" maxlength=\"400\" class=\"wpcf7-form-control wpcf7-email wpcf7-validates-as-required wpcf7-text wpcf7-validates-as-email\" aria-required=\"true\" aria-invalid=\"false\" placeholder=\"Your Email *\" value=\"\" type=\"email\" name=\"your-email\" \/><\/span>\n\t<\/p>\n<\/div>\n<div class=\"form_1_2 last\">\n\t<p><span class=\"wpcf7-form-control-wrap\" data-name=\"tel-879\"><input size=\"40\" maxlength=\"400\" class=\"wpcf7-form-control wpcf7-tel wpcf7-validates-as-required wpcf7-text wpcf7-validates-as-tel\" aria-required=\"true\" aria-invalid=\"false\" placeholder=\"Your Phone Number *\" value=\"\" type=\"tel\" name=\"tel-879\" \/><\/span>\n\t<\/p>\n<\/div>\n<div class=\"clear\">\n<\/div>\n<p><span class=\"wpcf7-form-control-wrap\" data-name=\"case-details\"><textarea cols=\"40\" rows=\"10\" maxlength=\"2000\" class=\"wpcf7-form-control wpcf7-textarea\" aria-invalid=\"false\" placeholder=\"Case Details\" name=\"case-details\"><\/textarea><\/span>\n<\/p>\n<p><input class=\"wpcf7-form-control wpcf7-submit has-spinner btn btn-large btn-secondary\" type=\"submit\" value=\"Submit Evaluation\" \/>\n<\/p><div class=\"wpcf7-response-output\" aria-hidden=\"true\"><\/div>\n<\/form>\n<\/div>\n\n<\/section>","protected":false},"excerpt":{"rendered":"<p>[vc_row][vc_column][vc_column_text]Insurance companies need to be held accountable when they deny a ligitimate insurance claim. Keep in mind that insurance companies &#8230;<\/p>\n","protected":false},"author":3,"featured_media":1284,"parent":1392,"menu_order":0,"comment_status":"closed","ping_status":"closed","template":"","meta":{"footnotes":""},"class_list":["post-1368","page","type-page","status-publish","has-post-thumbnail","hentry"],"yoast_head":"<!-- This site is optimized with the Yoast SEO plugin v27.3 - https:\/\/yoast.com\/product\/yoast-seo-wordpress\/ -->\n<title>Abogados para reclamaciones de seguros denegadas | Abogados para reclamaciones denegadas de propietarios de viviendas<\/title>\n<meta name=\"description\" content=\"\u00bfSu compa\u00f1\u00eda de seguros ha negado su reclamaci\u00f3n? Llame al Bufete de Abogados Fitts para obtener una revisi\u00f3n gratuita del caso y discutir todas las opciones disponibles en vitud de las leyes de Texas.\" \/>\n<meta name=\"robots\" content=\"index, follow, max-snippet:-1, max-image-preview:large, max-video-preview:-1\" \/>\n<link rel=\"canonical\" href=\"https:\/\/fittslawfirm.com\/es\/areas-de-practica\/reclamaciones-de-seguros-denegadas\/\" \/>\n<meta property=\"og:locale\" content=\"es_ES\" \/>\n<meta property=\"og:type\" content=\"article\" \/>\n<meta property=\"og:title\" content=\"Abogados para reclamaciones de seguros denegadas | Abogados para reclamaciones denegadas de propietarios de viviendas\" \/>\n<meta property=\"og:description\" content=\"\u00bfSu compa\u00f1\u00eda de seguros ha negado su reclamaci\u00f3n? Llame al Bufete de Abogados Fitts para obtener una revisi\u00f3n gratuita del caso y discutir todas las opciones disponibles en vitud de las leyes de Texas.\" \/>\n<meta property=\"og:url\" content=\"https:\/\/fittslawfirm.com\/es\/areas-de-practica\/reclamaciones-de-seguros-denegadas\/\" \/>\n<meta property=\"og:site_name\" content=\"Fitts Law Firm\" \/>\n<meta property=\"article:publisher\" content=\"https:\/\/www.facebook.com\/FittsLawFirm\/\" \/>\n<meta property=\"article:modified_time\" content=\"2023-01-30T19:01:19+00:00\" \/>\n<meta property=\"og:image\" content=\"https:\/\/fittslawfirm.com\/wp-content\/uploads\/2012\/07\/Denied-Insurance-Claims-1.jpg\" \/>\n\t<meta property=\"og:image:width\" content=\"424\" \/>\n\t<meta property=\"og:image:height\" content=\"283\" \/>\n\t<meta property=\"og:image:type\" content=\"image\/jpeg\" \/>\n<meta name=\"twitter:card\" content=\"summary_large_image\" \/>\n<meta name=\"twitter:label1\" content=\"Tiempo de lectura\" \/>\n\t<meta name=\"twitter:data1\" content=\"4 minutos\" \/>\n<script type=\"application\/ld+json\" class=\"yoast-schema-graph\">{\"@context\":\"https:\\\/\\\/schema.org\",\"@graph\":[{\"@type\":\"WebPage\",\"@id\":\"https:\\\/\\\/fittslawfirm.com\\\/es\\\/areas-de-practica\\\/reclamaciones-de-seguros-denegadas\\\/\",\"url\":\"https:\\\/\\\/fittslawfirm.com\\\/es\\\/areas-de-practica\\\/reclamaciones-de-seguros-denegadas\\\/\",\"name\":\"Abogados para reclamaciones de seguros denegadas | Abogados para reclamaciones denegadas de propietarios de viviendas\",\"isPartOf\":{\"@id\":\"https:\\\/\\\/fittslawfirm.com\\\/#website\"},\"primaryImageOfPage\":{\"@id\":\"https:\\\/\\\/fittslawfirm.com\\\/es\\\/areas-de-practica\\\/reclamaciones-de-seguros-denegadas\\\/#primaryimage\"},\"image\":{\"@id\":\"https:\\\/\\\/fittslawfirm.com\\\/es\\\/areas-de-practica\\\/reclamaciones-de-seguros-denegadas\\\/#primaryimage\"},\"thumbnailUrl\":\"https:\\\/\\\/fittslawfirm.com\\\/wp-content\\\/uploads\\\/2012\\\/07\\\/Denied-Insurance-Claims-1.jpg\",\"datePublished\":\"2021-11-19T20:20:47+00:00\",\"dateModified\":\"2023-01-30T19:01:19+00:00\",\"description\":\"\u00bfSu compa\u00f1\u00eda de seguros ha negado su reclamaci\u00f3n? Llame al Bufete de Abogados Fitts para obtener una revisi\u00f3n gratuita del caso y discutir todas las opciones disponibles en vitud de las leyes de Texas.\",\"breadcrumb\":{\"@id\":\"https:\\\/\\\/fittslawfirm.com\\\/es\\\/areas-de-practica\\\/reclamaciones-de-seguros-denegadas\\\/#breadcrumb\"},\"inLanguage\":\"es\",\"potentialAction\":[{\"@type\":\"ReadAction\",\"target\":[\"https:\\\/\\\/fittslawfirm.com\\\/es\\\/areas-de-practica\\\/reclamaciones-de-seguros-denegadas\\\/\"]}]},{\"@type\":\"ImageObject\",\"inLanguage\":\"es\",\"@id\":\"https:\\\/\\\/fittslawfirm.com\\\/es\\\/areas-de-practica\\\/reclamaciones-de-seguros-denegadas\\\/#primaryimage\",\"url\":\"https:\\\/\\\/fittslawfirm.com\\\/wp-content\\\/uploads\\\/2012\\\/07\\\/Denied-Insurance-Claims-1.jpg\",\"contentUrl\":\"https:\\\/\\\/fittslawfirm.com\\\/wp-content\\\/uploads\\\/2012\\\/07\\\/Denied-Insurance-Claims-1.jpg\",\"width\":424,\"height\":283},{\"@type\":\"BreadcrumbList\",\"@id\":\"https:\\\/\\\/fittslawfirm.com\\\/es\\\/areas-de-practica\\\/reclamaciones-de-seguros-denegadas\\\/#breadcrumb\",\"itemListElement\":[{\"@type\":\"ListItem\",\"position\":1,\"name\":\"Home\",\"item\":\"https:\\\/\\\/fittslawfirm.com\\\/es\\\/pagina-de-inicio\\\/\"},{\"@type\":\"ListItem\",\"position\":2,\"name\":\"\u00c1reas de pr\u00e1ctica\",\"item\":\"https:\\\/\\\/fittslawfirm.com\\\/es\\\/areas-de-practica\\\/\"},{\"@type\":\"ListItem\",\"position\":3,\"name\":\"Reclamaciones de seguros denegadas\"}]},{\"@type\":\"WebSite\",\"@id\":\"https:\\\/\\\/fittslawfirm.com\\\/#website\",\"url\":\"https:\\\/\\\/fittslawfirm.com\\\/\",\"name\":\"Fitts Law Firm\",\"description\":\"Houston Texas Personal Injury and Insurance Attorney\",\"publisher\":{\"@id\":\"https:\\\/\\\/fittslawfirm.com\\\/#organization\"},\"alternateName\":\"Houston Civil Litigation Firm\",\"potentialAction\":[{\"@type\":\"SearchAction\",\"target\":{\"@type\":\"EntryPoint\",\"urlTemplate\":\"https:\\\/\\\/fittslawfirm.com\\\/?s={search_term_string}\"},\"query-input\":{\"@type\":\"PropertyValueSpecification\",\"valueRequired\":true,\"valueName\":\"search_term_string\"}}],\"inLanguage\":\"es\"},{\"@type\":\"Organization\",\"@id\":\"https:\\\/\\\/fittslawfirm.com\\\/#organization\",\"name\":\"Fitts Law Firm\",\"alternateName\":\"Houston Texas Personal Injury and Insurance Attorney\",\"url\":\"https:\\\/\\\/fittslawfirm.com\\\/\",\"logo\":{\"@type\":\"ImageObject\",\"inLanguage\":\"es\",\"@id\":\"https:\\\/\\\/fittslawfirm.com\\\/#\\\/schema\\\/logo\\\/image\\\/\",\"url\":\"https:\\\/\\\/fittslawfirm.com\\\/wp-content\\\/uploads\\\/2023\\\/03\\\/Houston-Civil-Law-Firm.jpg\",\"contentUrl\":\"https:\\\/\\\/fittslawfirm.com\\\/wp-content\\\/uploads\\\/2023\\\/03\\\/Houston-Civil-Law-Firm.jpg\",\"width\":300,\"height\":300,\"caption\":\"Fitts Law Firm\"},\"image\":{\"@id\":\"https:\\\/\\\/fittslawfirm.com\\\/#\\\/schema\\\/logo\\\/image\\\/\"},\"sameAs\":[\"https:\\\/\\\/www.facebook.com\\\/FittsLawFirm\\\/\",\"https:\\\/\\\/www.youtube.com\\\/@fittslawfirm\"]}]}<\/script>\n<!-- \/ Yoast SEO plugin. -->","yoast_head_json":{"title":"Abogados para reclamaciones de seguros denegadas | Abogados para reclamaciones denegadas de propietarios de viviendas","description":"\u00bfSu compa\u00f1\u00eda de seguros ha negado su reclamaci\u00f3n? Llame al Bufete de Abogados Fitts para obtener una revisi\u00f3n gratuita del caso y discutir todas las opciones disponibles en vitud de las leyes de Texas.","robots":{"index":"index","follow":"follow","max-snippet":"max-snippet:-1","max-image-preview":"max-image-preview:large","max-video-preview":"max-video-preview:-1"},"canonical":"https:\/\/fittslawfirm.com\/es\/areas-de-practica\/reclamaciones-de-seguros-denegadas\/","og_locale":"es_ES","og_type":"article","og_title":"Abogados para reclamaciones de seguros denegadas | Abogados para reclamaciones denegadas de propietarios de viviendas","og_description":"\u00bfSu compa\u00f1\u00eda de seguros ha negado su reclamaci\u00f3n? Llame al Bufete de Abogados Fitts para obtener una revisi\u00f3n gratuita del caso y discutir todas las opciones disponibles en vitud de las leyes de Texas.","og_url":"https:\/\/fittslawfirm.com\/es\/areas-de-practica\/reclamaciones-de-seguros-denegadas\/","og_site_name":"Fitts Law Firm","article_publisher":"https:\/\/www.facebook.com\/FittsLawFirm\/","article_modified_time":"2023-01-30T19:01:19+00:00","og_image":[{"width":424,"height":283,"url":"https:\/\/fittslawfirm.com\/wp-content\/uploads\/2012\/07\/Denied-Insurance-Claims-1.jpg","type":"image\/jpeg"}],"twitter_card":"summary_large_image","twitter_misc":{"Tiempo de lectura":"4 minutos"},"schema":{"@context":"https:\/\/schema.org","@graph":[{"@type":"WebPage","@id":"https:\/\/fittslawfirm.com\/es\/areas-de-practica\/reclamaciones-de-seguros-denegadas\/","url":"https:\/\/fittslawfirm.com\/es\/areas-de-practica\/reclamaciones-de-seguros-denegadas\/","name":"Abogados para reclamaciones de seguros denegadas | Abogados para reclamaciones denegadas de propietarios de viviendas","isPartOf":{"@id":"https:\/\/fittslawfirm.com\/#website"},"primaryImageOfPage":{"@id":"https:\/\/fittslawfirm.com\/es\/areas-de-practica\/reclamaciones-de-seguros-denegadas\/#primaryimage"},"image":{"@id":"https:\/\/fittslawfirm.com\/es\/areas-de-practica\/reclamaciones-de-seguros-denegadas\/#primaryimage"},"thumbnailUrl":"https:\/\/fittslawfirm.com\/wp-content\/uploads\/2012\/07\/Denied-Insurance-Claims-1.jpg","datePublished":"2021-11-19T20:20:47+00:00","dateModified":"2023-01-30T19:01:19+00:00","description":"\u00bfSu compa\u00f1\u00eda de seguros ha negado su reclamaci\u00f3n? Llame al Bufete de Abogados Fitts para obtener una revisi\u00f3n gratuita del caso y discutir todas las opciones disponibles en vitud de las leyes de Texas.","breadcrumb":{"@id":"https:\/\/fittslawfirm.com\/es\/areas-de-practica\/reclamaciones-de-seguros-denegadas\/#breadcrumb"},"inLanguage":"es","potentialAction":[{"@type":"ReadAction","target":["https:\/\/fittslawfirm.com\/es\/areas-de-practica\/reclamaciones-de-seguros-denegadas\/"]}]},{"@type":"ImageObject","inLanguage":"es","@id":"https:\/\/fittslawfirm.com\/es\/areas-de-practica\/reclamaciones-de-seguros-denegadas\/#primaryimage","url":"https:\/\/fittslawfirm.com\/wp-content\/uploads\/2012\/07\/Denied-Insurance-Claims-1.jpg","contentUrl":"https:\/\/fittslawfirm.com\/wp-content\/uploads\/2012\/07\/Denied-Insurance-Claims-1.jpg","width":424,"height":283},{"@type":"BreadcrumbList","@id":"https:\/\/fittslawfirm.com\/es\/areas-de-practica\/reclamaciones-de-seguros-denegadas\/#breadcrumb","itemListElement":[{"@type":"ListItem","position":1,"name":"Home","item":"https:\/\/fittslawfirm.com\/es\/pagina-de-inicio\/"},{"@type":"ListItem","position":2,"name":"\u00c1reas de pr\u00e1ctica","item":"https:\/\/fittslawfirm.com\/es\/areas-de-practica\/"},{"@type":"ListItem","position":3,"name":"Reclamaciones de seguros denegadas"}]},{"@type":"WebSite","@id":"https:\/\/fittslawfirm.com\/#website","url":"https:\/\/fittslawfirm.com\/","name":"Fitts Law Firm","description":"Houston Texas Personal Injury and Insurance Attorney","publisher":{"@id":"https:\/\/fittslawfirm.com\/#organization"},"alternateName":"Houston Civil Litigation Firm","potentialAction":[{"@type":"SearchAction","target":{"@type":"EntryPoint","urlTemplate":"https:\/\/fittslawfirm.com\/?s={search_term_string}"},"query-input":{"@type":"PropertyValueSpecification","valueRequired":true,"valueName":"search_term_string"}}],"inLanguage":"es"},{"@type":"Organization","@id":"https:\/\/fittslawfirm.com\/#organization","name":"Fitts Law Firm","alternateName":"Houston Texas Personal Injury and Insurance Attorney","url":"https:\/\/fittslawfirm.com\/","logo":{"@type":"ImageObject","inLanguage":"es","@id":"https:\/\/fittslawfirm.com\/#\/schema\/logo\/image\/","url":"https:\/\/fittslawfirm.com\/wp-content\/uploads\/2023\/03\/Houston-Civil-Law-Firm.jpg","contentUrl":"https:\/\/fittslawfirm.com\/wp-content\/uploads\/2023\/03\/Houston-Civil-Law-Firm.jpg","width":300,"height":300,"caption":"Fitts Law Firm"},"image":{"@id":"https:\/\/fittslawfirm.com\/#\/schema\/logo\/image\/"},"sameAs":["https:\/\/www.facebook.com\/FittsLawFirm\/","https:\/\/www.youtube.com\/@fittslawfirm"]}]}},"_links":{"self":[{"href":"https:\/\/fittslawfirm.com\/es\/wp-json\/wp\/v2\/pages\/1368","targetHints":{"allow":["GET"]}}],"collection":[{"href":"https:\/\/fittslawfirm.com\/es\/wp-json\/wp\/v2\/pages"}],"about":[{"href":"https:\/\/fittslawfirm.com\/es\/wp-json\/wp\/v2\/types\/page"}],"author":[{"embeddable":true,"href":"https:\/\/fittslawfirm.com\/es\/wp-json\/wp\/v2\/users\/3"}],"replies":[{"embeddable":true,"href":"https:\/\/fittslawfirm.com\/es\/wp-json\/wp\/v2\/comments?post=1368"}],"version-history":[{"count":0,"href":"https:\/\/fittslawfirm.com\/es\/wp-json\/wp\/v2\/pages\/1368\/revisions"}],"up":[{"embeddable":true,"href":"https:\/\/fittslawfirm.com\/es\/wp-json\/wp\/v2\/pages\/1392"}],"wp:featuredmedia":[{"embeddable":true,"href":"https:\/\/fittslawfirm.com\/es\/wp-json\/wp\/v2\/media\/1284"}],"wp:attachment":[{"href":"https:\/\/fittslawfirm.com\/es\/wp-json\/wp\/v2\/media?parent=1368"}],"curies":[{"name":"wp","href":"https:\/\/api.w.org\/{rel}","templated":true}]}}