{"id":1364,"date":"2021-11-19T14:57:44","date_gmt":"2021-11-19T14:57:44","guid":{"rendered":"https:\/\/fittslawfirm.com\/pagina-de-inicio\/"},"modified":"2021-11-19T15:11:47","modified_gmt":"2021-11-19T15:11:47","slug":"pagina-de-inicio","status":"publish","type":"page","link":"https:\/\/fittslawfirm.com\/es\/","title":{"rendered":"P\u00e1gina de inicio"},"content":{"rendered":"<section class=\"wpb-content-wrapper\"><p>[vc_row margin_top=\u00bb-60&#8243;][vc_column][rev_slider_vc alias=\u00bbhps1&#8243;][\/vc_column][\/vc_row][vc_row row_type=\u00bbrow_full_center_content\u00bb bg_color=\u00bb#b5b5b5&#8243; margin_top=\u00bb-40&#8243; margin_bottom=\u00bb-40&#8243; padding_top=\u00bb25&#8243; padding_bottom=\u00bb10&#8243;][vc_column width=\u00bb2\/3&#8243;]\r\n\t<div class=\"custom-heading wpb_content_element \">\r\n\t\t<h2 class=\"heading-title\" >Free Consultations - Call Us Today 713-871-1670<\/h2>\r\n\t<\/div>[\/vc_column][vc_column width=\u00bb1\/3&#8243;][vc_btn title=\u00bbConozca al abogado Bryant Fitts\u00bb style=\u00bbcustom\u00bb custom_background=\u00bb#002d62&#8243; custom_text=\u00bb#ffffff\u00bb shape=\u00bbsquare\u00bb css_animation=\u00bbleft-to-right\u00bb link=\u00bburl:https%3A%2F%2Ffittslawfirm.com%2Fattorneys%2Fbryant-a-fitts%2F|\u00bb css=\u00bb.vc_custom_1516142978644{padding-top: 0px !important;padding-bottom: 0px !important;}\u00bb el_class=\u00bbbluTxt\u00bb][\/vc_column][\/vc_row][vc_row row_type=\u00bbrow_full_center_content\u00bb margin_top=\u00bb30px\u00bb][vc_column width=\u00bb2\/3&#8243;]\r\n\t<div class=\"custom-heading wpb_content_element \">\r\n\t\t<h2 class=\"heading-title\" >Put Our Experienced Attorneys to Work for You<\/h2>\r\n\t\t<span class=\"heading-line primary\"><\/span>\r\n\t<\/div>[vc_column_text]<iframe src=\"https:\/\/www.youtube.com\/embed\/_GOnXVKa7b0?rel=0\" width=\"560\" height=\"315\" frameborder=\"0\" allowfullscreen=\"allowfullscreen\"><\/iframe>[\/vc_column_text][vc_column_text css_animation=\u00bbbottom-to-top\u00bb]<b>\u00bfEst\u00e1 lidiando con un reclamo de seguro relacionado con Harvey? Podemos ayudar.<\/b><\/p>\n<p>\u00bfSu reclamaci\u00f3n de seguro ha sido denegada o mal pagada? Necesita un abogado de reclamos de seguros denegados para trabajar en su nombre y asegurar la compensaci\u00f3n que se merece. Las compa\u00f1\u00edas de seguros utilizar\u00e1n t\u00e1cticas para evitar, pagar menos y rechazar los reclamos de seguros. El bufete de abogados Fitts trabajar\u00e1 diligentemente para garantizar las indemnizaciones por da\u00f1os a las que pueda tener derecho.<\/p>\n<p>Si ha sido v\u00edctima de su compa\u00f1\u00eda de seguros, todav\u00eda tiene opciones disponibles. Las compa\u00f1\u00edas de seguros niegan habitualmente los reclamos para reducir sus costos. Examinaremos su p\u00f3liza, trataremos con la compa\u00f1\u00eda de seguros en su nombre e incluso llamaremos a otro inspector si es necesario. Los da\u00f1os causados \u200b\u200bpor tormentas, el viento, el granizo y otros da\u00f1os a la propiedad pueden generar gastos abrumadores. Usted pag\u00f3 sus primas; ellos deben pagar su reclamo. No sea v\u00edctima dos veces.<\/p>\n<p><strong>\u00bfDispositivo m\u00e9dico defectuoso? Llame hoy para explorar sus opciones<\/strong><\/p>\n<p>\u00bfEs usted una de las miles de personas que sufren a causa de un implante de malla vaginal, un filtro IVC o el f\u00e1rmaco Invokana? Usted puede tener derecho a una indemnizaci\u00f3n. Los riesgos para la salud y los da\u00f1os que causan han sido ampliamente documentados en los tribunales y por la FDA. Su salud es lo m\u00e1s importante que tiene. El bufete de abogados Fitts agotar\u00e1 todas las v\u00edas posibles para recuperar la m\u00e1xima cantidad de da\u00f1os posibles.<\/p>\n<p><b>No espere, llame ya. Le podemos ayudar.<\/b><\/p>\n<p>Los reclamos de seguros denegados y mal pagados, mallas transvaginales y cabestrillos defectuosos, reclamos de amputaci\u00f3n por Invokana y casos que involucran filtros IVC tienen su propio estatuto de limitaciones para la presentaci\u00f3n. Si duda demasiado, perder\u00e1 la oportunidad de recuperar sus p\u00e9rdidas. Comun\u00edquese con el bufete de abogados Fitts en Houston de inmediato para una consulta confidencial; presentaremos su reclamo antes de que se acabe el tiempo.[\/vc_column_text][\/vc_column][vc_column width=\u00bb1\/3&#8243;]\r\n\t<div class=\"custom-heading wpb_content_element \">\r\n\t\t<h2 class=\"heading-title\" >Practice Areas<\/h2>\r\n\t\t<span class=\"heading-line primary\"><\/span>\r\n\t<\/div>[vc_widget_sidebar sidebar_id=\u00bbsidebar-2&#8243;][\/vc_column][\/vc_row][vc_row row_type=\u00bbrow_full_center_content\u00bb bg_image=\u00bb778&#8243; bg_position=\u00bbcenter top\u00bb bg_size=\u00bbcover\u00bb][vc_column][vc_column_text css_animation=\u00bbright-to-left\u00bb]<\/p>\n<h3 class=\"H3white\">SIN CARGO HASTA QUE GANEMOS.<\/h3>\n<p>[\/vc_column_text][\/vc_column][\/vc_row][vc_row row_type=\u00bbrow_full_center_content\u00bb bg_image=\u00bb774&#8243;][vc_column width=\u00bb1\/2&#8243;]\r\n\t<div class=\"custom-heading wpb_content_element \">\r\n\t\t<h2 class=\"heading-title\"  style=\"color: #ffffff;\">Free Consultations<\/h2>\r\n\t\t<span class=\"heading-line primary\"><\/span>\r\n\t<\/div>[vc_column_text css_animation=\u00bbappear\u00bb]<span style=\"color: #ffffff;\">Si su compa\u00f1\u00eda de seguros le ha hecho da\u00f1o o ha sido v\u00edctima de medicamentos o pr\u00e1cticas m\u00e9dicas inseguras, ha experimentado suficiente dolor. Los abogados de Fitts Law Firm se tomar\u00e1n el tiempo para sentarse con usted, explorar su caso y explicarle las opciones disponibles.<\/span><br \/>\n<span style=\"color: #ffffff;\"><br \/>\nComencemos: cont\u00e1ctenos hoy para su consulta gratuita.<\/span>[\/vc_column_text][vc_column_text]<a href=\"https:\/\/www.bbb.org\/houston\/business-reviews\/attorneys-and-lawyers-insurance-law\/fitts-law-firm-pllc-in-houston-tx-90040927\/\" target=\"_blank\" rel=\"noopener noreferrer\"><img decoding=\"async\" class=\"alignnone size-full wp-image-790\" src=\"https:\/\/fittslawfirm.com\/wp-content\/uploads\/2016\/06\/State-Bar-of-Texas-Logo-1.png\" alt=\"State Bar of Texas\" width=\"169\" height=\"169\" srcset=\"https:\/\/fittslawfirm.com\/wp-content\/uploads\/2016\/06\/State-Bar-of-Texas-Logo-1.png 169w, https:\/\/fittslawfirm.com\/wp-content\/uploads\/2016\/06\/State-Bar-of-Texas-Logo-1-150x150.png 150w\" sizes=\"(max-width: 169px) 100vw, 169px\" \/><img decoding=\"async\" class=\"alignnone wp-image-792 size-full\" src=\"https:\/\/fittslawfirm.com\/wp-content\/uploads\/2016\/06\/bbb-accredited-business-logo-1.png\" alt=\"BBB Accredited business\" width=\"215\" height=\"57\" \/><\/a>[\/vc_column_text][\/vc_column][vc_column width=\u00bb1\/2&#8243;]\r\n\t<div class=\"custom-heading wpb_content_element \">\r\n\t\t<h2 class=\"heading-title\"  style=\"color: #ffffff;\">Tell Us About Your Case?<\/h2>\r\n\t\t<span class=\"heading-line primary\"><\/span>\r\n\t<\/div>\n<div class=\"wpcf7 no-js\" id=\"wpcf7-f639-o1\" lang=\"en-US\" dir=\"ltr\" data-wpcf7-id=\"639\">\n<div class=\"screen-reader-response\"><p role=\"status\" aria-live=\"polite\" aria-atomic=\"true\"><\/p> <ul><\/ul><\/div>\n<form action=\"\/es\/wp-json\/wp\/v2\/pages\/1364#wpcf7-f639-o1\" method=\"post\" class=\"wpcf7-form init\" aria-label=\"Contact form\" novalidate=\"novalidate\" data-status=\"init\">\n<fieldset class=\"hidden-fields-container\"><input type=\"hidden\" name=\"_wpcf7\" value=\"639\" \/><input type=\"hidden\" name=\"_wpcf7_version\" value=\"6.1.5\" \/><input type=\"hidden\" name=\"_wpcf7_locale\" value=\"en_US\" \/><input type=\"hidden\" name=\"_wpcf7_unit_tag\" value=\"wpcf7-f639-o1\" \/><input type=\"hidden\" name=\"_wpcf7_container_post\" value=\"0\" \/><input type=\"hidden\" name=\"_wpcf7_posted_data_hash\" value=\"\" \/><input type=\"hidden\" name=\"_wpcf7_recaptcha_response\" value=\"\" \/>\n<\/fieldset>\n<div class=\"form_1_2\">\n\t<p><span class=\"wpcf7-form-control-wrap\" data-name=\"first-name\"><input size=\"40\" maxlength=\"400\" class=\"wpcf7-form-control wpcf7-text wpcf7-validates-as-required\" aria-required=\"true\" aria-invalid=\"false\" placeholder=\"First Name *\" value=\"\" type=\"text\" name=\"first-name\" \/><\/span>\n\t<\/p>\n<\/div>\n<div class=\"form_1_2 last\">\n\t<p><span class=\"wpcf7-form-control-wrap\" data-name=\"last-name\"><input size=\"40\" maxlength=\"400\" class=\"wpcf7-form-control wpcf7-text wpcf7-validates-as-required\" aria-required=\"true\" aria-invalid=\"false\" placeholder=\"Last Name *\" value=\"\" type=\"text\" name=\"last-name\" \/><\/span>\n\t<\/p>\n<\/div>\n<div class=\"clear\">\n<\/div>\n<div class=\"form_1_2\">\n\t<p><span class=\"wpcf7-form-control-wrap\" data-name=\"your-email\"><input size=\"40\" maxlength=\"400\" class=\"wpcf7-form-control wpcf7-email wpcf7-validates-as-required wpcf7-text wpcf7-validates-as-email\" aria-required=\"true\" aria-invalid=\"false\" placeholder=\"Your Email *\" value=\"\" type=\"email\" name=\"your-email\" \/><\/span>\n\t<\/p>\n<\/div>\n<div class=\"form_1_2 last\">\n\t<p><span class=\"wpcf7-form-control-wrap\" data-name=\"tel-879\"><input size=\"40\" maxlength=\"400\" class=\"wpcf7-form-control wpcf7-tel wpcf7-validates-as-required wpcf7-text wpcf7-validates-as-tel\" aria-required=\"true\" aria-invalid=\"false\" placeholder=\"Your Phone Number *\" value=\"\" type=\"tel\" name=\"tel-879\" \/><\/span>\n\t<\/p>\n<\/div>\n<div class=\"clear\">\n<\/div>\n<p><span class=\"wpcf7-form-control-wrap\" data-name=\"case-details\"><textarea cols=\"40\" rows=\"10\" maxlength=\"2000\" class=\"wpcf7-form-control wpcf7-textarea\" aria-invalid=\"false\" placeholder=\"Case Details\" name=\"case-details\"><\/textarea><\/span>\n<\/p>\n<p><input class=\"wpcf7-form-control wpcf7-submit has-spinner btn btn-large btn-secondary\" type=\"submit\" value=\"Submit Evaluation\" \/>\n<\/p><div class=\"wpcf7-response-output\" aria-hidden=\"true\"><\/div>\n<\/form>\n<\/div>\n[\/vc_column][\/vc_row][vc_row row_type=\u00bbrow_full_center_content\u00bb][vc_column]\r\n\t<div class=\"custom-heading wpb_content_element \">\r\n\t\t<h2 class=\"heading-title\" >Houston Litigation Lawyer<\/h2>\r\n\t\t<span class=\"heading-line primary\"><\/span>\r\n\t<\/div>[\/vc_column][\/vc_row][vc_row row_type=\u00bbrow_full_center_content\u00bb][vc_column][vc_masonry_grid post_type=\u00bbids\u00bb item=\u00bb886&#8243; initial_loading_animation=\u00bbfadeIn\u00bb grid_id=\u00bbvc_gid:1563399481604-b0628da9-c79f-4&#8243; include=\u00bb646, 690, 692, 47, 492, 109&#8243;][\/vc_column][\/vc_row]<\/p>\n<\/section>","protected":false},"excerpt":{"rendered":"<p>[vc_row margin_top=\u00bb-60&#8243;][vc_column][rev_slider_vc alias=\u00bbhps1&#8243;][\/vc_column][\/vc_row][vc_row row_type=\u00bbrow_full_center_content\u00bb bg_color=\u00bb#b5b5b5&#8243; margin_top=\u00bb-40&#8243; margin_bottom=\u00bb-40&#8243; padding_top=\u00bb25&#8243; padding_bottom=\u00bb10&#8243;][vc_column width=\u00bb2\/3&#8243;][\/vc_column][vc_column width=\u00bb1\/3&#8243;][vc_btn title=\u00bbConozca al abogado Bryant Fitts\u00bb style=\u00bbcustom\u00bb custom_background=\u00bb#002d62&#8243; custom_text=\u00bb#ffffff\u00bb shape=\u00bbsquare\u00bb &#8230;<\/p>\n","protected":false},"author":6,"featured_media":0,"parent":0,"menu_order":0,"comment_status":"closed","ping_status":"closed","template":"","meta":{"footnotes":""},"class_list":["post-1364","page","type-page","status-publish","hentry"],"yoast_head":"<!-- This site is optimized with the Yoast SEO plugin v27.5 - https:\/\/yoast.com\/product\/yoast-seo-wordpress\/ -->\n<title>Abogados litigantes con experiencia en Houston | Bufete de abogados Fitts, PLLC<\/title>\n<meta name=\"description\" content=\"Trabaje con los mejores abogados litigantes de Houston. Podemos ayudarlo si le han negado un reclamo de cualquier agencia de seguros, ll\u00e1menos hoy para una evaluaci\u00f3n gratuita de su caso\" \/>\n<meta name=\"robots\" content=\"index, follow, max-snippet:-1, max-image-preview:large, max-video-preview:-1\" \/>\n<link rel=\"canonical\" href=\"https:\/\/fittslawfirm.com\/es\/pagina-de-inicio\/\" \/>\n<meta property=\"og:locale\" content=\"es_ES\" \/>\n<meta property=\"og:type\" content=\"article\" \/>\n<meta property=\"og:title\" content=\"Abogados litigantes con experiencia en Houston | Bufete de abogados Fitts, PLLC\" \/>\n<meta property=\"og:description\" content=\"Trabaje con los mejores abogados litigantes de Houston. Podemos ayudarlo si le han negado un reclamo de cualquier agencia de seguros, ll\u00e1menos hoy para una evaluaci\u00f3n gratuita de su caso\" \/>\n<meta property=\"og:url\" content=\"https:\/\/fittslawfirm.com\/es\/pagina-de-inicio\/\" \/>\n<meta property=\"og:site_name\" content=\"Fitts Law Firm\" \/>\n<meta property=\"article:publisher\" content=\"https:\/\/www.facebook.com\/FittsLawFirm\/\" \/>\n<meta property=\"article:modified_time\" content=\"2021-11-19T15:11:47+00:00\" \/>\n<meta property=\"og:image\" content=\"https:\/\/fittslawfirm.com\/wp-content\/uploads\/2016\/06\/State-Bar-of-Texas-Logo-1.png\" \/>\n<meta name=\"twitter:card\" content=\"summary_large_image\" \/>\n<meta name=\"twitter:label1\" content=\"Tiempo de lectura\" \/>\n\t<meta name=\"twitter:data1\" content=\"4 minutos\" \/>\n<script type=\"application\/ld+json\" class=\"yoast-schema-graph\">{\"@context\":\"https:\\\/\\\/schema.org\",\"@graph\":[{\"@type\":\"WebPage\",\"@id\":\"https:\\\/\\\/fittslawfirm.com\\\/es\\\/pagina-de-inicio\\\/\",\"url\":\"https:\\\/\\\/fittslawfirm.com\\\/es\\\/pagina-de-inicio\\\/\",\"name\":\"Abogados litigantes con experiencia en Houston | Bufete de abogados Fitts, PLLC\",\"isPartOf\":{\"@id\":\"https:\\\/\\\/fittslawfirm.com\\\/#website\"},\"primaryImageOfPage\":{\"@id\":\"https:\\\/\\\/fittslawfirm.com\\\/es\\\/pagina-de-inicio\\\/#primaryimage\"},\"image\":{\"@id\":\"https:\\\/\\\/fittslawfirm.com\\\/es\\\/pagina-de-inicio\\\/#primaryimage\"},\"thumbnailUrl\":\"https:\\\/\\\/fittslawfirm.com\\\/wp-content\\\/uploads\\\/2016\\\/06\\\/State-Bar-of-Texas-Logo-1.png\",\"datePublished\":\"2021-11-19T14:57:44+00:00\",\"dateModified\":\"2021-11-19T15:11:47+00:00\",\"description\":\"Trabaje con los mejores abogados litigantes de Houston. Podemos ayudarlo si le han negado un reclamo de cualquier agencia de seguros, ll\u00e1menos hoy para una evaluaci\u00f3n gratuita de su caso\",\"breadcrumb\":{\"@id\":\"https:\\\/\\\/fittslawfirm.com\\\/es\\\/pagina-de-inicio\\\/#breadcrumb\"},\"inLanguage\":\"es\",\"potentialAction\":[{\"@type\":\"ReadAction\",\"target\":[\"https:\\\/\\\/fittslawfirm.com\\\/es\\\/pagina-de-inicio\\\/\"]}]},{\"@type\":\"ImageObject\",\"inLanguage\":\"es\",\"@id\":\"https:\\\/\\\/fittslawfirm.com\\\/es\\\/pagina-de-inicio\\\/#primaryimage\",\"url\":\"https:\\\/\\\/fittslawfirm.com\\\/wp-content\\\/uploads\\\/2016\\\/06\\\/State-Bar-of-Texas-Logo-1.png\",\"contentUrl\":\"https:\\\/\\\/fittslawfirm.com\\\/wp-content\\\/uploads\\\/2016\\\/06\\\/State-Bar-of-Texas-Logo-1.png\"},{\"@type\":\"BreadcrumbList\",\"@id\":\"https:\\\/\\\/fittslawfirm.com\\\/es\\\/pagina-de-inicio\\\/#breadcrumb\",\"itemListElement\":[{\"@type\":\"ListItem\",\"position\":1,\"name\":\"Home\",\"item\":\"https:\\\/\\\/fittslawfirm.com\\\/es\\\/pagina-de-inicio\\\/\"},{\"@type\":\"ListItem\",\"position\":2,\"name\":\"P\u00e1gina de inicio\"}]},{\"@type\":\"WebSite\",\"@id\":\"https:\\\/\\\/fittslawfirm.com\\\/#website\",\"url\":\"https:\\\/\\\/fittslawfirm.com\\\/\",\"name\":\"Fitts Law Firm\",\"description\":\"Houston Texas Personal Injury and Insurance Attorney\",\"publisher\":{\"@id\":\"https:\\\/\\\/fittslawfirm.com\\\/#organization\"},\"alternateName\":\"Houston Civil Litigation Firm\",\"potentialAction\":[{\"@type\":\"SearchAction\",\"target\":{\"@type\":\"EntryPoint\",\"urlTemplate\":\"https:\\\/\\\/fittslawfirm.com\\\/?s={search_term_string}\"},\"query-input\":{\"@type\":\"PropertyValueSpecification\",\"valueRequired\":true,\"valueName\":\"search_term_string\"}}],\"inLanguage\":\"es\"},{\"@type\":\"Organization\",\"@id\":\"https:\\\/\\\/fittslawfirm.com\\\/#organization\",\"name\":\"Fitts Law Firm\",\"alternateName\":\"Houston Texas Personal Injury and Insurance Attorney\",\"url\":\"https:\\\/\\\/fittslawfirm.com\\\/\",\"logo\":{\"@type\":\"ImageObject\",\"inLanguage\":\"es\",\"@id\":\"https:\\\/\\\/fittslawfirm.com\\\/#\\\/schema\\\/logo\\\/image\\\/\",\"url\":\"https:\\\/\\\/fittslawfirm.com\\\/wp-content\\\/uploads\\\/2023\\\/03\\\/Houston-Civil-Law-Firm.jpg\",\"contentUrl\":\"https:\\\/\\\/fittslawfirm.com\\\/wp-content\\\/uploads\\\/2023\\\/03\\\/Houston-Civil-Law-Firm.jpg\",\"width\":300,\"height\":300,\"caption\":\"Fitts Law Firm\"},\"image\":{\"@id\":\"https:\\\/\\\/fittslawfirm.com\\\/#\\\/schema\\\/logo\\\/image\\\/\"},\"sameAs\":[\"https:\\\/\\\/www.facebook.com\\\/FittsLawFirm\\\/\",\"https:\\\/\\\/www.youtube.com\\\/@fittslawfirm\"]}]}<\/script>\n<!-- \/ Yoast SEO plugin. -->","yoast_head_json":{"title":"Abogados litigantes con experiencia en Houston | Bufete de abogados Fitts, PLLC","description":"Trabaje con los mejores abogados litigantes de Houston. Podemos ayudarlo si le han negado un reclamo de cualquier agencia de seguros, ll\u00e1menos hoy para una evaluaci\u00f3n gratuita de su caso","robots":{"index":"index","follow":"follow","max-snippet":"max-snippet:-1","max-image-preview":"max-image-preview:large","max-video-preview":"max-video-preview:-1"},"canonical":"https:\/\/fittslawfirm.com\/es\/pagina-de-inicio\/","og_locale":"es_ES","og_type":"article","og_title":"Abogados litigantes con experiencia en Houston | Bufete de abogados Fitts, PLLC","og_description":"Trabaje con los mejores abogados litigantes de Houston. Podemos ayudarlo si le han negado un reclamo de cualquier agencia de seguros, ll\u00e1menos hoy para una evaluaci\u00f3n gratuita de su caso","og_url":"https:\/\/fittslawfirm.com\/es\/pagina-de-inicio\/","og_site_name":"Fitts Law Firm","article_publisher":"https:\/\/www.facebook.com\/FittsLawFirm\/","article_modified_time":"2021-11-19T15:11:47+00:00","og_image":[{"url":"https:\/\/fittslawfirm.com\/wp-content\/uploads\/2016\/06\/State-Bar-of-Texas-Logo-1.png","type":"","width":"","height":""}],"twitter_card":"summary_large_image","twitter_misc":{"Tiempo de lectura":"4 minutos"},"schema":{"@context":"https:\/\/schema.org","@graph":[{"@type":"WebPage","@id":"https:\/\/fittslawfirm.com\/es\/pagina-de-inicio\/","url":"https:\/\/fittslawfirm.com\/es\/pagina-de-inicio\/","name":"Abogados litigantes con experiencia en Houston | Bufete de abogados Fitts, PLLC","isPartOf":{"@id":"https:\/\/fittslawfirm.com\/#website"},"primaryImageOfPage":{"@id":"https:\/\/fittslawfirm.com\/es\/pagina-de-inicio\/#primaryimage"},"image":{"@id":"https:\/\/fittslawfirm.com\/es\/pagina-de-inicio\/#primaryimage"},"thumbnailUrl":"https:\/\/fittslawfirm.com\/wp-content\/uploads\/2016\/06\/State-Bar-of-Texas-Logo-1.png","datePublished":"2021-11-19T14:57:44+00:00","dateModified":"2021-11-19T15:11:47+00:00","description":"Trabaje con los mejores abogados litigantes de Houston. Podemos ayudarlo si le han negado un reclamo de cualquier agencia de seguros, ll\u00e1menos hoy para una evaluaci\u00f3n gratuita de su caso","breadcrumb":{"@id":"https:\/\/fittslawfirm.com\/es\/pagina-de-inicio\/#breadcrumb"},"inLanguage":"es","potentialAction":[{"@type":"ReadAction","target":["https:\/\/fittslawfirm.com\/es\/pagina-de-inicio\/"]}]},{"@type":"ImageObject","inLanguage":"es","@id":"https:\/\/fittslawfirm.com\/es\/pagina-de-inicio\/#primaryimage","url":"https:\/\/fittslawfirm.com\/wp-content\/uploads\/2016\/06\/State-Bar-of-Texas-Logo-1.png","contentUrl":"https:\/\/fittslawfirm.com\/wp-content\/uploads\/2016\/06\/State-Bar-of-Texas-Logo-1.png"},{"@type":"BreadcrumbList","@id":"https:\/\/fittslawfirm.com\/es\/pagina-de-inicio\/#breadcrumb","itemListElement":[{"@type":"ListItem","position":1,"name":"Home","item":"https:\/\/fittslawfirm.com\/es\/pagina-de-inicio\/"},{"@type":"ListItem","position":2,"name":"P\u00e1gina de inicio"}]},{"@type":"WebSite","@id":"https:\/\/fittslawfirm.com\/#website","url":"https:\/\/fittslawfirm.com\/","name":"Fitts Law Firm","description":"Houston Texas Personal Injury and Insurance Attorney","publisher":{"@id":"https:\/\/fittslawfirm.com\/#organization"},"alternateName":"Houston Civil Litigation Firm","potentialAction":[{"@type":"SearchAction","target":{"@type":"EntryPoint","urlTemplate":"https:\/\/fittslawfirm.com\/?s={search_term_string}"},"query-input":{"@type":"PropertyValueSpecification","valueRequired":true,"valueName":"search_term_string"}}],"inLanguage":"es"},{"@type":"Organization","@id":"https:\/\/fittslawfirm.com\/#organization","name":"Fitts Law Firm","alternateName":"Houston Texas Personal Injury and Insurance Attorney","url":"https:\/\/fittslawfirm.com\/","logo":{"@type":"ImageObject","inLanguage":"es","@id":"https:\/\/fittslawfirm.com\/#\/schema\/logo\/image\/","url":"https:\/\/fittslawfirm.com\/wp-content\/uploads\/2023\/03\/Houston-Civil-Law-Firm.jpg","contentUrl":"https:\/\/fittslawfirm.com\/wp-content\/uploads\/2023\/03\/Houston-Civil-Law-Firm.jpg","width":300,"height":300,"caption":"Fitts Law Firm"},"image":{"@id":"https:\/\/fittslawfirm.com\/#\/schema\/logo\/image\/"},"sameAs":["https:\/\/www.facebook.com\/FittsLawFirm\/","https:\/\/www.youtube.com\/@fittslawfirm"]}]}},"_links":{"self":[{"href":"https:\/\/fittslawfirm.com\/es\/wp-json\/wp\/v2\/pages\/1364","targetHints":{"allow":["GET"]}}],"collection":[{"href":"https:\/\/fittslawfirm.com\/es\/wp-json\/wp\/v2\/pages"}],"about":[{"href":"https:\/\/fittslawfirm.com\/es\/wp-json\/wp\/v2\/types\/page"}],"author":[{"embeddable":true,"href":"https:\/\/fittslawfirm.com\/es\/wp-json\/wp\/v2\/users\/6"}],"replies":[{"embeddable":true,"href":"https:\/\/fittslawfirm.com\/es\/wp-json\/wp\/v2\/comments?post=1364"}],"version-history":[{"count":0,"href":"https:\/\/fittslawfirm.com\/es\/wp-json\/wp\/v2\/pages\/1364\/revisions"}],"wp:attachment":[{"href":"https:\/\/fittslawfirm.com\/es\/wp-json\/wp\/v2\/media?parent=1364"}],"curies":[{"name":"wp","href":"https:\/\/api.w.org\/{rel}","templated":true}]}}