{"id":1317,"date":"2020-01-24T15:21:21","date_gmt":"2020-01-24T15:21:21","guid":{"rendered":"https:\/\/fittslawfirm.com\/?page_id=1317"},"modified":"2021-12-01T19:16:42","modified_gmt":"2021-12-01T19:16:42","slug":"waston-grinding-and-manufacturing-explosion-information-houston-texas","status":"publish","type":"page","link":"https:\/\/fittslawfirm.com\/es\/waston-grinding-and-manufacturing-explosion-information-houston-texas\/","title":{"rendered":"Beca del Bufete de Abogados Fitts para los afectados por huracanes"},"content":{"rendered":"<p>El Bufete de Abogados Fitts ofrece una beca de $ 500 a los estudiantes afectados por desastres naturales que hayan estado matriculados en una universidad de 4 a\u00f1os durante la primavera de 2019. Se dar\u00e1 preferencia a los residentes de Texas y a los afectados por <a href=\"https:\/\/fittslawfirm.com\/es\/informacion-de-harvey\/\">el hurac\u00e1n Harvey<\/a> , sin embargo, otros podr\u00e1n presentar su solicitud.<\/p>\n<h2>Referente a la beca<\/h2>\n<p>Para participar en el concurso de becas, los solicitantes deber\u00e1n escribir un ensayo de 600 palabras que responda al siguiente tema:<br \/>\n<strong><br \/>\n<em>\u00abLos desastres naturales pueden tener efectos devastadores en las personas involucradas y en sus seres queridos. Describa c\u00f3mo un desastre natural ha impactado su vida, qu\u00e9 hizo para superar sus impactos y qu\u00e9 cambios hizo para asegurarse de estar m\u00e1s preparado para futuros desastres naturales\u00bb.<\/em><\/strong><\/p>\n<h2>Requisitos de elegibilidad<\/h2>\n<p>Los solicitantes deber\u00e1n estar inscritos en una facultad, universidad o facultad de derecho acreditada en los Estados Unidos durante la primavera de 2019. Esto incluye a estudiantes de \u00faltimo a\u00f1o de bachillerato, estudiantes universitarios actuales y estudiantes de derecho. Los solicitantes tambi\u00e9n deber\u00e1n cumplir con todos los requisitos que se indican a continuaci\u00f3n.<\/p>\n<h2>Procedimiento de env\u00edo de ensayos<\/h2>\n<p>Aquellos que deseen participar deber\u00e1n enviar su ensayo como archivo adjunto al siguiente correo electr\u00f3nico: <a href=\"mailto:fittslawfirm@lawfirmscholarships.com\">fittslawfirm@lawfirmscholarships.com<\/a> antes del 30 de octubre de 2018 a las 9 a.m. CT. En el cuerpo del correo electr\u00f3nico, los solicitantes deber\u00e1n incluir la siguiente informaci\u00f3n:<\/p>\n<ul>\n<li>Su nombre y n\u00famero de tel\u00e9fono<\/li>\n<li>En caso de ser menor de 18 a\u00f1os, incluir la informaci\u00f3n de contacto de sus padres<\/li>\n<li>El nombre de la escuela a la que asiste o planea asistir<\/li>\n<li>Su curso de estudio actual o futuro<\/li>\n<li>La mejor forma de contactarle<\/li>\n<\/ul>\n<p>Tenga en cuenta que no consideraremos ninguna solicitud que no se env\u00ede a esa direcci\u00f3n de correo electr\u00f3nico. Escriba sobre la l\u00ednea de asunto de su solicitud de beca: <strong>Solicitud de beca de hurac\u00e1n del bufete de abogados Fitts<\/strong>. Una vez finalizado el per\u00edodo de solicitud, nuestro comit\u00e9 de becas revisar\u00e1 los ensayos. Se elegir\u00e1 un ganador antes del 15 de noviembre de 2018. El ganador ser\u00e1 elegido considerando los siguientes factores:<\/p>\n<ul>\n<li>Originalidad<\/li>\n<li>Impacto del desastre<\/li>\n<li>Creatividad<\/li>\n<\/ul>\n<p><em>La beca se otorgar\u00e1 directamente a la universidad elegida por el ganador.<\/em><\/p>\n<p>Toda la informaci\u00f3n personal recopilada de los solicitantes de becas se utilizar\u00e1 solo con el fin de otorgar la beca. No se vender\u00e1, distribuir\u00e1 ni proporcionar\u00e1 informaci\u00f3n personal a terceros.<\/p>\n<p>Al enviar su ensayo, est\u00e1 dando permiso para que <a href=\"https:\/\/fittslawfirm.com\/es\/?p=1423\">El Bufete de abogados Fitts<\/a> use su nombre o ensayo en nuestro sitio web y otros canales de redes sociales. Solo se seleccionar\u00e1 un ganador. En caso de que el ganador no responda a la notificaci\u00f3n dentro de los pr\u00f3ximos 7 d\u00edas h\u00e1biles, el premio del ganador se perder\u00e1 y se seleccionar\u00e1 un nuevo ganador. La beca se emitir\u00e1 a nombre de un colegio o universidad acreditada de la elecci\u00f3n del ganador y podr\u00e1 ser utilizada para cubrir cualquier tarifa o gasto asociado con la educaci\u00f3n del ganador.<\/p>\n<h2>\u00bfTiene preguntas?<\/h2>\n<p>No utilice el chat en vivo del sitio web, el formulario de contacto ni llame al bufete de abogados Fitts para preguntas relacionadas con becas. Dirija sus preguntas a <a href=\"mailto:fittslawfirm@lawfirmscholarships.com\">fittslawfirm@lawfirmscholarships.com<\/a> Gracias por su cooperaci\u00f3n.<\/p>\n","protected":false},"excerpt":{"rendered":"<p>El Bufete de Abogados Fitts ofrece una beca de $ 500 a los estudiantes afectados por desastres naturales que hayan &#8230;<\/p>\n","protected":false},"author":2,"featured_media":0,"parent":0,"menu_order":0,"comment_status":"closed","ping_status":"closed","template":"","meta":{"footnotes":""},"class_list":["post-1317","page","type-page","status-publish","hentry"],"yoast_head":"<!-- This site is optimized with the Yoast SEO plugin v27.5 - https:\/\/yoast.com\/product\/yoast-seo-wordpress\/ -->\n<title>Beca del Bufete de Abogados Fitts para los afectados por huracanes<\/title>\n<meta name=\"description\" content=\"El Bufete de Abogados Fitts ofrece una beca de $ 500 a los estudiantes afectados por desastres naturales que hayan estado matriculados en una universidad de 4 a\u00f1os durante la primavera de 2019.\" \/>\n<meta name=\"robots\" content=\"index, follow, max-snippet:-1, max-image-preview:large, max-video-preview:-1\" \/>\n<link rel=\"canonical\" href=\"https:\/\/fittslawfirm.com\/es\/waston-grinding-and-manufacturing-explosion-information-houston-texas\/\" \/>\n<meta property=\"og:locale\" content=\"es_ES\" \/>\n<meta property=\"og:type\" content=\"article\" \/>\n<meta property=\"og:title\" content=\"Beca del Bufete de Abogados Fitts para los afectados por huracanes\" \/>\n<meta property=\"og:description\" content=\"El Bufete de Abogados Fitts ofrece una beca de $ 500 a los estudiantes afectados por desastres naturales que hayan estado matriculados en una universidad de 4 a\u00f1os durante la primavera de 2019.\" \/>\n<meta property=\"og:url\" content=\"https:\/\/fittslawfirm.com\/es\/waston-grinding-and-manufacturing-explosion-information-houston-texas\/\" \/>\n<meta property=\"og:site_name\" content=\"Fitts Law Firm\" \/>\n<meta property=\"article:publisher\" content=\"https:\/\/www.facebook.com\/FittsLawFirm\/\" \/>\n<meta property=\"article:modified_time\" content=\"2021-12-01T19:16:42+00:00\" \/>\n<meta property=\"og:image\" content=\"https:\/\/fittslawfirm.com\/wp-content\/uploads\/2023\/03\/Houston-civil-litigation-firm-banner.jpg\" \/>\n\t<meta property=\"og:image:width\" content=\"1200\" \/>\n\t<meta property=\"og:image:height\" content=\"583\" \/>\n\t<meta property=\"og:image:type\" content=\"image\/jpeg\" \/>\n<meta name=\"twitter:card\" content=\"summary_large_image\" \/>\n<meta name=\"twitter:label1\" content=\"Tiempo de lectura\" \/>\n\t<meta name=\"twitter:data1\" content=\"3 minutos\" \/>\n<script type=\"application\/ld+json\" class=\"yoast-schema-graph\">{\"@context\":\"https:\\\/\\\/schema.org\",\"@graph\":[{\"@type\":\"WebPage\",\"@id\":\"https:\\\/\\\/fittslawfirm.com\\\/es\\\/waston-grinding-and-manufacturing-explosion-information-houston-texas\\\/\",\"url\":\"https:\\\/\\\/fittslawfirm.com\\\/es\\\/waston-grinding-and-manufacturing-explosion-information-houston-texas\\\/\",\"name\":\"Beca del Bufete de Abogados Fitts para los afectados por huracanes\",\"isPartOf\":{\"@id\":\"https:\\\/\\\/fittslawfirm.com\\\/#website\"},\"datePublished\":\"2020-01-24T15:21:21+00:00\",\"dateModified\":\"2021-12-01T19:16:42+00:00\",\"description\":\"El Bufete de Abogados Fitts ofrece una beca de $ 500 a los estudiantes afectados por desastres naturales que hayan estado matriculados en una universidad de 4 a\u00f1os durante la primavera de 2019.\",\"breadcrumb\":{\"@id\":\"https:\\\/\\\/fittslawfirm.com\\\/es\\\/waston-grinding-and-manufacturing-explosion-information-houston-texas\\\/#breadcrumb\"},\"inLanguage\":\"es\",\"potentialAction\":[{\"@type\":\"ReadAction\",\"target\":[\"https:\\\/\\\/fittslawfirm.com\\\/es\\\/waston-grinding-and-manufacturing-explosion-information-houston-texas\\\/\"]}]},{\"@type\":\"BreadcrumbList\",\"@id\":\"https:\\\/\\\/fittslawfirm.com\\\/es\\\/waston-grinding-and-manufacturing-explosion-information-houston-texas\\\/#breadcrumb\",\"itemListElement\":[{\"@type\":\"ListItem\",\"position\":1,\"name\":\"Home\",\"item\":\"https:\\\/\\\/fittslawfirm.com\\\/es\\\/pagina-de-inicio\\\/\"},{\"@type\":\"ListItem\",\"position\":2,\"name\":\"Beca del Bufete de Abogados Fitts para los afectados por huracanes\"}]},{\"@type\":\"WebSite\",\"@id\":\"https:\\\/\\\/fittslawfirm.com\\\/#website\",\"url\":\"https:\\\/\\\/fittslawfirm.com\\\/\",\"name\":\"Fitts Law Firm\",\"description\":\"Houston Texas Personal Injury and Insurance Attorney\",\"publisher\":{\"@id\":\"https:\\\/\\\/fittslawfirm.com\\\/#organization\"},\"alternateName\":\"Houston Civil Litigation Firm\",\"potentialAction\":[{\"@type\":\"SearchAction\",\"target\":{\"@type\":\"EntryPoint\",\"urlTemplate\":\"https:\\\/\\\/fittslawfirm.com\\\/?s={search_term_string}\"},\"query-input\":{\"@type\":\"PropertyValueSpecification\",\"valueRequired\":true,\"valueName\":\"search_term_string\"}}],\"inLanguage\":\"es\"},{\"@type\":\"Organization\",\"@id\":\"https:\\\/\\\/fittslawfirm.com\\\/#organization\",\"name\":\"Fitts Law Firm\",\"alternateName\":\"Houston Texas Personal Injury and Insurance Attorney\",\"url\":\"https:\\\/\\\/fittslawfirm.com\\\/\",\"logo\":{\"@type\":\"ImageObject\",\"inLanguage\":\"es\",\"@id\":\"https:\\\/\\\/fittslawfirm.com\\\/#\\\/schema\\\/logo\\\/image\\\/\",\"url\":\"https:\\\/\\\/fittslawfirm.com\\\/wp-content\\\/uploads\\\/2023\\\/03\\\/Houston-Civil-Law-Firm.jpg\",\"contentUrl\":\"https:\\\/\\\/fittslawfirm.com\\\/wp-content\\\/uploads\\\/2023\\\/03\\\/Houston-Civil-Law-Firm.jpg\",\"width\":300,\"height\":300,\"caption\":\"Fitts Law Firm\"},\"image\":{\"@id\":\"https:\\\/\\\/fittslawfirm.com\\\/#\\\/schema\\\/logo\\\/image\\\/\"},\"sameAs\":[\"https:\\\/\\\/www.facebook.com\\\/FittsLawFirm\\\/\",\"https:\\\/\\\/www.youtube.com\\\/@fittslawfirm\"]}]}<\/script>\n<!-- \/ Yoast SEO plugin. -->","yoast_head_json":{"title":"Beca del Bufete de Abogados Fitts para los afectados por huracanes","description":"El Bufete de Abogados Fitts ofrece una beca de $ 500 a los estudiantes afectados por desastres naturales que hayan estado matriculados en una universidad de 4 a\u00f1os durante la primavera de 2019.","robots":{"index":"index","follow":"follow","max-snippet":"max-snippet:-1","max-image-preview":"max-image-preview:large","max-video-preview":"max-video-preview:-1"},"canonical":"https:\/\/fittslawfirm.com\/es\/waston-grinding-and-manufacturing-explosion-information-houston-texas\/","og_locale":"es_ES","og_type":"article","og_title":"Beca del Bufete de Abogados Fitts para los afectados por huracanes","og_description":"El Bufete de Abogados Fitts ofrece una beca de $ 500 a los estudiantes afectados por desastres naturales que hayan estado matriculados en una universidad de 4 a\u00f1os durante la primavera de 2019.","og_url":"https:\/\/fittslawfirm.com\/es\/waston-grinding-and-manufacturing-explosion-information-houston-texas\/","og_site_name":"Fitts Law Firm","article_publisher":"https:\/\/www.facebook.com\/FittsLawFirm\/","article_modified_time":"2021-12-01T19:16:42+00:00","og_image":[{"width":1200,"height":583,"url":"https:\/\/fittslawfirm.com\/wp-content\/uploads\/2023\/03\/Houston-civil-litigation-firm-banner.jpg","type":"image\/jpeg"}],"twitter_card":"summary_large_image","twitter_misc":{"Tiempo de lectura":"3 minutos"},"schema":{"@context":"https:\/\/schema.org","@graph":[{"@type":"WebPage","@id":"https:\/\/fittslawfirm.com\/es\/waston-grinding-and-manufacturing-explosion-information-houston-texas\/","url":"https:\/\/fittslawfirm.com\/es\/waston-grinding-and-manufacturing-explosion-information-houston-texas\/","name":"Beca del Bufete de Abogados Fitts para los afectados por huracanes","isPartOf":{"@id":"https:\/\/fittslawfirm.com\/#website"},"datePublished":"2020-01-24T15:21:21+00:00","dateModified":"2021-12-01T19:16:42+00:00","description":"El Bufete de Abogados Fitts ofrece una beca de $ 500 a los estudiantes afectados por desastres naturales que hayan estado matriculados en una universidad de 4 a\u00f1os durante la primavera de 2019.","breadcrumb":{"@id":"https:\/\/fittslawfirm.com\/es\/waston-grinding-and-manufacturing-explosion-information-houston-texas\/#breadcrumb"},"inLanguage":"es","potentialAction":[{"@type":"ReadAction","target":["https:\/\/fittslawfirm.com\/es\/waston-grinding-and-manufacturing-explosion-information-houston-texas\/"]}]},{"@type":"BreadcrumbList","@id":"https:\/\/fittslawfirm.com\/es\/waston-grinding-and-manufacturing-explosion-information-houston-texas\/#breadcrumb","itemListElement":[{"@type":"ListItem","position":1,"name":"Home","item":"https:\/\/fittslawfirm.com\/es\/pagina-de-inicio\/"},{"@type":"ListItem","position":2,"name":"Beca del Bufete de Abogados Fitts para los afectados por huracanes"}]},{"@type":"WebSite","@id":"https:\/\/fittslawfirm.com\/#website","url":"https:\/\/fittslawfirm.com\/","name":"Fitts Law Firm","description":"Houston Texas Personal Injury and Insurance Attorney","publisher":{"@id":"https:\/\/fittslawfirm.com\/#organization"},"alternateName":"Houston Civil Litigation Firm","potentialAction":[{"@type":"SearchAction","target":{"@type":"EntryPoint","urlTemplate":"https:\/\/fittslawfirm.com\/?s={search_term_string}"},"query-input":{"@type":"PropertyValueSpecification","valueRequired":true,"valueName":"search_term_string"}}],"inLanguage":"es"},{"@type":"Organization","@id":"https:\/\/fittslawfirm.com\/#organization","name":"Fitts Law Firm","alternateName":"Houston Texas Personal Injury and Insurance Attorney","url":"https:\/\/fittslawfirm.com\/","logo":{"@type":"ImageObject","inLanguage":"es","@id":"https:\/\/fittslawfirm.com\/#\/schema\/logo\/image\/","url":"https:\/\/fittslawfirm.com\/wp-content\/uploads\/2023\/03\/Houston-Civil-Law-Firm.jpg","contentUrl":"https:\/\/fittslawfirm.com\/wp-content\/uploads\/2023\/03\/Houston-Civil-Law-Firm.jpg","width":300,"height":300,"caption":"Fitts Law Firm"},"image":{"@id":"https:\/\/fittslawfirm.com\/#\/schema\/logo\/image\/"},"sameAs":["https:\/\/www.facebook.com\/FittsLawFirm\/","https:\/\/www.youtube.com\/@fittslawfirm"]}]}},"_links":{"self":[{"href":"https:\/\/fittslawfirm.com\/es\/wp-json\/wp\/v2\/pages\/1317","targetHints":{"allow":["GET"]}}],"collection":[{"href":"https:\/\/fittslawfirm.com\/es\/wp-json\/wp\/v2\/pages"}],"about":[{"href":"https:\/\/fittslawfirm.com\/es\/wp-json\/wp\/v2\/types\/page"}],"author":[{"embeddable":true,"href":"https:\/\/fittslawfirm.com\/es\/wp-json\/wp\/v2\/users\/2"}],"replies":[{"embeddable":true,"href":"https:\/\/fittslawfirm.com\/es\/wp-json\/wp\/v2\/comments?post=1317"}],"version-history":[{"count":0,"href":"https:\/\/fittslawfirm.com\/es\/wp-json\/wp\/v2\/pages\/1317\/revisions"}],"wp:attachment":[{"href":"https:\/\/fittslawfirm.com\/es\/wp-json\/wp\/v2\/media?parent=1317"}],"curies":[{"name":"wp","href":"https:\/\/api.w.org\/{rel}","templated":true}]}}